{"id":257,"date":"2015-04-27T14:42:55","date_gmt":"2015-04-27T11:42:55","guid":{"rendered":"http:\/\/www.verkkovaria.fi\/kestavakehitys\/?page_id=257"},"modified":"2016-06-28T13:40:40","modified_gmt":"2016-06-28T10:40:40","slug":"arviointi","status":"publish","type":"page","link":"https:\/\/www.verkkovaria.fi\/kestavakehitys\/arviointi\/","title":{"rendered":"Arviointi"},"content":{"rendered":"<p><strong>Ymp\u00e4rist\u00f6osaaminen 1-3 osp<\/strong><\/p>\n<p>Sosiaalinen ja kulttuurinen osaaminen -tutkinnon osan Ymp\u00e4rist\u00f6osaaminen-sis\u00e4ll\u00f6n laajuus on 1-3 osaamispistett\u00e4. Sovi laajuus opettajan kanssa omalta kohdaltasi.\u00a0Opiskele\u00a0teemat sovitun laajuuden mukaisesti.<\/p>\n<p>Palauta vastauksesi teemoissa kerrotun ohjeen mukaisesti sovitulle oppimisalustalle sovittuihin m\u00e4\u00e4r\u00e4aikoihin menness\u00e4. Verkkototeutuksen lopuksi osallistut arviointikeskusteluun ja saat arvosanan (1-3).<\/p>\n<p><strong>Osaamistavoitteet (3 osp)<\/strong><\/p>\n<p>Ymp\u00e4rist\u00f6osaaminen on osa ammattitaitoa. Opiskelija perehtyy\u00a0ymp\u00e4rist\u00f6osaamisen keskeisiin k\u00e4sitteisiin kuten kest\u00e4v\u00e4 kehitys, ilmastonmuutos ja luonnon monimuotoisuus. Tutuksi tulevat my\u00f6s elinkaariajattelu, j\u00e4tteen synnyn ehk\u00e4isy ja energia- ja materiaalitehokkuus.<\/p>\n<p>Ymp\u00e4rist\u00f6osaamisen osaamistavoitteiden mukaan opiskelija\u00a0osaa noudattaa ymp\u00e4rist\u00f6lains\u00e4\u00e4d\u00e4nt\u00f6\u00e4 sek\u00e4 toimia oman alan laatu-, ymp\u00e4rist\u00f6- ja\u00a0turvallisuusj\u00e4rjestelmien ja kest\u00e4v\u00e4n kehityksen periaatteiden mukaisesti. Opiskelija\u00a0hallitsee ammattitaidon kannalta keskeisten tuotteiden elinkaaren, osaa\u00a0toimia luonnon monimuotoisuuden s\u00e4ilytt\u00e4en ja sopeutua ilmastonmuutokseen ty\u00f6- ja toimintatapavalinnoilla.<\/p>\n<p>Opiskelija osaa omassa toiminnassaan ottaa huomioon mahdolliset ymp\u00e4rist\u00f6vaikutukset, kuten p\u00e4\u00e4st\u00f6t\u00a0ilmaan, veteen tai maaper\u00e4\u00e4n sek\u00e4 edist\u00e4\u00e4 energia- ja materiaalitehokkuutta, ehk\u00e4ist\u00e4 j\u00e4tteiden synty\u00e4 ja\u00a0lajitella j\u00e4tteet ja hy\u00f6dynt\u00e4\u00e4 kierr\u00e4tyksen mahdollisuudet omalla alallaan.<\/p>\n<p>Ymp\u00e4rist\u00f6osaamisen opetussuunitelma (osaamistavoitteet ja osaamisen arviointi) l\u00f6ytyy ammatillisen perustutkinnon perusteiden Sosiaalinen ja kulttuurinen osaaminen -tutkinnon osasta: <a href=\"https:\/\/eperusteet.opintopolku.fi\/#\/fi\/esitys\/616\/ops\/tutkinnonosat\/24924#osaalue4833\" target=\"_blank\">Opintopolku, ePerusteet: Sosiaalinen ja kulttuurinen osaaminen.<\/a><\/p>\n","protected":false},"excerpt":{"rendered":"<p>Ymp\u00e4rist\u00f6osaaminen 1-3 osp Sosiaalinen ja kulttuurinen osaaminen -tutkinnon osan Ymp\u00e4rist\u00f6osaaminen-sis\u00e4ll\u00f6n laajuus on 1-3 osaamispistett\u00e4. Sovi laajuus opettajan kanssa omalta kohdaltasi.\u00a0Opiskele\u00a0teemat sovitun laajuuden mukaisesti. Palauta vastauksesi teemoissa kerrotun ohjeen mukaisesti sovitulle oppimisalustalle sovittuihin m\u00e4\u00e4r\u00e4aikoihin menness\u00e4. Verkkototeutuksen lopuksi osallistut arviointikeskusteluun ja saat arvosanan (1-3). Osaamistavoitteet (3 osp) Ymp\u00e4rist\u00f6osaaminen on osa ammattitaitoa. Opiskelija perehtyy\u00a0ymp\u00e4rist\u00f6osaamisen keskeisiin k\u00e4sitteisiin kuten kest\u00e4v\u00e4 &hellip; <a href=\"https:\/\/www.verkkovaria.fi\/kestavakehitys\/arviointi\/\">Continued<\/a><\/p>\n","protected":false},"author":1,"featured_media":0,"parent":0,"menu_order":0,"comment_status":"closed","ping_status":"closed","template":"","meta":{"footnotes":"","_links_to":"","_links_to_target":""},"class_list":["post-257","page","type-page","status-publish","hentry"],"_links":{"self":[{"href":"https:\/\/www.verkkovaria.fi\/kestavakehitys\/wp-json\/wp\/v2\/pages\/257","targetHints":{"allow":["GET"]}}],"collection":[{"href":"https:\/\/www.verkkovaria.fi\/kestavakehitys\/wp-json\/wp\/v2\/pages"}],"about":[{"href":"https:\/\/www.verkkovaria.fi\/kestavakehitys\/wp-json\/wp\/v2\/types\/page"}],"author":[{"embeddable":true,"href":"https:\/\/www.verkkovaria.fi\/kestavakehitys\/wp-json\/wp\/v2\/users\/1"}],"replies":[{"embeddable":true,"href":"https:\/\/www.verkkovaria.fi\/kestavakehitys\/wp-json\/wp\/v2\/comments?post=257"}],"version-history":[{"count":24,"href":"https:\/\/www.verkkovaria.fi\/kestavakehitys\/wp-json\/wp\/v2\/pages\/257\/revisions"}],"predecessor-version":[{"id":804,"href":"https:\/\/www.verkkovaria.fi\/kestavakehitys\/wp-json\/wp\/v2\/pages\/257\/revisions\/804"}],"wp:attachment":[{"href":"https:\/\/www.verkkovaria.fi\/kestavakehitys\/wp-json\/wp\/v2\/media?parent=257"}],"curies":[{"name":"wp","href":"https:\/\/api.w.org\/{rel}","templated":true}]}}