{"id":260,"date":"2015-04-27T14:43:45","date_gmt":"2015-04-27T11:43:45","guid":{"rendered":"http:\/\/www.verkkovaria.fi\/kestavakehitys\/?page_id=260"},"modified":"2017-10-04T10:17:10","modified_gmt":"2017-10-04T07:17:10","slug":"opiskeluprosessi","status":"publish","type":"page","link":"https:\/\/www.verkkovaria.fi\/kestavakehitys\/opiskeluprosessi\/","title":{"rendered":"Opiskeluprosessi"},"content":{"rendered":"<p><strong>Ymp\u00e4rist\u00f6osaava<\/strong><\/p>\n<p>Halutessasi opiskella Ymp\u00e4rist\u00f6osaava -verkkototeutuksen\u00a0ota yhteys opinto-ohjaajaan tai ryhm\u00e4nohjaajaan. Verkkototeutuksen varsinaisena vastuuopettajana toimii Paula Peitola (paula.peitola(a)eduvantaa.fi).<\/p>\n<p>Ymp\u00e4rist\u00f6osaaminen-sis\u00e4ll\u00f6n laajuus on 1-3 osp. 1 osaamispisteen saat opiskelemalla jokaisesta teemasta 1. kohdan. 2 osaamispistett\u00e4 saat opiskelemalla jokaisesta teemasta 1. ja 2. kohdan. Vastaavasti 3 osaamispistett\u00e4 saat opiskelemalla jokaisesta teemasta kaikki 3 kohtaa.<\/p>\n<p>Sovi opettajan kanssa aikataulusta ja laajuudesta.\u00a0Opiskeltuasi\u00a0kaikki teemat sovituilta osin, opettajasi antaa sinulle palautteen ja saat arvosanan (1-3).<\/p>\n<p>Ennen verkkototeutuksen aloittamista sovitte\u00a0opettajan kanssa mm.<\/p>\n<ul>\n<li>Teemojen aikatauluista<\/li>\n<li>K\u00e4ytett\u00e4v\u00e4st\u00e4\u00a0oppimisalustasta\/oppimisalustoista<\/li>\n<li>Ohjauksesta: mist\u00e4 tavoitat opettajan ja milloin<\/li>\n<\/ul>\n<p>&nbsp;<\/p>\n<p>Kun verkkototeutusta opiskelee\u00a0useampia opiskelijoita yht\u00e4 aikaa, osa teht\u00e4vist\u00e4\u00a0tehd\u00e4\u00e4n koko ryhm\u00e4n kanssa yhdess\u00e4. Muissa sis\u00e4ll\u00f6iss\u00e4 voit valita ty\u00f6skenteletk\u00f6 yksin, parin kanssa vai ryhm\u00e4ss\u00e4. Jos olet verkkototeutuksen ainoa opiskelija, teet kaikki sis\u00e4ll\u00f6t itse ilman ryhm\u00e4ty\u00f6t\u00e4.<\/p>\n<p><strong>K\u00e4ytt\u00f6ehdot ja l\u00e4hteet<\/strong><\/p>\n<ul>\n<li>Kun k\u00e4yt\u00e4t muiden kuvia\/netist\u00e4 ladattavia kuvia, muista kysy\u00e4 lupa\/tarkistaa k\u00e4ytt\u00f6ehdot, jotta k\u00e4yt\u00e4t vain luvallista materiaalia.<\/li>\n<li>Kun kuvaat itse, kysy kuvauslupa kohteelta\/ty\u00f6ss\u00e4oppimispaikastasi.<\/li>\n<li>Merkitse kuviin ja lainattuihin teksteihin l\u00e4hde, mist\u00e4 ne on lainattu\/kenen tuottamaa materiaali on.<\/li>\n<\/ul>\n<p><strong>Ymp\u00e4rist\u00f6osaava-verkkototeutuksen teemat:<\/strong><\/p>\n<ul>\n<li><a href=\"http:\/\/www.verkkovaria.fi\/kestavakehitys\/aloitus\/\" target=\"_blank\">Aloitus<\/a><\/li>\n<li><a href=\"http:\/\/www.verkkovaria.fi\/kestavakehitys\/teema-1-ihmisen-toiminnan-ymparistovaikutukset\/\" target=\"_blank\">Teema 1: Ihmisen toiminnan ymp\u00e4rist\u00f6vaikutukset<\/a><\/li>\n<li><a href=\"http:\/\/www.verkkovaria.fi\/kestavakehitys\/teema-2-tuotteen-elinkaari-ja-ymparistovaikutusten-mittarit\/\" target=\"_blank\">Teema 2: Tuotteen elinkaari ja ymp\u00e4rist\u00f6vaikutusten mittarit<\/a><\/li>\n<li><a href=\"http:\/\/www.verkkovaria.fi\/kestavakehitys\/teema-3-ilmastonmuutos\/\" target=\"_blank\">Teema 3:\u00a0Ilmastonmuutos<\/a><\/li>\n<li><a href=\"http:\/\/www.verkkovaria.fi\/kestavakehitys\/teema-4-energia-ja-materiaalitehokkuus\/\" target=\"_blank\">Teema 4: Energia- ja materiaalitehokkuus<\/a><\/li>\n<li><a href=\"http:\/\/www.verkkovaria.fi\/kestavakehitys\/teema-5-jatteen-synnyn-ehkaisy-lajittelu-ja-kierratys\/\" target=\"_blank\">Teema 5: J\u00e4tteen synnyn ehk\u00e4isy, lajittelu ja kierr\u00e4tys<\/a><\/li>\n<li><a href=\"http:\/\/www.verkkovaria.fi\/kestavakehitys\/teema-6-laatu-ymparisto-ja-turvallisuus\/\" target=\"_blank\">Teema 6: Laatu, ymp\u00e4rist\u00f6 ja turvallisuus<\/a><\/li>\n<li><a href=\"http:\/\/www.verkkovaria.fi\/kestavakehitys\/teema-6-laatu-ymparisto-ja-turvallisuus\/\" target=\"_blank\">Teema 6: Kest\u00e4v\u00e4 kehitys<\/a><\/li>\n<li><a href=\"http:\/\/www.verkkovaria.fi\/kestavakehitys\/yhteenveto\/\" target=\"_blank\">Yhteenveto<\/a><\/li>\n<\/ul>\n<p>\t\t\t\t<a href=\"https:\/\/www.flickr.com\/photos\/earthguardianangel\/12039791154\/in\/photolist-jkV5s7-biBzqB-bt6zCK-iGWnW5-7zvcKW-9UZPJB-7B9Asy-8CfC3S-9f7Tw7-8ya6q4-dKPtuc-eTL21N-rcJd1f-8yabzi-pAoCAZ-i4bEar-2RuA5s-GVSy3-azoLP8-7zrn58-6pfCAM-3gjo4S-ko4Rnn-e33dA7-tgPaW-8XBKmK-5w6mHR-5kMbnN-8b4zbL-ai89So-9tjLMw-drknTg-bLp8oi-6fGwgV-gfzHxT-8f6dKp-pa7hfF-9zBhtq-ippsa-7zvacU-iGVCvM-cGJg1N-bSBQBF-d2eK4h-nL3uCG-4UANB9-6P7GfS-bZFx9Y-cNT3qf-iZJ5https:\/\/www.flickr.com\/photos\/earthguardianangel\/12039791154\/in\/photolist-jkV5s7-biBzqB-bt6zCK-iGWnW5-7zvcKW-9UZPJB-7B9Asy-8CfC3S-9f7Tw7-8ya6q4-dKPtuc-eTL21N-rcJd1f-8yabzi-pAoCAZ-i4bEar-2RuA5s-GVSy3-azoLP8-7zrn58-6pfCAM-3gjo4S-ko4Rnn-e33dA7-tgPaW-8XBKmK-5w6mHR-5kMbnN-8b4zbL-ai89So-9tjLMw-drknTg-bLp8oi-6fGwgV-gfzHxT-8f6dKp-pa7hfF-9zBhtq-ippsa-7zvacU-iGVCvM-cGJg1N-bSBQBF-d2eK4h-nL3uCG-4UANB9-6P7GfS-bZFx9Y-cNT3qf-iZJ5Px\" target=\"_self\" itemprop=\"url\"><br \/>\n\t\t\t\t<img loading=\"lazy\" decoding=\"async\" src=\"http:\/\/www.verkkovaria.fi\/kestavakehitys\/wp-content\/uploads\/2015\/04\/12039791154_dd818119db_z.jpg\" alt=\"Earth Day (Kuva: Flickr 2014)\" itemprop=\"image\" height=\"480\" width=\"640\"  \/><br \/>\n\t\t\t\t<\/a><br \/>\n\t\tEarth Day (Kuva: Flickr 2014)<\/p>\n","protected":false},"excerpt":{"rendered":"<p>Ymp\u00e4rist\u00f6osaava Halutessasi opiskella Ymp\u00e4rist\u00f6osaava -verkkototeutuksen\u00a0ota yhteys opinto-ohjaajaan tai ryhm\u00e4nohjaajaan. Verkkototeutuksen varsinaisena vastuuopettajana toimii Paula Peitola (paula.peitola(a)eduvantaa.fi). Ymp\u00e4rist\u00f6osaaminen-sis\u00e4ll\u00f6n laajuus on 1-3 osp. 1 osaamispisteen saat opiskelemalla jokaisesta teemasta 1. kohdan. 2 osaamispistett\u00e4 saat opiskelemalla jokaisesta teemasta 1. ja 2. kohdan. Vastaavasti 3 osaamispistett\u00e4 saat opiskelemalla jokaisesta teemasta kaikki 3 kohtaa. Sovi opettajan kanssa aikataulusta ja laajuudesta.\u00a0Opiskeltuasi\u00a0kaikki &hellip; <a href=\"https:\/\/www.verkkovaria.fi\/kestavakehitys\/opiskeluprosessi\/\">Continued<\/a><\/p>\n","protected":false},"author":1,"featured_media":0,"parent":0,"menu_order":0,"comment_status":"closed","ping_status":"closed","template":"","meta":{"footnotes":"","_links_to":"","_links_to_target":""},"class_list":["post-260","page","type-page","status-publish","hentry"],"_links":{"self":[{"href":"https:\/\/www.verkkovaria.fi\/kestavakehitys\/wp-json\/wp\/v2\/pages\/260","targetHints":{"allow":["GET"]}}],"collection":[{"href":"https:\/\/www.verkkovaria.fi\/kestavakehitys\/wp-json\/wp\/v2\/pages"}],"about":[{"href":"https:\/\/www.verkkovaria.fi\/kestavakehitys\/wp-json\/wp\/v2\/types\/page"}],"author":[{"embeddable":true,"href":"https:\/\/www.verkkovaria.fi\/kestavakehitys\/wp-json\/wp\/v2\/users\/1"}],"replies":[{"embeddable":true,"href":"https:\/\/www.verkkovaria.fi\/kestavakehitys\/wp-json\/wp\/v2\/comments?post=260"}],"version-history":[{"count":30,"href":"https:\/\/www.verkkovaria.fi\/kestavakehitys\/wp-json\/wp\/v2\/pages\/260\/revisions"}],"predecessor-version":[{"id":829,"href":"https:\/\/www.verkkovaria.fi\/kestavakehitys\/wp-json\/wp\/v2\/pages\/260\/revisions\/829"}],"wp:attachment":[{"href":"https:\/\/www.verkkovaria.fi\/kestavakehitys\/wp-json\/wp\/v2\/media?parent=260"}],"curies":[{"name":"wp","href":"https:\/\/api.w.org\/{rel}","templated":true}]}}