{"id":464,"date":"2015-08-25T14:43:19","date_gmt":"2015-08-25T11:43:19","guid":{"rendered":"http:\/\/www.verkkovaria.fi\/kestavakehitys\/?page_id=464"},"modified":"2015-09-24T09:18:24","modified_gmt":"2015-09-24T06:18:24","slug":"opiskelijalle-2","status":"publish","type":"page","link":"https:\/\/www.verkkovaria.fi\/kestavakehitys\/opiskelijalle-2\/","title":{"rendered":"Opiskelijalle"},"content":{"rendered":"<p><strong>Tervetuloa ymp\u00e4rist\u00f6osaava-verkkototeutukseen!<\/strong><\/p>\n<p>Oppimisprosessi-sivulta l\u00f6ytyv\u00e4t verkkototeutuksen opiskelun yleiset ohjeet, arviointi-sivulla kerrotaan osaamistavoitteet ja teemojen alta l\u00f6ytyv\u00e4t tarkasteltavat ilmi\u00f6t ja tarkemmat ohjeet teemojen opiskeluun. \u00a0<\/p>\n","protected":false},"excerpt":{"rendered":"<p>Tervetuloa ymp\u00e4rist\u00f6osaava-verkkototeutukseen! Oppimisprosessi-sivulta l\u00f6ytyv\u00e4t verkkototeutuksen opiskelun yleiset ohjeet, arviointi-sivulla kerrotaan osaamistavoitteet ja teemojen alta l\u00f6ytyv\u00e4t tarkasteltavat ilmi\u00f6t ja tarkemmat ohjeet teemojen opiskeluun. \u00a0<\/p>\n","protected":false},"author":3,"featured_media":0,"parent":0,"menu_order":0,"comment_status":"closed","ping_status":"closed","template":"","meta":{"footnotes":"","_links_to":"","_links_to_target":""},"class_list":["post-464","page","type-page","status-publish","hentry"],"_links":{"self":[{"href":"https:\/\/www.verkkovaria.fi\/kestavakehitys\/wp-json\/wp\/v2\/pages\/464","targetHints":{"allow":["GET"]}}],"collection":[{"href":"https:\/\/www.verkkovaria.fi\/kestavakehitys\/wp-json\/wp\/v2\/pages"}],"about":[{"href":"https:\/\/www.verkkovaria.fi\/kestavakehitys\/wp-json\/wp\/v2\/types\/page"}],"author":[{"embeddable":true,"href":"https:\/\/www.verkkovaria.fi\/kestavakehitys\/wp-json\/wp\/v2\/users\/3"}],"replies":[{"embeddable":true,"href":"https:\/\/www.verkkovaria.fi\/kestavakehitys\/wp-json\/wp\/v2\/comments?post=464"}],"version-history":[{"count":8,"href":"https:\/\/www.verkkovaria.fi\/kestavakehitys\/wp-json\/wp\/v2\/pages\/464\/revisions"}],"predecessor-version":[{"id":736,"href":"https:\/\/www.verkkovaria.fi\/kestavakehitys\/wp-json\/wp\/v2\/pages\/464\/revisions\/736"}],"wp:attachment":[{"href":"https:\/\/www.verkkovaria.fi\/kestavakehitys\/wp-json\/wp\/v2\/media?parent=464"}],"curies":[{"name":"wp","href":"https:\/\/api.w.org\/{rel}","templated":true}]}}