{"id":509,"date":"2015-08-27T10:25:01","date_gmt":"2015-08-27T07:25:01","guid":{"rendered":"http:\/\/www.verkkovaria.fi\/kestavakehitys\/?page_id=509"},"modified":"2016-06-28T13:43:45","modified_gmt":"2016-06-28T10:43:45","slug":"aloitus","status":"publish","type":"page","link":"https:\/\/www.verkkovaria.fi\/kestavakehitys\/aloitus\/","title":{"rendered":"Aloitus"},"content":{"rendered":"<p><strong>Mit\u00e4 on ymp\u00e4rist\u00f6osaaminen? Millainen on ymp\u00e4rist\u00f6osaava ammattilainen?<\/strong><\/p>\n<p>Pohdi ja vastaa seuraaviin kysymyksiin sovitulle oppimisalustalle.<\/p>\n<ul>\n<li>Mit\u00e4 ymp\u00e4rist\u00f6osaaminen on sinun alallasi?<\/li>\n<li>Millaisia ymp\u00e4rist\u00f6osaamisen tietoja ja taitoja alallasi tarvitaan?<\/li>\n<li>Mit\u00e4 tied\u00e4t ja osaat jo nyt?<\/li>\n<li>Miksi valitsit ymp\u00e4rist\u00f6osaamisen tutkinnon osan?<\/li>\n<\/ul>\n<p>Voit vastata tekstill\u00e4, kaaviolla, miellekartalla, sarjakuvalla, videolla (maks. 4 min.) tai muulla valitsemallasi tavalla, kunhan pohdintasi ja tavoitteesi tulevat selv\u00e4ksi.<\/p>\n<p><em>Teht\u00e4v\u00e4n tarkoituksena on orientoitua ymp\u00e4rist\u00f6osaamisen sis\u00e4lt\u00f6ihin ja luoda henkil\u00f6kohtaisia tavoitteita.\u00a0<\/em><\/p>\n","protected":false},"excerpt":{"rendered":"<p>Mit\u00e4 on ymp\u00e4rist\u00f6osaaminen? Millainen on ymp\u00e4rist\u00f6osaava ammattilainen? Pohdi ja vastaa seuraaviin kysymyksiin sovitulle oppimisalustalle. Mit\u00e4 ymp\u00e4rist\u00f6osaaminen on sinun alallasi? Millaisia ymp\u00e4rist\u00f6osaamisen tietoja ja taitoja alallasi tarvitaan? Mit\u00e4 tied\u00e4t ja osaat jo nyt? Miksi valitsit ymp\u00e4rist\u00f6osaamisen tutkinnon osan? Voit vastata tekstill\u00e4, kaaviolla, miellekartalla, sarjakuvalla, videolla (maks. 4 min.) tai muulla valitsemallasi tavalla, kunhan pohdintasi ja tavoitteesi &hellip; <a href=\"https:\/\/www.verkkovaria.fi\/kestavakehitys\/aloitus\/\">Continued<\/a><\/p>\n","protected":false},"author":3,"featured_media":0,"parent":0,"menu_order":0,"comment_status":"closed","ping_status":"closed","template":"","meta":{"footnotes":"","_links_to":"","_links_to_target":""},"class_list":["post-509","page","type-page","status-publish","hentry"],"_links":{"self":[{"href":"https:\/\/www.verkkovaria.fi\/kestavakehitys\/wp-json\/wp\/v2\/pages\/509","targetHints":{"allow":["GET"]}}],"collection":[{"href":"https:\/\/www.verkkovaria.fi\/kestavakehitys\/wp-json\/wp\/v2\/pages"}],"about":[{"href":"https:\/\/www.verkkovaria.fi\/kestavakehitys\/wp-json\/wp\/v2\/types\/page"}],"author":[{"embeddable":true,"href":"https:\/\/www.verkkovaria.fi\/kestavakehitys\/wp-json\/wp\/v2\/users\/3"}],"replies":[{"embeddable":true,"href":"https:\/\/www.verkkovaria.fi\/kestavakehitys\/wp-json\/wp\/v2\/comments?post=509"}],"version-history":[{"count":9,"href":"https:\/\/www.verkkovaria.fi\/kestavakehitys\/wp-json\/wp\/v2\/pages\/509\/revisions"}],"predecessor-version":[{"id":805,"href":"https:\/\/www.verkkovaria.fi\/kestavakehitys\/wp-json\/wp\/v2\/pages\/509\/revisions\/805"}],"wp:attachment":[{"href":"https:\/\/www.verkkovaria.fi\/kestavakehitys\/wp-json\/wp\/v2\/media?parent=509"}],"curies":[{"name":"wp","href":"https:\/\/api.w.org\/{rel}","templated":true}]}}