{"id":527,"date":"2015-08-27T14:36:36","date_gmt":"2015-08-27T11:36:36","guid":{"rendered":"http:\/\/www.verkkovaria.fi\/kestavakehitys\/?page_id=527"},"modified":"2016-06-28T14:39:54","modified_gmt":"2016-06-28T11:39:54","slug":"teema-1-ihmisen-toiminnan-ymparistovaikutukset","status":"publish","type":"page","link":"https:\/\/www.verkkovaria.fi\/kestavakehitys\/teema-1-ihmisen-toiminnan-ymparistovaikutukset\/","title":{"rendered":"Teema 1: Ihmisen toiminnan ymp\u00e4rist\u00f6vaikutukset"},"content":{"rendered":"<p><strong>Ihmisen toiminnan ymp\u00e4rist\u00f6vaikutukset<\/strong><\/p>\n<p>Ihmisen toiminnalla on vaikutuksia ymp\u00e4rist\u00f6\u00f6n. Vaikutukset voivat olla positiivisia tai negatiivisia. Useimmiten ymp\u00e4rist\u00f6vaikutuksista puhuttaessa viitataan toiminnan aiheuttamiin haitallisiin vaikutuksiin kuten p\u00e4\u00e4st\u00f6ihin ilmaan, veteen tai maaper\u00e4\u00e4n. Ihminen my\u00f6s kuluttaa luonnonvaroja tuottaessaan tarvittavaa energiaa, ravintoa ja materiaaleja.\u00a0Ihminen on osa ymp\u00e4rist\u00f6\u00e4, joten muutokset ymp\u00e4rist\u00f6ss\u00e4 vaikuttavat my\u00f6s meihin.<\/p>\n<p><a title=\"By Nick Lott (Nicklott 19:57, 20 Apr 2005 (UTC)) (Own work) [CC BY 2.0 (http:\/\/creativecommons.org\/licenses\/by\/2.0)], via Wikimedia Commons\" href=\"https:\/\/commons.wikimedia.org\/wiki\/File%3ASwedish_Pine_Forest.jpg\"><img decoding=\"async\" src=\"https:\/\/upload.wikimedia.org\/wikipedia\/commons\/thumb\/a\/aa\/Swedish_Pine_Forest.jpg\/512px-Swedish_Pine_Forest.jpg\" alt=\"Swedish Pine Forest\" width=\"512\" \/><\/a><\/p>\n<p>M\u00e4ntymets\u00e4 (kuva: Nick Lott 2005, Wikimedia Commons, <a href=\"http:\/\/creativecommons.org\/licenses\/by\/2.0\" target=\"_blank\">CC BY 2.0<\/a>)<\/p>\n<p><strong>Haitalliset ymp\u00e4rist\u00f6vaikutukset eli ymp\u00e4rist\u00f6ongelmat<\/strong><\/p>\n<p>1. Mit\u00e4 haitallisia ymp\u00e4rist\u00f6vaikutuksia ihmisen toiminta aiheuttaa? Perehdy aiheeseen ja kootkaa yhdess\u00e4 koko ryhm\u00e4n yhteinen lyhyt esitys ymp\u00e4rist\u00f6ongelmista. Jokainen esittelee 1-2 ymp\u00e4rist\u00f6ongelmaa. Jos olet verkkototeutuksen ainoa osallistuja, teet koosteen yksin.<\/p>\n<p>Kertokaa jokaisesta valitusta ymp\u00e4rist\u00f6vaikutuksesta v\u00e4hint\u00e4\u00e4n seuraavat tiedot:<\/p>\n<ul>\n<li>Mik\u00e4 ymp\u00e4rist\u00f6vaikutus?<\/li>\n<li>Mik\u00e4 aiheuttaa?<\/li>\n<li>Mit\u00e4 seurauksia?<\/li>\n<li>Mieti liittyyk\u00f6 ymp\u00e4rist\u00f6ongelma omaan ammattialaasi suoraan tai ep\u00e4suorasti.<\/li>\n<\/ul>\n<p>Mieti ensin itse, etsi sen j\u00e4lkeen tietoa esimerkiksi seuraavien linkkien avulla:<\/p>\n<ul>\n<li><a href=\"http:\/\/www.ymparistoosaava.fi\/kone-ja-metalliala\/index.php?k=22564\" target=\"_blank\">Ymp\u00e4rist\u00f6osaava ammattilainen: ymp\u00e4rist\u00f6vaikutukset<\/a><\/li>\n<li><a href=\"https:\/\/www.yrityssuomi.fi\/ymparistovastuullinen-yritys\" target=\"_blank\">Yritys-Suomi: ymp\u00e4rist\u00f6vastuullinen yritys<\/a><\/li>\n<li><a href=\"http:\/\/www.ymparisto.fi\/fi-FI\/Ilmasto_ja_ilma\/Ilmansuojelu\" target=\"_blank\">Ymp\u00e4rist\u00f6hallinto: ilmansuojelu<\/a><\/li>\n<li><a href=\"http:\/\/www.ymparisto.fi\/fi-FI\/Ilmasto_ja_ilma\/Otsonikerroksen_suojelu\" target=\"_blank\">Ymp\u00e4rist\u00f6hallinto: otsonikerroksen suojelu<\/a><\/li>\n<li><a href=\"http:\/\/ilmasto-opas.fi\/fi\/ilmastonmuutos\/ilmio\" target=\"_blank\">Ilmasto-opas.fi: ilmastonmuutos<\/a><\/li>\n<li><a href=\"http:\/\/www.ym.fi\/fi-FI\/Luonto\/Luonnon_monimuotoisuus\" target=\"_blank\">Ymp\u00e4rist\u00f6ministeri\u00f6: luonnon monimuotoisuus<\/a><\/li>\n<li><a href=\"http:\/\/www.ymparisto.fi\/fi-FI\/Luonto\/Lajit\/Lajiensuojelutyo\" target=\"_blank\">Ymp\u00e4rist\u00f6hallinto: lajiensuojeluty\u00f6<\/a><\/li>\n<li><a href=\"http:\/\/www.metsa.fi\/luonnonsuojelu-ja-hoito\" target=\"_blank\">Mets\u00e4hallitus: luonnonsuojelu ja -hoito<\/a><\/li>\n<li><a href=\"http:\/\/wwf.fi\/uhat\/lajien-katoaminen\/\" target=\"_blank\">WWF: lajien katoaminen<\/a><\/li>\n<li><a href=\"http:\/\/www.ymparisto.fi\/fi-FI\/Kulutus_ja_tuotanto\/Kemikaalien_ymparistoriskit\" target=\"_blank\">Ymp\u00e4rist\u00f6hallinto: kemikaalit<\/a><\/li>\n<li><a href=\"http:\/\/www.tukes.fi\/fi\/Kuluttajille\/Kemikaalit-aineryhmittain\/\" target=\"_blank\">Turvallisuus- ja kemikaalivirasto (Tukes): kemikaalit<\/a><\/li>\n<li><a href=\"https:\/\/www.thl.fi\/fi\/web\/ymparistoterveys\/ymparistomyrkyt\" target=\"_blank\">Terveyden ja hyvinvoinnin laitos (THL): ymp\u00e4rist\u00f6myrkyt<\/a><\/li>\n<li><a href=\"http:\/\/wwf.fi\/alueet\/itameri\/rehevoityminen\/\" target=\"_blank\">WWF: It\u00e4meren rehev\u00f6ityminen<\/a><\/li>\n<li><a href=\"http:\/\/www.ymparisto.fi\/fi-FI\/Vesi\/Vesistojen_kunnostus\/Jarvien_kunnostus\/Kunnostustarvetta_aiheuttavia_tekijoita\/Rehevoityminen\" target=\"_blank\">Ymp\u00e4rist\u00f6hallinto: j\u00e4rven rehev\u00f6ityminen<\/a><\/li>\n<li><a href=\"http:\/\/www.ymparisto.fi\/fi-FI\/Vesi\/Vesistojen_kunnostus\/Virtavesien_kunnostus\/Kunnostustarvetta_aiheuttavia_tekijoita\/Happamoituminen\" target=\"_blank\">Ymp\u00e4rist\u00f6hallinto: happamoituminen<\/a><\/li>\n<li><a href=\"http:\/\/ilmasto-opas.fi\/fi\/ilmastonmuutos\/videot-ja-visualisoinnit\/-\/artikkeli\/ee5cea58-58f6-477d-8670-18aff21a1bb2\/video-merien-happamoituminen.html\" target=\"_blank\">Ilmasto-opas.fi: Video: happamoituminen<\/a><\/li>\n<li><a href=\"http:\/\/www.ym.fi\/fi-FI\/Kansainvalinen_yhteistyo\/Arktisen_ja_Barentsin_alueen_yhteistyo\/Arktiset_meret_happamoituvat(10091)\" target=\"_blank\">Ymp\u00e4rist\u00f6ministeri\u00f6: arktiset meret happamoituvat<\/a><\/li>\n<li><a href=\"http:\/\/www.ymparisto.fi\/fi-fi\/Elinymparisto_ja_kaavoitus\/Elinymparisto\/Melu\">Ymp\u00e4rist\u00f6hallinto: melu<\/a><\/li>\n<li><a href=\"http:\/\/www.ym.fi\/fi-FI\/Ajankohtaista\/Julkaisut\/Ymparistolehti\/2013\/Haittavalo_hallintaan(27724)\" target=\"_blank\">Ymp\u00e4rist\u00f6ministeri\u00f6: haittavalo hallintaan<\/a><\/li>\n<\/ul>\n<p>Esitys voi olla kirjoitus, taulukko, k\u00e4sitekartta tms. Palauttakaa se sovitulle oppimisalustalle m\u00e4\u00e4r\u00e4aikaan menness\u00e4.<\/p>\n<p><strong>Luonnon monimuotoisuuden v\u00e4heneminen<\/strong><\/p>\n<p>2. Valitse seuraavista kysymyksist\u00e4 1-3 kpl ja pohdi luonnon monimuotoisuuden v\u00e4henemist\u00e4 vastaamalla niihin.\u00a0Voit halutessasi\u00a0keksi\u00e4\u00a0kysymykset my\u00f6s itse:<\/p>\n<ul>\n<li>Mit\u00e4 on luonnon monimuotoisuus?<\/li>\n<li>Mit\u00e4 ovat uhanalaiset luontotyypit ja lajit Suomessa tai maailmanlaajuisesti? (Voit esimerkiksi keskitty\u00e4 johonkin lajiin\/luontotyyppiin.)<\/li>\n<li>Mik\u00e4 on monimuotoisuuden tila Etel\u00e4-Suomessa Radio H\u00e4meen ohjelman mukaan?\u00a0<a href=\"http:\/\/areena.yle.fi\/1-2249878\" target=\"_blank\">Yle Areena Radio: Yle H\u00e4me selvitt\u00e4\u00e4 luonnon tilaa ja k\u00f6yhtymist\u00e4 (6 min.)<\/a><\/li>\n<li>Miksi monimuotoisuus on t\u00e4rke\u00e4\u00e4 luonnon n\u00e4k\u00f6kulmasta?<\/li>\n<li>Miksi monimuotoisuus on t\u00e4rke\u00e4\u00e4 ihmisen n\u00e4k\u00f6kulmasta?<\/li>\n<li>Mit\u00e4 ovat ekosysteemipalvelut?<\/li>\n<li>Mitk\u00e4 seikat uhkaavat luonnon monimuotoisuutta (mm. aiemmin pohditut ymp\u00e4rist\u00f6ongelmat)?<\/li>\n<li>Onko paikallisella kulutuksella globaaleja vaikutuksia?<\/li>\n<li>Kuinka monimuotoisuuden v\u00e4henemist\u00e4 pyrit\u00e4\u00e4n hidastamaan?<\/li>\n<li>Mit\u00e4 Korkeasaaren entinen johtaja Jukka Salo kertoo monimuotoisuudesta?\u00a0<a href=\"http:\/\/areena.yle.fi\/1-1179399\" target=\"_blank\">Yle Areena radio: Luonnon monimuotoisuuden j\u00e4ljill\u00e4 (24 min.<\/a>)<\/li>\n<\/ul>\n<p>Vastaa perusteellisesti yhteen kysymykseen tai lyhemmin useampaan kysymykseen. Palauta esitys sovitulle oppimisalustalle.\u00a0Voit vastata tekstill\u00e4, kaaviolla, miellekartalla, sarjakuvalla, videolla (maks. 4 min.) tai muulla valitsemallasi tavalla, kunhan n\u00e4k\u00f6kulmasi ja pohdintasi tulevat selv\u00e4ksi.<\/p>\n<p><strong>Ymp\u00e4rist\u00f6nsuojelulaki<\/strong><\/p>\n<p>Ymp\u00e4rist\u00f6nsuojelulain tarkoituksena on s\u00e4\u00e4dell\u00e4 ihmisen toimintaa, josta aiheutuu tai saattaa aiheutua ymp\u00e4rist\u00f6n pilaantumista.<\/p>\n<p>3. Tutustu ymp\u00e4rist\u00f6nsuojelulakiin (<a href=\"http:\/\/www.finlex.fi\/fi\/laki\/ajantasa\/2014\/20140527?search%5Btype%5D=pika&amp;search%5Bpika%5D=ymp\u00e4rist\u00f6nsuojelulaki\" target=\"_blank\">www.finlex.fi: ymp\u00e4rist\u00f6nsuojelulaki<\/a>) ja laadi siit\u00e4 tiivis tietoisku oman alasi opiskelijalle tai ty\u00f6ntekij\u00e4lle. Kerro tietoiskussa ymp\u00e4rist\u00f6suojelulaista ja sen tarkoituksesta.<\/p>\n<ul>\n<li>Kerro omin sanoin lain tarkoitus.<\/li>\n<li>Mill\u00e4 tavoin lailla pyrit\u00e4\u00e4n s\u00e4\u00e4telem\u00e4\u00e4n ihmisen toimintaa?<\/li>\n<li>Onko lailla pyritty vaikuttamaan alun ryhm\u00e4teht\u00e4v\u00e4ss\u00e4 esiteltyihin ymp\u00e4rist\u00f6ongelmiin?<\/li>\n<li>L\u00f6yd\u00e4tk\u00f6 yhteytt\u00e4 omaan ammattialaasi?<\/li>\n<li>Mitk\u00e4 muut lait liittyv\u00e4t ymp\u00e4rist\u00f6n tilan turvaamiseen?<\/li>\n<\/ul>\n<p>Palauta esitys sovitulle oppimisalustalle.\u00a0Voit laatia tietoiskun haluamallasi tavalla (teksti, kaavio, juliste, miellekartta, sarjakuva, video (maks. 4 min.) tms.).<\/p>\n<p>&nbsp;<\/p>\n<p><em>Teeman tavoitteena on perehty\u00e4 ihmisen toiminnan ymp\u00e4rist\u00f6vaikutuksiin, ymp\u00e4rist\u00f6ongelmiin ja niiden syihin, luonnon monimuotoisuuteen ja sen v\u00e4henemisen seurauksiin sek\u00e4 ymp\u00e4rist\u00f6nsuojelulakiin.\u00a0<\/em><\/p>\n","protected":false},"excerpt":{"rendered":"<p>Ihmisen toiminnan ymp\u00e4rist\u00f6vaikutukset Ihmisen toiminnalla on vaikutuksia ymp\u00e4rist\u00f6\u00f6n. Vaikutukset voivat olla positiivisia tai negatiivisia. Useimmiten ymp\u00e4rist\u00f6vaikutuksista puhuttaessa viitataan toiminnan aiheuttamiin haitallisiin vaikutuksiin kuten p\u00e4\u00e4st\u00f6ihin ilmaan, veteen tai maaper\u00e4\u00e4n. Ihminen my\u00f6s kuluttaa luonnonvaroja tuottaessaan tarvittavaa energiaa, ravintoa ja materiaaleja.\u00a0Ihminen on osa ymp\u00e4rist\u00f6\u00e4, joten muutokset ymp\u00e4rist\u00f6ss\u00e4 vaikuttavat my\u00f6s meihin. M\u00e4ntymets\u00e4 (kuva: Nick Lott 2005, Wikimedia Commons, CC &hellip; <a href=\"https:\/\/www.verkkovaria.fi\/kestavakehitys\/teema-1-ihmisen-toiminnan-ymparistovaikutukset\/\">Continued<\/a><\/p>\n","protected":false},"author":3,"featured_media":0,"parent":0,"menu_order":0,"comment_status":"closed","ping_status":"closed","template":"","meta":{"footnotes":"","_links_to":"","_links_to_target":""},"class_list":["post-527","page","type-page","status-publish","hentry"],"_links":{"self":[{"href":"https:\/\/www.verkkovaria.fi\/kestavakehitys\/wp-json\/wp\/v2\/pages\/527","targetHints":{"allow":["GET"]}}],"collection":[{"href":"https:\/\/www.verkkovaria.fi\/kestavakehitys\/wp-json\/wp\/v2\/pages"}],"about":[{"href":"https:\/\/www.verkkovaria.fi\/kestavakehitys\/wp-json\/wp\/v2\/types\/page"}],"author":[{"embeddable":true,"href":"https:\/\/www.verkkovaria.fi\/kestavakehitys\/wp-json\/wp\/v2\/users\/3"}],"replies":[{"embeddable":true,"href":"https:\/\/www.verkkovaria.fi\/kestavakehitys\/wp-json\/wp\/v2\/comments?post=527"}],"version-history":[{"count":28,"href":"https:\/\/www.verkkovaria.fi\/kestavakehitys\/wp-json\/wp\/v2\/pages\/527\/revisions"}],"predecessor-version":[{"id":811,"href":"https:\/\/www.verkkovaria.fi\/kestavakehitys\/wp-json\/wp\/v2\/pages\/527\/revisions\/811"}],"wp:attachment":[{"href":"https:\/\/www.verkkovaria.fi\/kestavakehitys\/wp-json\/wp\/v2\/media?parent=527"}],"curies":[{"name":"wp","href":"https:\/\/api.w.org\/{rel}","templated":true}]}}