{"id":552,"date":"2015-08-28T09:19:03","date_gmt":"2015-08-28T06:19:03","guid":{"rendered":"http:\/\/www.verkkovaria.fi\/kestavakehitys\/?page_id=552"},"modified":"2015-10-09T15:25:27","modified_gmt":"2015-10-09T12:25:27","slug":"yhteenveto","status":"publish","type":"page","link":"https:\/\/www.verkkovaria.fi\/kestavakehitys\/yhteenveto\/","title":{"rendered":"Yhteenveto"},"content":{"rendered":"<p><strong>Mit\u00e4 on ymp\u00e4rist\u00f6osaaminen? Millainen on ymp\u00e4rist\u00f6osaava ammattilainen?<\/strong><\/p>\n<p>Pohdi seuraavia aiheita opettajan kanssa k\u00e4yt\u00e4v\u00e4n palautekeskustelun pohjaksi, kirjaa vastauksesi itsellesi yl\u00f6s.<\/p>\n<ul>\n<li>Tarkastele aloituksessa pohtimiasi asioita: Muuttiko verkkototeutuksen tekeminen ajatuksiasi?<\/li>\n<li>Mit\u00e4 uutta opit? (ymp\u00e4rist\u00f6osaamisesta, itsest\u00e4si opiskelijana, yhteis\u00f6llisest\u00e4 tekemisest\u00e4 jne.)<\/li>\n<li>Mik\u00e4 j\u00e4i ep\u00e4selv\u00e4ksi?<\/li>\n<li>Mit\u00e4 haluaisit tulevaisuudessa oppia ymp\u00e4rist\u00f6osaamisesta?<\/li>\n<li>Miten ymp\u00e4rist\u00f6osaava verkkototeutus ja sen teemat toimivat ymp\u00e4rist\u00f6asioiden oppimisessa sinulla?<\/li>\n<li>Jos et ollut verkkototeutuksen ainoa osallistuja, arvioi omaa osallistumistasi ryhm\u00e4ty\u00f6skentelyyn.<\/li>\n<\/ul>\n<p>\u00a0<\/p>\n<p><em>Teht\u00e4v\u00e4n tarkoituksena on arvioida omaa ty\u00f6skentely\u00e4 ja opiskeluprosessia.<\/em><\/p>\n","protected":false},"excerpt":{"rendered":"<p>Mit\u00e4 on ymp\u00e4rist\u00f6osaaminen? Millainen on ymp\u00e4rist\u00f6osaava ammattilainen? Pohdi seuraavia aiheita opettajan kanssa k\u00e4yt\u00e4v\u00e4n palautekeskustelun pohjaksi, kirjaa vastauksesi itsellesi yl\u00f6s. Tarkastele aloituksessa pohtimiasi asioita: Muuttiko verkkototeutuksen tekeminen ajatuksiasi? Mit\u00e4 uutta opit? (ymp\u00e4rist\u00f6osaamisesta, itsest\u00e4si opiskelijana, yhteis\u00f6llisest\u00e4 tekemisest\u00e4 jne.) Mik\u00e4 j\u00e4i ep\u00e4selv\u00e4ksi? Mit\u00e4 haluaisit tulevaisuudessa oppia ymp\u00e4rist\u00f6osaamisesta? Miten ymp\u00e4rist\u00f6osaava verkkototeutus ja sen teemat toimivat ymp\u00e4rist\u00f6asioiden oppimisessa sinulla? Jos &hellip; <a href=\"https:\/\/www.verkkovaria.fi\/kestavakehitys\/yhteenveto\/\">Continued<\/a><\/p>\n","protected":false},"author":3,"featured_media":0,"parent":0,"menu_order":0,"comment_status":"closed","ping_status":"closed","template":"","meta":{"footnotes":"","_links_to":"","_links_to_target":""},"class_list":["post-552","page","type-page","status-publish","hentry"],"_links":{"self":[{"href":"https:\/\/www.verkkovaria.fi\/kestavakehitys\/wp-json\/wp\/v2\/pages\/552","targetHints":{"allow":["GET"]}}],"collection":[{"href":"https:\/\/www.verkkovaria.fi\/kestavakehitys\/wp-json\/wp\/v2\/pages"}],"about":[{"href":"https:\/\/www.verkkovaria.fi\/kestavakehitys\/wp-json\/wp\/v2\/types\/page"}],"author":[{"embeddable":true,"href":"https:\/\/www.verkkovaria.fi\/kestavakehitys\/wp-json\/wp\/v2\/users\/3"}],"replies":[{"embeddable":true,"href":"https:\/\/www.verkkovaria.fi\/kestavakehitys\/wp-json\/wp\/v2\/comments?post=552"}],"version-history":[{"count":5,"href":"https:\/\/www.verkkovaria.fi\/kestavakehitys\/wp-json\/wp\/v2\/pages\/552\/revisions"}],"predecessor-version":[{"id":773,"href":"https:\/\/www.verkkovaria.fi\/kestavakehitys\/wp-json\/wp\/v2\/pages\/552\/revisions\/773"}],"wp:attachment":[{"href":"https:\/\/www.verkkovaria.fi\/kestavakehitys\/wp-json\/wp\/v2\/media?parent=552"}],"curies":[{"name":"wp","href":"https:\/\/api.w.org\/{rel}","templated":true}]}}