{"id":593,"date":"2015-09-04T12:19:36","date_gmt":"2015-09-04T09:19:36","guid":{"rendered":"http:\/\/www.verkkovaria.fi\/kestavakehitys\/?page_id=593"},"modified":"2016-06-28T14:51:53","modified_gmt":"2016-06-28T11:51:53","slug":"teema-3-ilmastonmuutos","status":"publish","type":"page","link":"https:\/\/www.verkkovaria.fi\/kestavakehitys\/teema-3-ilmastonmuutos\/","title":{"rendered":"Teema 3: Ilmastonmuutos"},"content":{"rendered":"<p><strong>Ilmastonmuutos<\/strong><\/p>\n<p>Maan ilmakeh\u00e4 p\u00e4\u00e4st\u00e4\u00e4 auringon s\u00e4teilyn maan pinnalle ja est\u00e4\u00e4 l\u00e4mp\u00f6s\u00e4teilyn karkaamisen avaruuteen. T\u00e4m\u00e4 kasvihuoneilmi\u00f6 mahdollistaa el\u00e4m\u00e4n maapallolla. Ilmastonmuutoksella tarkoitetaan ihmisen toiminnan aiheuttamaa kasvihuoneilmi\u00f6n voimistumista maapallolla. Ihmistoiminnan vaikutuksesta ilmakeh\u00e4n kasvihuonekaasupitoisuudet nousevat liikaa ja ilmasto l\u00e4mpenee.<\/p>\n<p>Perustietoa ilmastonmuutoksesta l\u00f6ytyy esimerkiksi Ilmasto-opas.fi -internetsivuilta:<\/p>\n<ul>\n<li><a href=\"http:\/\/ilmasto-opas.fi\/fi\/ilmastonmuutos\/videot-ja-visualisoinnit\/-\/artikkeli\/49981bb7-85c3-4044-84e7-19e066795f5d\/tietoiskuvideot-ilmastonmuutoksesta.html\" target=\"_blank\">Ilmasto-opas: Tietoiskuvideot ilmastonmuutoksesta<\/a><\/li>\n<\/ul>\n<p>\t\t\t\t<a href=\"https:\/\/pixabay.com\/fi\/kasvihuoneilmi%C3%B6-ekologia-146552\/\" target=\"_blank\" itemprop=\"url\"><br \/>\n\t\t\t\t<img decoding=\"async\" src=\"http:\/\/www.verkkovaria.fi\/kestavakehitys\/wp-content\/uploads\/2015\/09\/greenhouse-effect-146552_1280.png\" alt=\"Kasvihuoneilmi\u00f6\n(kuva: Pixabay 2015)\" itemprop=\"image\"  \/><br \/>\n\t\t\t\t<\/a><br \/>\n\t\tKasvihuoneilmi\u00f6<br \/>\n(kuva: Pixabay 2015)<\/p>\n<p><strong>Ilmastonmuutoksen vaikutukset ja hillint\u00e4<\/strong><\/p>\n<p>1. Etsi tietoa ilmastonmuutoksesta, sen <strong>vaikutuksista ja hillinn\u00e4st\u00e4<\/strong>. Mit\u00e4 uhkia, mahdollisuuksia ja muutospaineita ilmastonmuutos (soputuminen ja hillint\u00e4) aiheuttaa omalla ammattialallasi? Kootkaa yhdess\u00e4 ainakin kuusi tietoiskua esimerkiksi seuraavista aiheista:<\/p>\n<ul>\n<li>ilmastonmuutos ja energian tuotanto<\/li>\n<li>ilmastonmuutos ja energian k\u00e4ytt\u00f6<\/li>\n<li>ilmastonmuutos ja l\u00e4mmitys<\/li>\n<li>ilmastonmuutos ja ravinto<\/li>\n<li>ilmastonmuutos ja vesi<\/li>\n<li>ilmastonmuutos ja liikkuminen<\/li>\n<li>ilmaston muutos ja teollinen tuotanto<\/li>\n<li>ilmastonmuutos ja luonnon monimuotoisuus<\/li>\n<li>ilmastonmuutos ja matkailu<\/li>\n<\/ul>\n<p>Palauttakaa tietoiskut sovitulle oppimisalustalle m\u00e4\u00e4r\u00e4aikaan menness\u00e4. Jos olet verkkototeutuksen ainoa osallistuja, tee kaksi tietoiskua.<\/p>\n<p>Voit etsi\u00e4 tietoa esim. n\u00e4ist\u00e4 linkeist\u00e4:<\/p>\n<ul>\n<li><a href=\"http:\/\/ilmasto-opas.fi\/fi\/ilmastonmuutos\/vaikutukset\" target=\"_blank\">Ilmasto-opas.fi: ilmastonmuutoksen vaikutukset<\/a><\/li>\n<li><a href=\"http:\/\/ilmasto-opas.fi\/fi\/ilmastonmuutos\/videot-ja-visualisoinnit\/-\/artikkeli\/b4df9633-7e1f-4389-9dd0-a0539588f211\/visualisoinnit.html#vaikutusartikkelit\" target=\"_blank\">Ilmasto-opas.fi: ilmastonmuutoksen vaikutukset, artikkelit<\/a><\/li>\n<li><a href=\"http:\/\/ilmasto-opas.fi\/fi\/ilmastonmuutos\/hillinta\" target=\"_blank\">Ilmasto-opas.fi: ilmastonmuutoksen hillint\u00e4<\/a><\/li>\n<li><a href=\"http:\/\/www.sll.fi\/mita-me-teemme\/ilmasto\/ilmastonmuutos-ja-luonto\" target=\"_blank\">Suomen luonnonsuojeluliitto: Ilmastonmuutos ja luonto<\/a><\/li>\n<li><a href=\"http:\/\/www.sll.fi\/mita-me-teemme\/ilmasto\/ilmastonmuutos-ja-kehitys\" target=\"_blank\">Suomen luonnonsuojeluliitto: ilmastonmuutos ja kehitys<\/a><\/li>\n<li><a href=\"http:\/\/www.ymparisto.fi\/fi-FI\/Ilmasto_ja_ilma\/Ilmastonmuutoksen_hillinta\" target=\"_blank\">Ymp\u00e4rist\u00f6hallinto: ilmastonmuutoksen hillint\u00e4<\/a><\/li>\n<li><a href=\"http:\/\/www.ymparisto.fi\/fi-FI\/Ilmasto_ja_ilma\/Ilmastonmuutokseen_sopeutuminen\" target=\"_blank\">Ymp\u00e4rist\u00f6hallinto: ilmastonmuutokseen sopeutuminen<\/a><\/li>\n<li><a href=\"http:\/\/www.ymparisto.fi\/fi-FI\/Ilmasto_ja_ilma\/Ilmastonmuutoksen_vaikutukset\" target=\"_blank\">Ymp\u00e4rist\u00f6hallinto: ilmastonmuutoksen vaikutukset<\/a><\/li>\n<li><a href=\"http:\/\/oppiminen.yle.fi\/yhteinen-ymp%C3%A4risto\/suomen-ilmasto-muuttuu?ref=leiki-op\" target=\"_blank\">Yle oppiminen: Suomen ilmasto muuttuu -videoita<\/a><\/li>\n<\/ul>\n<p>&nbsp;<\/p>\n<p><strong>Ilmastonmuutoksen hillint\u00e4 ja sopeutuminen ilmastonmuutokseen<\/strong><\/p>\n<p>2. Lue muutamia artikkeleja esimerkiksi Yle uutisten ilmastonmuutos -sivulta (<a href=\"http:\/\/yle.fi\/uutiset\/ilmastonmuutos\/\" target=\"_blank\">Yle uutiset: ilmastonmuutos<\/a>), <a href=\"http:\/\/www.klimaatti.fi\" target=\"_blank\">verkkolehti Klimaatista<\/a> tai oman ammattialasi lehdist\u00e4. Valitse itse\u00e4si kiinnostava ja mahdollisesti omaan alaasi liittyv\u00e4 artikkeli. Esittele\u00a0artikkeli vastaten alla oleviin kohtiin esimerkiksi kirjallisesti tai lyhyell\u00e4 videolla (maks. 4 min.). Jos luet artikkeleja parin kanssa tai ryhm\u00e4ss\u00e4, valitkaa esitelt\u00e4v\u00e4ksi yht\u00e4 monta artikkelia kuin teit\u00e4 on.<\/p>\n<ul>\n<li>Kerro lyhyesti mist\u00e4 artikkeli kertoi.<\/li>\n<li>Miten aihe liittyy ilmastonmuutokseen?<\/li>\n<li>Tarjoaako artikkeli ratkaisuehdotuksen ilmastonmuutoksen hillitsemiseen tai siihen sopeutumiseen? Mink\u00e4?<\/li>\n<li>Onko artikkelin tieto hy\u00f6dyllinen tai mielenkiintoinen alasi n\u00e4k\u00f6kulmasta? Miten?<\/li>\n<li>Millainen voisi olla tulevaisuuden maailma artikkelin n\u00e4k\u00f6kulmasta?<\/li>\n<\/ul>\n<p>Palauta vastauksesi sovitulle oppimisalustalle \u00a0ja kommentoi ainakin kahden muun opiskelijan ty\u00f6t\u00e4. Kommentoi sis\u00e4lt\u00f6\u00e4 oman ammattialasi n\u00e4k\u00f6kulmasta, mit\u00e4 hy\u00f6dyllist\u00e4 tietoa saat ilmastonmuutoksen hillitsemisest\u00e4 tai siihen sopeutumisesta. Jos olet verkkototeutuksen ainoa osallistuja, kommentointia ei tarvitse tehd\u00e4.<\/p>\n<p><strong>Hiilineutraali yhteiskunta<\/strong><\/p>\n<p>3. Millainen on hiilineutraali yhteiskunta. Tee esitys siit\u00e4, mit\u00e4 oman ammattialasi hiilineutraalius voisi tarkoittaa nykymaailmassa. Pohdi my\u00f6s mit\u00e4 se voisi olla tulevaisuudessa.<\/p>\n<p>Tietoa l\u00f6yd\u00e4t esimerkiksi seuraavista linkeist\u00e4:<\/p>\n<ul>\n<li><a href=\"http:\/\/www.ilmastopaneeli.fi\/uploads\/selvitykset_lausunnot\/Hiilineutraalisuus_taustaraportit_2014.pdf\" target=\"_blank\">Ilmastopaneeli: kohti hiilineutraalia yhteiskuntaa<\/a><\/li>\n<li><a href=\"http:\/\/sitoumus2050.fi\" target=\"_blank\">Sitoumus2050.fi: kest\u00e4v\u00e4n kehityksen toimenpidesitoumukset<\/a><\/li>\n<li><a href=\"http:\/\/ilmasto.org\/video-eri-puolilla-maailmaa-ratkaistaan-ilmastonmuutosta-jo-monin-tavoin\" target=\"_blank\">Ilmasto.org: Video: esimerkkej\u00e4 ilmastonmuutoksen hillinn\u00e4st\u00e4 eri puolilta maailmaa<\/a><\/li>\n<li>oman alasi yritysten asiantuntijoilta tai yritysten internetsivuilta<\/li>\n<\/ul>\n<p>Palauta esitys sovitulle oppimisalustalle.\u00a0Voit laatia sen haluamallasi tavalla (teksti, kaavio, juliste, miellekartta, sarjakuva, video (maks. 4 min.) tms.).<\/p>\n<p>&nbsp;<\/p>\n<p><em>Teeman tavoitteena on syvent\u00e4\u00e4 k\u00e4sityst\u00e4 ilmastonmuutoksesta, sen vaikutuksista ja hillitsemisest\u00e4 sek\u00e4 perehty\u00e4\u00a0keinoihin sopeutua ilmastonmuutokseen.<\/em><\/p>\n","protected":false},"excerpt":{"rendered":"<p>Ilmastonmuutos Maan ilmakeh\u00e4 p\u00e4\u00e4st\u00e4\u00e4 auringon s\u00e4teilyn maan pinnalle ja est\u00e4\u00e4 l\u00e4mp\u00f6s\u00e4teilyn karkaamisen avaruuteen. T\u00e4m\u00e4 kasvihuoneilmi\u00f6 mahdollistaa el\u00e4m\u00e4n maapallolla. Ilmastonmuutoksella tarkoitetaan ihmisen toiminnan aiheuttamaa kasvihuoneilmi\u00f6n voimistumista maapallolla. Ihmistoiminnan vaikutuksesta ilmakeh\u00e4n kasvihuonekaasupitoisuudet nousevat liikaa ja ilmasto l\u00e4mpenee. Perustietoa ilmastonmuutoksesta l\u00f6ytyy esimerkiksi Ilmasto-opas.fi -internetsivuilta: Ilmasto-opas: Tietoiskuvideot ilmastonmuutoksesta Kasvihuoneilmi\u00f6 (kuva: Pixabay 2015) Ilmastonmuutoksen vaikutukset ja hillint\u00e4 1. Etsi tietoa &hellip; <a href=\"https:\/\/www.verkkovaria.fi\/kestavakehitys\/teema-3-ilmastonmuutos\/\">Continued<\/a><\/p>\n","protected":false},"author":3,"featured_media":0,"parent":0,"menu_order":0,"comment_status":"closed","ping_status":"closed","template":"","meta":{"footnotes":"","_links_to":"","_links_to_target":""},"class_list":["post-593","page","type-page","status-publish","hentry"],"_links":{"self":[{"href":"https:\/\/www.verkkovaria.fi\/kestavakehitys\/wp-json\/wp\/v2\/pages\/593","targetHints":{"allow":["GET"]}}],"collection":[{"href":"https:\/\/www.verkkovaria.fi\/kestavakehitys\/wp-json\/wp\/v2\/pages"}],"about":[{"href":"https:\/\/www.verkkovaria.fi\/kestavakehitys\/wp-json\/wp\/v2\/types\/page"}],"author":[{"embeddable":true,"href":"https:\/\/www.verkkovaria.fi\/kestavakehitys\/wp-json\/wp\/v2\/users\/3"}],"replies":[{"embeddable":true,"href":"https:\/\/www.verkkovaria.fi\/kestavakehitys\/wp-json\/wp\/v2\/comments?post=593"}],"version-history":[{"count":17,"href":"https:\/\/www.verkkovaria.fi\/kestavakehitys\/wp-json\/wp\/v2\/pages\/593\/revisions"}],"predecessor-version":[{"id":815,"href":"https:\/\/www.verkkovaria.fi\/kestavakehitys\/wp-json\/wp\/v2\/pages\/593\/revisions\/815"}],"wp:attachment":[{"href":"https:\/\/www.verkkovaria.fi\/kestavakehitys\/wp-json\/wp\/v2\/media?parent=593"}],"curies":[{"name":"wp","href":"https:\/\/api.w.org\/{rel}","templated":true}]}}