{"id":601,"date":"2015-09-04T12:46:23","date_gmt":"2015-09-04T09:46:23","guid":{"rendered":"http:\/\/www.verkkovaria.fi\/kestavakehitys\/?page_id=601"},"modified":"2016-06-28T14:56:56","modified_gmt":"2016-06-28T11:56:56","slug":"teema-5-jatteen-synnyn-ehkaisy-lajittelu-ja-kierratys","status":"publish","type":"page","link":"https:\/\/www.verkkovaria.fi\/kestavakehitys\/teema-5-jatteen-synnyn-ehkaisy-lajittelu-ja-kierratys\/","title":{"rendered":"Teema 5: J\u00e4tteen synnyn ehk\u00e4isy, lajittelu ja kierr\u00e4tys"},"content":{"rendered":"<p><strong>J\u00e4tehuolto<\/strong><\/p>\n<p>Ymp\u00e4rist\u00f6osaava ammattilainen internetsivustolta l\u00f6ytyy alakohtaista tietoa j\u00e4tehuollosta:<\/p>\n<ul>\n<li><a href=\"http:\/\/www.ymparistoosaava.fi\/kiinteistonhoitoala\/index.php?k=22491\" target=\"_blank\">Ymp\u00e4rist\u00f6osaava ammattilainen: kiinteist\u00f6nhoitoala<\/a><\/li>\n<li><a href=\"http:\/\/www.ymparistoosaava.fi\/kone-ja-metalliala\/index.php?k=22619\" target=\"_blank\">Ymp\u00e4rist\u00f6osaava ammattilainen: kone- ja metalliala<\/a><\/li>\n<li><a href=\"http:\/\/www.ymparistoosaava.fi\/puhdistuspalveluala\/index.php?k=22553\" target=\"_blank\">Ymp\u00e4rist\u00f6osaava ammattilainen: puhdistuspalveluala<\/a><\/li>\n<li><a href=\"http:\/\/www.ymparistoosaava.fi\/sosiaali-ja-terveysala\/index.php?k=22657\" target=\"_blank\">Ymp\u00e4rist\u00f6osaava ammattilainen: sosiaali- ja terveysala<\/a><\/li>\n<li><a href=\"http:\/\/www.ymparistoosaava.fi\/rakennusala\/index.php?k=22795\" target=\"_blank\">Ymp\u00e4rist\u00f6osaava ammattilainen: rakennusala<\/a><\/li>\n<li><a href=\"http:\/\/www.ymparistoosaava.fi\/ruokapalveluala\/index.php?k=22578\" target=\"_blank\">Ymp\u00e4rist\u00f6osaava ammattilainen: ruokapalveluala<\/a><\/li>\n<\/ul>\n<p>Sivuilla kannattaa vierailla, vaikka oma alasi ei olisikaan listassa. Suuri osa tiedoista sopii kaikille aloille.<\/p>\n<p>Linkkej\u00e4 kierr\u00e4tyksest\u00e4:<\/p>\n<ul>\n<li><a href=\"http:\/\/www.ymparisto.fi\/fi-FI\/Kulutus_ja_tuotanto\/Jatteet_ja_jatehuolto\/Jatemaksu_ja_verot\" target=\"_blank\">Ymp\u00e4rist\u00f6hallinto: j\u00e4temaksut ja -verot<\/a><\/li>\n<li><a href=\"http:\/\/www.ymparisto.fi\/fi-FI\/Kulutus_ja_tuotanto\/Resurssitehokkuus\" target=\"_blank\">Ymp\u00e4rist\u00f6hallinto: resurssitehokkuus<\/a><\/li>\n<li><a href=\"http:\/\/www.ymparisto.fi\/fi-FI\/Kulutus_ja_tuotanto\/Jatteet_ja_jatehuolto\/Rikkinaisille_tekstiileille_erilliskeray(33234)\" target=\"_blank\">Ymp\u00e4rist\u00f6hallinto: tekstiilien uudelleenk\u00e4ytt\u00f6<\/a><\/li>\n<li><a href=\"http:\/\/www.klimaatti.fi\/tunnetko-nama-kolme-suomalaista-kiertotalouden-malliesimerkkia\/\" target=\"_blank\">Ymp\u00e4rist\u00f6hallinto: Verkkolehti Klimaatti: kiertotalouden esimerkkej\u00e4<\/a><\/li>\n<\/ul>\n<p>&nbsp;<\/p>\n<p><strong>Ammattialan j\u00e4tteiden lajittelu<\/strong><\/p>\n<p>J\u00e4tteen erillisker\u00e4yksell\u00e4 ja lajittelulla tarkoitetaan sit\u00e4, ett\u00e4 j\u00e4tteen syntypaikassa erityyppiset j\u00e4tteet kootaan erikseen. Erillisker\u00e4yksell\u00e4 ja lajittelulla mahdollistetaan kierr\u00e4tys eli se, ett\u00e4\u00a0j\u00e4te voidaan valmistaa tuotteeksi, materiaaliksi tai aineeksi joko alkuper\u00e4iseen tai muuhun tarkoitukseen. (J\u00e4telaki, luku 1, 6 \u00a7)<\/p>\n<p>1.\u00a0Nime\u00e4 omalta alaltasi <strong>v\u00e4hint\u00e4\u00e4n viisi<\/strong>\u00a0erityyppist\u00e4 j\u00e4tett\u00e4. Kootkaa eri alojen j\u00e4tteist\u00e4 yhteinen taulukko. Jos olet verkkototeutuksen ainoa osallistuja, tee taulukko yksin. Taulukossa tulee n\u00e4ky\u00e4:<\/p>\n<ul>\n<li>Mik\u00e4 j\u00e4te?<\/li>\n<li>Miten j\u00e4te lajitellaan ty\u00f6paikalla\/ty\u00f6salissa?<\/li>\n<li>Kierr\u00e4tet\u00e4\u00e4nk\u00f6 j\u00e4te ts. mit\u00e4 siit\u00e4 voidaan valmistaa ja miten?<\/li>\n<li>Jos j\u00e4tett\u00e4 ei voida kierr\u00e4tt\u00e4\u00e4, mit\u00e4 sille tapahtuu?<\/li>\n<\/ul>\n<p>Voit keskustella lajittelusta ja kierr\u00e4tyksest\u00e4 ty\u00f6ss\u00e4oppimispaikallasi tai oppilaitoksen ty\u00f6salissa. Yleistietoa yritysten j\u00e4tehuollosta l\u00f6ytyy linkist\u00e4: <a href=\"https:\/\/www.yrityssuomi.fi\/yrityksen-jatehuolto\" target=\"_blank\">Yritys-Suomi: yrityksen j\u00e4tehuolto<\/a>. Voit my\u00f6s etsi\u00e4 lajittelu- ja kierr\u00e4tyskysymyksiin vastauksia mm. Helsingin seudun ymp\u00e4rist\u00f6palvelut -kuntayhtym\u00e4n Internetsivuilta:\u00a0<a href=\"https:\/\/www.hsy.fi\/fi\/asukkaalle\/lajittelujakierratys\/Sivut\/default.aspx\" target=\"_blank\">HSY: Lajittelu ja kierr\u00e4tys<\/a>\u00a0tai\u00a0<a href=\"https:\/\/www.hsy.fi\/fi\/yhteisollejayritykselle\/jatehuolto\/jatteiden-lajittelu\/Sivut\/default.aspx\" target=\"_blank\">HSY: Yritysten ja yhteis\u00f6jen j\u00e4tteiden lajittelu<\/a><\/p>\n<p>Palauttakaa taulukko sovitulle oppimisalustalle m\u00e4\u00e4r\u00e4aikaan menness\u00e4.<\/p>\n<p><strong>Vaaralliset j\u00e4tteet<\/strong><\/p>\n<p>Katso halutessasi animaatio vaarallisista kemikaaleista:\u00a0<a href=\"http:\/\/www.napofilm.net\/fi\/napos-films\/multimedia-film-episodes-listing-view?filmid=napo-012-danger-chemicals\" target=\"_blank\">Napofilm (Via Storia) videot: Vaara: kemikaaleja!<\/a><\/p>\n<p>2. Etsi tietoa oman ammattialasi vaarallisista j\u00e4tteist\u00e4 esimerkiksi <a href=\"http:\/\/www.vaarallinenjate.fi\/yrityksille\" target=\"_blank\">Vaarallinenjate.fi: yrityksille<\/a> -internetsivuilta. Lis\u00e4\u00e4 v\u00e4hint\u00e4\u00e4n <strong>kaksi\u00a0<\/strong>vaarallista j\u00e4tett\u00e4 aiemmin tekem\u00e4\u00e4nne taulukkoon.<\/p>\n<p>Vastaa lis\u00e4ksi kysymyksiin:<\/p>\n<ul>\n<li>Mik\u00e4 on vaarallinen j\u00e4te?<\/li>\n<li>Mist\u00e4 sen voi tunnistaa?<\/li>\n<li>Mihin niit\u00e4 voi palauttaa?<\/li>\n<li>Tunnistatko merkit visassa:\u00a0<a href=\"http:\/\/www.kemi.se\/Global\/Flash\/CLP-Quiz\/FI\/Quiz.html\" target=\"_blank\">Tietovisa varoitusmerkeist\u00e4<\/a>?<\/li>\n<\/ul>\n<p>Palauta vastauksesi sovitulle oppimisalustalle.<\/p>\n<p><strong>J\u00e4telaki ja etusijaj\u00e4rjestys<\/strong><\/p>\n<p>J\u00e4telain tarkoitus on sen ensimm\u00e4isen pyk\u00e4l\u00e4n mukaan ehk\u00e4ist\u00e4 j\u00e4tteist\u00e4 ja j\u00e4tehuollosta aiheutuvaa vaaraa ja haittaa terveydelle ja ymp\u00e4rist\u00f6lle sek\u00e4 v\u00e4hent\u00e4\u00e4 j\u00e4tteen m\u00e4\u00e4r\u00e4\u00e4 ja haitallisuutta, edist\u00e4\u00e4 luonnonvarojen kest\u00e4v\u00e4\u00e4 k\u00e4ytt\u00f6\u00e4, varmistaa toimiva j\u00e4tehuolto ja ehk\u00e4ist\u00e4 roskaantumista.\u00a0Tutustu j\u00e4telakiin Finlex \u00ae -palvelussa: <a href=\"http:\/\/www.finlex.fi\/fi\/laki\/ajantasa\/2011\/20110646?search%5Btype%5D=pika&amp;search%5Bpika%5D=j%C3%A4telaki\" target=\"_blank\">Finlex: j\u00e4telaki<\/a>.\u00a0Viitetiedoista voit tarkistaa lain voimaantuloajan. Ensimm\u00e4isist\u00e4 pyk\u00e4list\u00e4 n\u00e4et lain soveltamisalat ja m\u00e4\u00e4ritelm\u00e4t. Pyk\u00e4l\u00e4st\u00e4 kaksi huomaat, ett\u00e4 j\u00e4telain lis\u00e4ksi ymp\u00e4rist\u00f6nsuojelulaki ja terveydensuojelulaki liittyv\u00e4t j\u00e4tehuoltoon.<\/p>\n<p>3. Tutustu j\u00e4telain etusijaj\u00e4rjestykseen (j\u00e4telaki, luku 2, 8 \u00a7). Voit aloittaa \u00a0tarkistamalla etusijaj\u00e4rjestyksess\u00e4 k\u00e4ytettyjen termien merkityksen (Luku 1, 6 \u00a7).<\/p>\n<p>Mit\u00e4 etusijaj\u00e4rjestys tarkoittaa? Vastaa ainakin seuraaviin kysymyksiin:<\/p>\n<ul>\n<li>Mik\u00e4 on j\u00e4telain mukaan ensisijaista?<\/li>\n<li>Mit\u00e4 etusijaj\u00e4rjestyksen eri kohdat voivat tarkoittaa? Anna esimerkkej\u00e4.<\/li>\n<li>Mik\u00e4 kohta on helppo tai vaikea ymm\u00e4rt\u00e4\u00e4?<\/li>\n<li>Miss\u00e4 vaiheessa tuotteen elinkaarta etusijaj\u00e4rjestys tulee huomioida?<\/li>\n<\/ul>\n<p>Palauta vastaus sovitulle oppimisalustalle. Voit vastata tekstill\u00e4, kaaviolla, miellekartalla, sarjakuvalla, videolla (maks. 4 min.) tai muulla valitsemallasi tavalla.<\/p>\n<p>&nbsp;<\/p>\n<p><em>Teeman tavoitteena on perehty\u00e4 j\u00e4telakiin, j\u00e4tteen synnyn ehk\u00e4isyyn, lajitteluun ja kierr\u00e4tykseen oman ammattialan n\u00e4k\u00f6kulmasta.\u00a0<\/em><\/p>\n","protected":false},"excerpt":{"rendered":"<p>J\u00e4tehuolto Ymp\u00e4rist\u00f6osaava ammattilainen internetsivustolta l\u00f6ytyy alakohtaista tietoa j\u00e4tehuollosta: Ymp\u00e4rist\u00f6osaava ammattilainen: kiinteist\u00f6nhoitoala Ymp\u00e4rist\u00f6osaava ammattilainen: kone- ja metalliala Ymp\u00e4rist\u00f6osaava ammattilainen: puhdistuspalveluala Ymp\u00e4rist\u00f6osaava ammattilainen: sosiaali- ja terveysala Ymp\u00e4rist\u00f6osaava ammattilainen: rakennusala Ymp\u00e4rist\u00f6osaava ammattilainen: ruokapalveluala Sivuilla kannattaa vierailla, vaikka oma alasi ei olisikaan listassa. Suuri osa tiedoista sopii kaikille aloille. Linkkej\u00e4 kierr\u00e4tyksest\u00e4: Ymp\u00e4rist\u00f6hallinto: j\u00e4temaksut ja -verot Ymp\u00e4rist\u00f6hallinto: resurssitehokkuus Ymp\u00e4rist\u00f6hallinto: tekstiilien &hellip; <a href=\"https:\/\/www.verkkovaria.fi\/kestavakehitys\/teema-5-jatteen-synnyn-ehkaisy-lajittelu-ja-kierratys\/\">Continued<\/a><\/p>\n","protected":false},"author":3,"featured_media":0,"parent":0,"menu_order":0,"comment_status":"closed","ping_status":"closed","template":"","meta":{"footnotes":"","_links_to":"","_links_to_target":""},"class_list":["post-601","page","type-page","status-publish","hentry"],"_links":{"self":[{"href":"https:\/\/www.verkkovaria.fi\/kestavakehitys\/wp-json\/wp\/v2\/pages\/601","targetHints":{"allow":["GET"]}}],"collection":[{"href":"https:\/\/www.verkkovaria.fi\/kestavakehitys\/wp-json\/wp\/v2\/pages"}],"about":[{"href":"https:\/\/www.verkkovaria.fi\/kestavakehitys\/wp-json\/wp\/v2\/types\/page"}],"author":[{"embeddable":true,"href":"https:\/\/www.verkkovaria.fi\/kestavakehitys\/wp-json\/wp\/v2\/users\/3"}],"replies":[{"embeddable":true,"href":"https:\/\/www.verkkovaria.fi\/kestavakehitys\/wp-json\/wp\/v2\/comments?post=601"}],"version-history":[{"count":13,"href":"https:\/\/www.verkkovaria.fi\/kestavakehitys\/wp-json\/wp\/v2\/pages\/601\/revisions"}],"predecessor-version":[{"id":816,"href":"https:\/\/www.verkkovaria.fi\/kestavakehitys\/wp-json\/wp\/v2\/pages\/601\/revisions\/816"}],"wp:attachment":[{"href":"https:\/\/www.verkkovaria.fi\/kestavakehitys\/wp-json\/wp\/v2\/media?parent=601"}],"curies":[{"name":"wp","href":"https:\/\/api.w.org\/{rel}","templated":true}]}}