{"id":604,"date":"2015-09-04T12:48:58","date_gmt":"2015-09-04T09:48:58","guid":{"rendered":"http:\/\/www.verkkovaria.fi\/kestavakehitys\/?page_id=604"},"modified":"2016-06-28T15:06:30","modified_gmt":"2016-06-28T12:06:30","slug":"teema-6-laatu-ymparisto-ja-turvallisuus","status":"publish","type":"page","link":"https:\/\/www.verkkovaria.fi\/kestavakehitys\/teema-6-laatu-ymparisto-ja-turvallisuus\/","title":{"rendered":"Teema 6: Laatu, ymp\u00e4rist\u00f6 ja turvallisuus"},"content":{"rendered":"<p>Ymp\u00e4rist\u00f6-, turvallisuus- ja laatuj\u00e4rjestelmien tavoitteena on ottaa n\u00e4m\u00e4 asiat osaksi organisaation jokap\u00e4iv\u00e4ist\u00e4 toimintaa. J\u00e4rjestelmien tavoitteena on parantaa ja kehitt\u00e4\u00e4 toimintaa suunnitelmallisesti. Niiden avulla voidaan my\u00f6s osoittaa ymp\u00e4rist\u00f6-, turvallisuus- ja laatuasioiden olevan hyv\u00e4ss\u00e4 hoidossa. J\u00e4rjestelm\u00e4t voivat olla erillisi\u00e4 tai yhten\u00e4 toimintaj\u00e4rjestelm\u00e4n\u00e4, joka kattaa kaikki osa-alueet.<\/p>\n<p><strong>Ymp\u00e4rist\u00f6<\/strong><\/p>\n<p>1.\u00a0Selvit\u00e4 haastattelemalla ty\u00f6ss\u00e4oppimispaikassasi \/ oppilaitoksen ty\u00f6salissa tai jossakin muussa oman alasi yrityksess\u00e4 millaisia ymp\u00e4rist\u00f6j\u00e4rjestelmi\u00e4 omalla ammattialallasi on k\u00e4yt\u00f6ss\u00e4.<\/p>\n<p>Esittele ymp\u00e4rist\u00f6j\u00e4rjestelmi\u00e4 ja niiden k\u00e4ytt\u00f6\u00e4 yrityksiss\u00e4.<\/p>\n<p>Jos henkil\u00f6kohtainen tapaaminen tai keskustelu\u00a0puhelimen, s\u00e4hk\u00f6postin tai netin v\u00e4lityksell\u00e4 ei onnistu, voit hakea tietoja yritysten internet-sivuilta.<\/p>\n<p>Voit vastata tekstill\u00e4, kaaviolla, miellekartalla, sarjakuvalla, videolla (maks. 4 min.) tai muulla valitsemallasi tavalla. Palauta vastauksesi sovitulle oppimisalustalle.<\/p>\n<p>Linkkej\u00e4:<\/p>\n<ul>\n<li><a href=\"http:\/\/www.ymparisto.fi\/fi-FI\/Kulutus_ja_tuotanto\/Ymparistojarjestelmat_ja_johtaminen\" target=\"_blank\">Ymp\u00e4rist\u00f6hallinto: ymp\u00e4rist\u00f6j\u00e4rjestelm\u00e4t<\/a><\/li>\n<li><a href=\"https:\/\/www.yrityssuomi.fi\/artikkeli?id=1669860&amp;lang=fi\" target=\"_blank\">Yritys-Suomi: ymp\u00e4rist\u00f6j\u00e4rjestelm\u00e4t<\/a><\/li>\n<li><a href=\"http:\/\/www.sfs.fi\/julkaisut_ja_palvelut\/tuotteet_valokeilassa\/iso_14000_ymparistojohtaminen\/ymparistojarjestelma\" target=\"_blank\">Suomen standardisoimisliitto: ymp\u00e4rist\u00f6j\u00e4rjestelm\u00e4<\/a><\/li>\n<li><a href=\"http:\/\/www.ym.fi\/fi-FI\/Ymparisto\/Lainsaadanto_ja_ohjeet\" target=\"_blank\">Ymp\u00e4rist\u00f6ministeri\u00f6: lains\u00e4\u00e4d\u00e4nt\u00f6 ymp\u00e4rist\u00f6nsuojelussa<\/a><\/li>\n<\/ul>\n<p>&nbsp;<\/p>\n<p><strong>Turvallisuus<\/strong><\/p>\n<p>2. Tutustu esimerkiksi alla olevien linkkien avulla ty\u00f6paikkojen vaara-, haitta- ja riskitekij\u00f6ihin. Mitk\u00e4 tekij\u00e4t korostuvat oman ammattialasi ty\u00f6ss\u00e4? Havannoi sen j\u00e4lkeen ty\u00f6ss\u00e4oppimispaikallasi \/ oppilaitoksen ty\u00f6salissa\u00a0ty\u00f6oloja:<\/p>\n<ul>\n<li>Millaisia riskej\u00e4 siell\u00e4 voisi olla?<\/li>\n<li>Miten riskeihin on varauduttu?<\/li>\n<li>Miten\u00a0ty\u00f6paikalla suojaudutaan?<\/li>\n<li>Miten mahdollisia haittoja minimoidaan?<\/li>\n<\/ul>\n<p>Kootkaa yhdess\u00e4 sovitulle oppimisalustalle\u00a0eri ammattialojen vastauksia yll\u00e4 oleviin kysymyksiin kaaviona, miellekarttana tai muulla valitsemallanne tavalla. Liitt\u00e4k\u00e4\u00e4 esitykseen mahdollisuuksien mukaan kuvia\/videoita. Jos olet verkkototeutuksen ainoa osallistuja, kokoa omat havaintosi esitykseksi.<\/p>\n<p>Linkkej\u00e4:<\/p>\n<ul>\n<li><a href=\"http:\/\/www.tyosuojelu.fi\/fi\/tyoolot\" target=\"_blank\">Ty\u00f6suojeluhallinto: ty\u00f6olot, vaara- ja haittatekij\u00e4t<\/a><\/li>\n<li><a href=\"http:\/\/ttk.fi\/tyohyvinvointi_ja_tyosuojelu\" target=\"_blank\">Ty\u00f6turvallisuuskeskus: ty\u00f6suojelu<\/a><\/li>\n<li><a href=\"http:\/\/www.ttl.fi\/fi\/tyoturvallisuus_ja_riskien_hallinta\/Sivut\/default.aspx\" target=\"_blank\">Ty\u00f6terveyslaitos: ty\u00f6turvallisuus ja riskien hallinta<\/a><\/li>\n<li><a href=\"http:\/\/www.yrittajat.fi\/fi-FI\/tyonantajanabc\/tyoturvallisuus\/\" target=\"_blank\">Suomen Yritt\u00e4j\u00e4t: ty\u00f6turvallisuus ja ty\u00f6suojelu<\/a><\/li>\n<\/ul>\n<p>&nbsp;<\/p>\n<p><b>Ymp\u00e4rist\u00f6, turvallisuus ja laatu yrityksess\u00e4\/organisaatiossa<\/b><\/p>\n<p>3. Tutustu ty\u00f6ss\u00e4oppimispaikalla ja\/tai yritysten\/organisaatioiden internetsivuilla v\u00e4hint\u00e4\u00e4n kahden oman ammattialasi yrityksen\/organisaation ymp\u00e4rist\u00f6-, turvallisuus-, vastuullisuus- ja laatuasioihin. Vastaa\u00a0seuraaviin kysymyksiin:<\/p>\n<ul>\n<li>Onko yll\u00e4 mainituista asioista helppo saada tietoa?<\/li>\n<li>Mit\u00e4 asioita yritys\/organisaatio korostaa aiheeseen liittyv\u00e4ss\u00e4 tiedotuksessa?<\/li>\n<li>Onko yrityksell\u00e4 ymp\u00e4rist\u00f6-, turvallisuus- tai laatuj\u00e4rjestelm\u00e4\u00e4?<\/li>\n<li>Nouseeko esille asioita, joita verkkototeutuksen aiemmissa teemoissa on k\u00e4sitelty?<\/li>\n<li>Onko valitsemiesi yritysten\/organisaatioiden v\u00e4lill\u00e4 eroja, ja jos on, niin mit\u00e4?<\/li>\n<li>Mit\u00e4 mielt\u00e4 itse olet esille otettujen ymp\u00e4rist\u00f6-, turvallisuus-, vastuullisuus tai laatutekoj\u00f6iden merkityksest\u00e4? Ovatko teot t\u00e4rkeit\u00e4?<\/li>\n<\/ul>\n<p>Voit vastata tekstill\u00e4, kaaviolla, miellekartalla, sarjakuvalla, videolla (maks. 4 min.) tai muulla valitsemallasi tavalla kunhan vastaus ja pohdinta tulevat selv\u00e4sti esille. Palauta vastaus sovitulle oppimisalustalle.<\/p>\n<p>&nbsp;<\/p>\n<p><em>Teeman tavoitteena on tutustua oman ammattialan ymp\u00e4rist\u00f6-, turvallisuus- ja laatuk\u00e4yt\u00e4nt\u00f6ihin.<\/em><\/p>\n","protected":false},"excerpt":{"rendered":"<p>Ymp\u00e4rist\u00f6-, turvallisuus- ja laatuj\u00e4rjestelmien tavoitteena on ottaa n\u00e4m\u00e4 asiat osaksi organisaation jokap\u00e4iv\u00e4ist\u00e4 toimintaa. J\u00e4rjestelmien tavoitteena on parantaa ja kehitt\u00e4\u00e4 toimintaa suunnitelmallisesti. Niiden avulla voidaan my\u00f6s osoittaa ymp\u00e4rist\u00f6-, turvallisuus- ja laatuasioiden olevan hyv\u00e4ss\u00e4 hoidossa. J\u00e4rjestelm\u00e4t voivat olla erillisi\u00e4 tai yhten\u00e4 toimintaj\u00e4rjestelm\u00e4n\u00e4, joka kattaa kaikki osa-alueet. Ymp\u00e4rist\u00f6 1.\u00a0Selvit\u00e4 haastattelemalla ty\u00f6ss\u00e4oppimispaikassasi \/ oppilaitoksen ty\u00f6salissa tai jossakin muussa oman &hellip; <a href=\"https:\/\/www.verkkovaria.fi\/kestavakehitys\/teema-6-laatu-ymparisto-ja-turvallisuus\/\">Continued<\/a><\/p>\n","protected":false},"author":3,"featured_media":0,"parent":0,"menu_order":0,"comment_status":"closed","ping_status":"closed","template":"","meta":{"footnotes":"","_links_to":"","_links_to_target":""},"class_list":["post-604","page","type-page","status-publish","hentry"],"_links":{"self":[{"href":"https:\/\/www.verkkovaria.fi\/kestavakehitys\/wp-json\/wp\/v2\/pages\/604","targetHints":{"allow":["GET"]}}],"collection":[{"href":"https:\/\/www.verkkovaria.fi\/kestavakehitys\/wp-json\/wp\/v2\/pages"}],"about":[{"href":"https:\/\/www.verkkovaria.fi\/kestavakehitys\/wp-json\/wp\/v2\/types\/page"}],"author":[{"embeddable":true,"href":"https:\/\/www.verkkovaria.fi\/kestavakehitys\/wp-json\/wp\/v2\/users\/3"}],"replies":[{"embeddable":true,"href":"https:\/\/www.verkkovaria.fi\/kestavakehitys\/wp-json\/wp\/v2\/comments?post=604"}],"version-history":[{"count":11,"href":"https:\/\/www.verkkovaria.fi\/kestavakehitys\/wp-json\/wp\/v2\/pages\/604\/revisions"}],"predecessor-version":[{"id":817,"href":"https:\/\/www.verkkovaria.fi\/kestavakehitys\/wp-json\/wp\/v2\/pages\/604\/revisions\/817"}],"wp:attachment":[{"href":"https:\/\/www.verkkovaria.fi\/kestavakehitys\/wp-json\/wp\/v2\/media?parent=604"}],"curies":[{"name":"wp","href":"https:\/\/api.w.org\/{rel}","templated":true}]}}