{"id":132,"date":"2015-09-23T11:16:43","date_gmt":"2015-09-23T11:16:43","guid":{"rendered":"http:\/\/www.verkkovaria.fi\/liikenne\/tptl\/?page_id=132"},"modified":"2016-06-16T12:35:55","modified_gmt":"2016-06-16T12:35:55","slug":"arviointi","status":"publish","type":"page","link":"https:\/\/www.verkkovaria.fi\/liikenne\/tptl\/arviointi\/","title":{"rendered":"Arviointi"},"content":{"rendered":"<p><strong>Arviointi<\/strong><\/p>\n<p>Teknisten perustaitojen laajennus on osa Trukinkuljettajan teht\u00e4v\u00e4t\u00a0-tutkinnon osaa.\u00a0Verkkototeutuksen opiskelusta saat suoritusmerkinn\u00e4n: suoritettu (S) \/ kesken (KE).<\/p>\n<p>Trukinkuljettajan teht\u00e4v\u00e4t -tutkinnon osa arvioidaan ammattiosaamisen n\u00e4yt\u00f6ss\u00e4. Tarvittaessa n\u00e4ytt\u00f6\u00e4 t\u00e4ydennet\u00e4\u00e4n haastattelujen ja teht\u00e4vien avulla.<\/p>\n<p>Trukinkuljettajan teht\u00e4viin liittyy yhten\u00e4 olennaisena osana ajoneuvon ajoonl\u00e4ht\u00f6tarkastus. Opiskelemalla sen huolella, voit hy\u00f6dynt\u00e4\u00e4 \u00a0opittua tietoa ja taitoa muiden ajoneuvojen ja ajoneuvotyyppien k\u00e4ytt\u00f6\u00f6notossa ja l\u00e4ht\u00f6tarkastuksessa.<\/p>\n<p>Tutkinnon osan ammattitaitovaatimukset\u00a0ja arvioinnin kriteerit l\u00f6ytyv\u00e4t Opintopolusta <a href=\"https:\/\/eperusteet.opintopolku.fi\/#\/fi\/esitys\/66308\/ops\/tutkinnonosat\/88143\" target=\"_blank\">ePerusteet: trukinkuljettajan teht\u00e4v\u00e4t<\/a>.<\/p>\n<p>Opiskelija tai tutkinnon suorittaja osaa:<\/p>\n<ul>\n<li>ajaa ja ty\u00f6skennell\u00e4 vastapaino-, tukipy\u00f6r\u00e4- tai ty\u00f6nt\u00f6mastotrukilla turvallisesti<\/li>\n<li>trukin toimintaperiaatteet ja tehd\u00e4 p\u00e4ivitt\u00e4iset huoltotoimet<\/li>\n<li>suorittaa ajoonl\u00e4ht\u00f6- ja lopetustoimet<\/li>\n<li>pinoamistekniikan lattialle, hyllytyksen ja ajoneuvon lastaukseen tai purkamisen<\/li>\n<li>ty\u00f6skennell\u00e4 ergonomisesti sek\u00e4 ymp\u00e4rist\u00f6\u00e4 s\u00e4\u00e4st\u00e4vi\u00e4 ty\u00f6tapoja ja ty\u00f6turvallisuusohjeita noudattaen<\/li>\n<li>ty\u00f6skennell\u00e4 tarkoituksenmukaisesti ja kustannustehokkaasti huolehtien ty\u00f6ymp\u00e4rist\u00f6ns\u00e4 j\u00e4rjestyksest\u00e4 ja siisteydest\u00e4<\/li>\n<li>vastuuvakuutuksen merkityksen<\/li>\n<li>ensiapu 1-kurssia vastaavat tiedot ja taidot<\/li>\n<\/ul>\n","protected":false},"excerpt":{"rendered":"<p>Arviointi Teknisten perustaitojen laajennus on osa Trukinkuljettajan teht\u00e4v\u00e4t\u00a0-tutkinnon osaa.\u00a0Verkkototeutuksen opiskelusta saat suoritusmerkinn\u00e4n: suoritettu (S) \/ kesken (KE). Trukinkuljettajan teht\u00e4v\u00e4t -tutkinnon osa arvioidaan ammattiosaamisen n\u00e4yt\u00f6ss\u00e4. Tarvittaessa n\u00e4ytt\u00f6\u00e4 t\u00e4ydennet\u00e4\u00e4n haastattelujen ja teht\u00e4vien avulla. Trukinkuljettajan teht\u00e4viin liittyy yhten\u00e4 olennaisena osana ajoneuvon ajoonl\u00e4ht\u00f6tarkastus. Opiskelemalla sen huolella, voit hy\u00f6dynt\u00e4\u00e4 \u00a0opittua tietoa ja taitoa muiden ajoneuvojen ja ajoneuvotyyppien k\u00e4ytt\u00f6\u00f6notossa ja l\u00e4ht\u00f6tarkastuksessa. &hellip; <a href=\"https:\/\/www.verkkovaria.fi\/liikenne\/tptl\/arviointi\/\">Continued<\/a><\/p>\n","protected":false},"author":2,"featured_media":0,"parent":0,"menu_order":0,"comment_status":"closed","ping_status":"closed","template":"","meta":{"footnotes":"","_links_to":"","_links_to_target":""},"class_list":["post-132","page","type-page","status-publish","hentry"],"_links":{"self":[{"href":"https:\/\/www.verkkovaria.fi\/liikenne\/tptl\/wp-json\/wp\/v2\/pages\/132","targetHints":{"allow":["GET"]}}],"collection":[{"href":"https:\/\/www.verkkovaria.fi\/liikenne\/tptl\/wp-json\/wp\/v2\/pages"}],"about":[{"href":"https:\/\/www.verkkovaria.fi\/liikenne\/tptl\/wp-json\/wp\/v2\/types\/page"}],"author":[{"embeddable":true,"href":"https:\/\/www.verkkovaria.fi\/liikenne\/tptl\/wp-json\/wp\/v2\/users\/2"}],"replies":[{"embeddable":true,"href":"https:\/\/www.verkkovaria.fi\/liikenne\/tptl\/wp-json\/wp\/v2\/comments?post=132"}],"version-history":[{"count":29,"href":"https:\/\/www.verkkovaria.fi\/liikenne\/tptl\/wp-json\/wp\/v2\/pages\/132\/revisions"}],"predecessor-version":[{"id":378,"href":"https:\/\/www.verkkovaria.fi\/liikenne\/tptl\/wp-json\/wp\/v2\/pages\/132\/revisions\/378"}],"wp:attachment":[{"href":"https:\/\/www.verkkovaria.fi\/liikenne\/tptl\/wp-json\/wp\/v2\/media?parent=132"}],"curies":[{"name":"wp","href":"https:\/\/api.w.org\/{rel}","templated":true}]}}