{"id":151,"date":"2015-10-08T12:09:34","date_gmt":"2015-10-08T12:09:34","guid":{"rendered":"http:\/\/www.verkkovaria.fi\/liikenne\/tptl\/?page_id=151"},"modified":"2016-06-16T12:39:07","modified_gmt":"2016-06-16T12:39:07","slug":"teema-1-ajoneuvon-paivittaiset-tarkastukset","status":"publish","type":"page","link":"https:\/\/www.verkkovaria.fi\/liikenne\/tptl\/teema-1-ajoneuvon-paivittaiset-tarkastukset\/","title":{"rendered":"TEEMA 1: Ajoneuvon p\u00e4ivitt\u00e4iset tarkastukset"},"content":{"rendered":"<p><strong>Ajoneuvon p\u00e4ivitt\u00e4inen tarkastus<\/strong><\/p>\n<p>Tutustu kahden tai kolmen eri ajoneuvon p\u00e4ivitt\u00e4isiin tarkastuskohteisiin. Voit valita esimerkiksi trukin, ty\u00f6koneen tai auton ja etsi\u00e4 niihin kuuluvat k\u00e4ytt\u00e4j\u00e4n ohjekirjat tai kuljettajan oppaat. L\u00f6yd\u00e4t ohjekirjoja ja oppaita valmistajien tai maahantuojien verkkosivuilta.<\/p>\n<p>1. Laadi\u00a0omin sanoin luettelo 2-3 ajoneuvon tarkastuskohteista.<\/p>\n<p>2. Vertaile luettelossa olevia toimenpiteit\u00e4:\u00a0Mit\u00e4 yhtenev\u00e4isyyksi\u00e4 ja eroja eri ajoneuvovalmistajilla on?<\/p>\n<p>3. Laadi itsellesi muistilista tai oma ajoonl\u00e4ht\u00f6tarkastusluettelo.<\/p>\n<p>Voit kirjoittaa vastauksesi esim. Office365 -palvelussa Word-tiedostoon. Palauta\u00a0vastaukset opettajasi kanssa sovittuun paikkaan\u00a0viimeist\u00e4\u00e4n viikko kokonaisuuden aloittamisen j\u00e4lkeen.\u00a0<\/p>\n<p style=\"padding-left: 30px;\">\u00a0<\/p>\n<p>Teema 1 liittyy seuraaviin ammattitaitovaatimuksiin:<\/p>\n<p>Opiskelija osaa<\/p>\n<ul>\n<li>trukin toimintaperiaatteet ja tehd\u00e4 p\u00e4ivitt\u00e4iset huoltotoimet<\/li>\n<li>suorittaa ajoonl\u00e4ht\u00f6- ja lopetustoimet<\/li>\n<li>ty\u00f6skennell\u00e4 tarkoituksenmukaisesti ja kustannustehokkaasti huolehtien ty\u00f6ymp\u00e4rist\u00f6ns\u00e4 j\u00e4rjestyksest\u00e4 ja siisteydest\u00e4<\/li>\n<\/ul>\n","protected":false},"excerpt":{"rendered":"<p>Ajoneuvon p\u00e4ivitt\u00e4inen tarkastus Tutustu kahden tai kolmen eri ajoneuvon p\u00e4ivitt\u00e4isiin tarkastuskohteisiin. Voit valita esimerkiksi trukin, ty\u00f6koneen tai auton ja etsi\u00e4 niihin kuuluvat k\u00e4ytt\u00e4j\u00e4n ohjekirjat tai kuljettajan oppaat. L\u00f6yd\u00e4t ohjekirjoja ja oppaita valmistajien tai maahantuojien verkkosivuilta. 1. Laadi\u00a0omin sanoin luettelo 2-3 ajoneuvon tarkastuskohteista. 2. Vertaile luettelossa olevia toimenpiteit\u00e4:\u00a0Mit\u00e4 yhtenev\u00e4isyyksi\u00e4 ja eroja eri ajoneuvovalmistajilla on? 3. Laadi &hellip; <a href=\"https:\/\/www.verkkovaria.fi\/liikenne\/tptl\/teema-1-ajoneuvon-paivittaiset-tarkastukset\/\">Continued<\/a><\/p>\n","protected":false},"author":1,"featured_media":0,"parent":0,"menu_order":0,"comment_status":"closed","ping_status":"closed","template":"","meta":{"footnotes":"","_links_to":"","_links_to_target":""},"class_list":["post-151","page","type-page","status-publish","hentry"],"_links":{"self":[{"href":"https:\/\/www.verkkovaria.fi\/liikenne\/tptl\/wp-json\/wp\/v2\/pages\/151","targetHints":{"allow":["GET"]}}],"collection":[{"href":"https:\/\/www.verkkovaria.fi\/liikenne\/tptl\/wp-json\/wp\/v2\/pages"}],"about":[{"href":"https:\/\/www.verkkovaria.fi\/liikenne\/tptl\/wp-json\/wp\/v2\/types\/page"}],"author":[{"embeddable":true,"href":"https:\/\/www.verkkovaria.fi\/liikenne\/tptl\/wp-json\/wp\/v2\/users\/1"}],"replies":[{"embeddable":true,"href":"https:\/\/www.verkkovaria.fi\/liikenne\/tptl\/wp-json\/wp\/v2\/comments?post=151"}],"version-history":[{"count":27,"href":"https:\/\/www.verkkovaria.fi\/liikenne\/tptl\/wp-json\/wp\/v2\/pages\/151\/revisions"}],"predecessor-version":[{"id":379,"href":"https:\/\/www.verkkovaria.fi\/liikenne\/tptl\/wp-json\/wp\/v2\/pages\/151\/revisions\/379"}],"wp:attachment":[{"href":"https:\/\/www.verkkovaria.fi\/liikenne\/tptl\/wp-json\/wp\/v2\/media?parent=151"}],"curies":[{"name":"wp","href":"https:\/\/api.w.org\/{rel}","templated":true}]}}