{"id":164,"date":"2015-10-08T12:31:48","date_gmt":"2015-10-08T12:31:48","guid":{"rendered":"http:\/\/www.verkkovaria.fi\/liikenne\/tptl\/?page_id=164"},"modified":"2016-06-16T12:53:28","modified_gmt":"2016-06-16T12:53:28","slug":"teema-3-oman-toiminnan-vaikutus","status":"publish","type":"page","link":"https:\/\/www.verkkovaria.fi\/liikenne\/tptl\/teema-3-oman-toiminnan-vaikutus\/","title":{"rendered":"TEEMA 3: Oman toiminnan vaikutus"},"content":{"rendered":"<p><strong>Oman toiminnan vaikutus ajoneuvon huoltamiseen ja kunnossapit\u00e4miseen<\/strong><\/p>\n<p>1. Listaa mielest\u00e4si kolme t\u00e4rkeint\u00e4 kohtaa, joilla voit vaikuttaa ajoneuvon tarkoituksenmukaiseen k\u00e4ytt\u00f6\u00f6n, kest\u00e4miseen ja ennaltaehk\u00e4isemiseen.\u00a0Miten suuri merkitys yksitt\u00e4isell\u00e4 ajoneuvon k\u00e4ytt\u00e4j\u00e4ll\u00e4 voi mielest\u00e4si olla?<\/p>\n<p>2. Mit\u00e4 erityispiirteit\u00e4 eri ajoneuvotyyppien k\u00e4ytt\u00f6\u00f6nottoon sis\u00e4ltyy? Vertaa kahden eri trukkityypin, vastapaino- ja ty\u00f6nt\u00f6mastotrukin ajoonl\u00e4ht\u00f6tarkastuksia; l\u00f6yd\u00e4tk\u00f6 eroja? Voitko itse vaikuttaa ajoonl\u00e4ht\u00f6tarkastukseen edellisen k\u00e4ytt\u00f6kerran lopputarkastuksella?<\/p>\n<p>3. Keskustele parisi kanssa oman toimintasi vaikutuksista; onko oman toiminnan vaikutus mielest\u00e4nne sama?<\/p>\n<p>Palauta parisi kanssa k\u00e4ydyst\u00e4 keskustelusta ja vertailusta tehty lyhyt kirjallinen raportti tai videoitu keskustelu (pituus maks. 2 min.) sovittuun paikkaan v\u00e4hint\u00e4\u00e4n kahden viikon kuluttua aloittamisesta.<\/p>\n<p>\u00a0<\/p>\n<p>Teema 3 liittyy seuraaviin ammattitaitovaatimuksiin:<\/p>\n<ul>\n<li>osaltaan ty\u00f6skennell\u00e4 vastapaino-, tukipy\u00f6r\u00e4- tai ty\u00f6nt\u00f6mastotrukilla turvallisesti<\/li>\n<li>trukin toimintaperiaatteet ja tehd\u00e4 p\u00e4ivitt\u00e4iset huoltotoimet<\/li>\n<li>suorittaa ajoonl\u00e4ht\u00f6- ja lopetustoimet<\/li>\n<li>ty\u00f6skennell\u00e4 ergonomisesti sek\u00e4 ymp\u00e4rist\u00f6\u00e4 s\u00e4\u00e4st\u00e4vi\u00e4 ty\u00f6tapoja ja ty\u00f6turvallisuusohjeita noudattaen<\/li>\n<li>ty\u00f6skennell\u00e4 tarkoituksenmukaisesti ja kustannustehokkaasti huolehtien ty\u00f6ymp\u00e4rist\u00f6ns\u00e4 j\u00e4rjestyksest\u00e4 ja siisteydest\u00e4<\/li>\n<\/ul>\n","protected":false},"excerpt":{"rendered":"<p>Oman toiminnan vaikutus ajoneuvon huoltamiseen ja kunnossapit\u00e4miseen 1. Listaa mielest\u00e4si kolme t\u00e4rkeint\u00e4 kohtaa, joilla voit vaikuttaa ajoneuvon tarkoituksenmukaiseen k\u00e4ytt\u00f6\u00f6n, kest\u00e4miseen ja ennaltaehk\u00e4isemiseen.\u00a0Miten suuri merkitys yksitt\u00e4isell\u00e4 ajoneuvon k\u00e4ytt\u00e4j\u00e4ll\u00e4 voi mielest\u00e4si olla? 2. Mit\u00e4 erityispiirteit\u00e4 eri ajoneuvotyyppien k\u00e4ytt\u00f6\u00f6nottoon sis\u00e4ltyy? Vertaa kahden eri trukkityypin, vastapaino- ja ty\u00f6nt\u00f6mastotrukin ajoonl\u00e4ht\u00f6tarkastuksia; l\u00f6yd\u00e4tk\u00f6 eroja? Voitko itse vaikuttaa ajoonl\u00e4ht\u00f6tarkastukseen edellisen k\u00e4ytt\u00f6kerran lopputarkastuksella? 3. &hellip; <a href=\"https:\/\/www.verkkovaria.fi\/liikenne\/tptl\/teema-3-oman-toiminnan-vaikutus\/\">Continued<\/a><\/p>\n","protected":false},"author":1,"featured_media":0,"parent":0,"menu_order":0,"comment_status":"closed","ping_status":"closed","template":"","meta":{"footnotes":"","_links_to":"","_links_to_target":""},"class_list":["post-164","page","type-page","status-publish","hentry"],"_links":{"self":[{"href":"https:\/\/www.verkkovaria.fi\/liikenne\/tptl\/wp-json\/wp\/v2\/pages\/164","targetHints":{"allow":["GET"]}}],"collection":[{"href":"https:\/\/www.verkkovaria.fi\/liikenne\/tptl\/wp-json\/wp\/v2\/pages"}],"about":[{"href":"https:\/\/www.verkkovaria.fi\/liikenne\/tptl\/wp-json\/wp\/v2\/types\/page"}],"author":[{"embeddable":true,"href":"https:\/\/www.verkkovaria.fi\/liikenne\/tptl\/wp-json\/wp\/v2\/users\/1"}],"replies":[{"embeddable":true,"href":"https:\/\/www.verkkovaria.fi\/liikenne\/tptl\/wp-json\/wp\/v2\/comments?post=164"}],"version-history":[{"count":31,"href":"https:\/\/www.verkkovaria.fi\/liikenne\/tptl\/wp-json\/wp\/v2\/pages\/164\/revisions"}],"predecessor-version":[{"id":381,"href":"https:\/\/www.verkkovaria.fi\/liikenne\/tptl\/wp-json\/wp\/v2\/pages\/164\/revisions\/381"}],"wp:attachment":[{"href":"https:\/\/www.verkkovaria.fi\/liikenne\/tptl\/wp-json\/wp\/v2\/media?parent=164"}],"curies":[{"name":"wp","href":"https:\/\/api.w.org\/{rel}","templated":true}]}}