{"id":171,"date":"2015-10-08T12:33:55","date_gmt":"2015-10-08T12:33:55","guid":{"rendered":"http:\/\/www.verkkovaria.fi\/liikenne\/tptl\/?page_id=171"},"modified":"2016-06-16T12:56:58","modified_gmt":"2016-06-16T12:56:58","slug":"teema-5-tyokaluoppi","status":"publish","type":"page","link":"https:\/\/www.verkkovaria.fi\/liikenne\/tptl\/teema-5-tyokaluoppi\/","title":{"rendered":"TEEMA 5: Ty\u00f6kaluoppi"},"content":{"rendered":"<p><strong>Tutustu ty\u00f6kaluihin<\/strong><\/p>\n<p>1. Mit\u00e4 ty\u00f6kaluja ottaisit ajoneuvoon mukaan?\u00a0Miksi kaikkia ty\u00f6kaluja ei kannata pit\u00e4\u00e4 ajoneuvossa mukana? Mainitse v\u00e4hint\u00e4\u00e4n kolme syyt\u00e4.<\/p>\n<p>2. a) Tee luettelo oppilaitoksen yhden ty\u00f6kalupakin sis\u00e4ll\u00f6st\u00e4. Mit\u00e4 lis\u00e4isit tai poistaisit pakista?<\/p>\n<p>TAI<\/p>\n<p>b) Voit vaihtoehtoisesti tehd\u00e4 t\u00e4m\u00e4n osion parisi kanssa vertaillen mahdollisia ty\u00f6ss\u00e4oppimispaikkojen ty\u00f6kaluvarustuksia. Mit\u00e4 eroja l\u00f6yd\u00e4tte? Mist\u00e4 mahdolliset erot johtuvat?<\/p>\n<p>Palauta vastaukset sovittuun paikkaan viimeist\u00e4\u00e4n kolmen viikon sis\u00e4ll\u00e4 aloittamisesta.<\/p>\n<p>\u00a0<\/p>\n<p>Teema 5 liittyy seuraaviin ammattitaitovaatimuksiin:<\/p>\n<p>Opiskelija osaa:<\/p>\n<ul>\n<li>trukin toimintaperiaatteet ja tehd\u00e4 p\u00e4ivitt\u00e4iset huoltotoimet<\/li>\n<li>ty\u00f6skennell\u00e4 ergonomisesti sek\u00e4 ymp\u00e4rist\u00f6\u00e4 s\u00e4\u00e4st\u00e4vi\u00e4 ty\u00f6tapoja ja ty\u00f6turvallisuusohjeita noudattaen<\/li>\n<li>ty\u00f6skennell\u00e4 tarkoituksenmukaisesti ja kustannustehokkaasti huolehtien ty\u00f6ymp\u00e4rist\u00f6ns\u00e4 j\u00e4rjestyksest\u00e4 ja siisteydest\u00e4<\/li>\n<\/ul>\n","protected":false},"excerpt":{"rendered":"<p>Tutustu ty\u00f6kaluihin 1. Mit\u00e4 ty\u00f6kaluja ottaisit ajoneuvoon mukaan?\u00a0Miksi kaikkia ty\u00f6kaluja ei kannata pit\u00e4\u00e4 ajoneuvossa mukana? Mainitse v\u00e4hint\u00e4\u00e4n kolme syyt\u00e4. 2. a) Tee luettelo oppilaitoksen yhden ty\u00f6kalupakin sis\u00e4ll\u00f6st\u00e4. Mit\u00e4 lis\u00e4isit tai poistaisit pakista? TAI b) Voit vaihtoehtoisesti tehd\u00e4 t\u00e4m\u00e4n osion parisi kanssa vertaillen mahdollisia ty\u00f6ss\u00e4oppimispaikkojen ty\u00f6kaluvarustuksia. Mit\u00e4 eroja l\u00f6yd\u00e4tte? Mist\u00e4 mahdolliset erot johtuvat? Palauta vastaukset sovittuun &hellip; <a href=\"https:\/\/www.verkkovaria.fi\/liikenne\/tptl\/teema-5-tyokaluoppi\/\">Continued<\/a><\/p>\n","protected":false},"author":1,"featured_media":0,"parent":0,"menu_order":0,"comment_status":"closed","ping_status":"closed","template":"","meta":{"footnotes":"","_links_to":"","_links_to_target":""},"class_list":["post-171","page","type-page","status-publish","hentry"],"_links":{"self":[{"href":"https:\/\/www.verkkovaria.fi\/liikenne\/tptl\/wp-json\/wp\/v2\/pages\/171","targetHints":{"allow":["GET"]}}],"collection":[{"href":"https:\/\/www.verkkovaria.fi\/liikenne\/tptl\/wp-json\/wp\/v2\/pages"}],"about":[{"href":"https:\/\/www.verkkovaria.fi\/liikenne\/tptl\/wp-json\/wp\/v2\/types\/page"}],"author":[{"embeddable":true,"href":"https:\/\/www.verkkovaria.fi\/liikenne\/tptl\/wp-json\/wp\/v2\/users\/1"}],"replies":[{"embeddable":true,"href":"https:\/\/www.verkkovaria.fi\/liikenne\/tptl\/wp-json\/wp\/v2\/comments?post=171"}],"version-history":[{"count":13,"href":"https:\/\/www.verkkovaria.fi\/liikenne\/tptl\/wp-json\/wp\/v2\/pages\/171\/revisions"}],"predecessor-version":[{"id":383,"href":"https:\/\/www.verkkovaria.fi\/liikenne\/tptl\/wp-json\/wp\/v2\/pages\/171\/revisions\/383"}],"wp:attachment":[{"href":"https:\/\/www.verkkovaria.fi\/liikenne\/tptl\/wp-json\/wp\/v2\/media?parent=171"}],"curies":[{"name":"wp","href":"https:\/\/api.w.org\/{rel}","templated":true}]}}