{"id":174,"date":"2015-10-08T12:34:29","date_gmt":"2015-10-08T12:34:29","guid":{"rendered":"http:\/\/www.verkkovaria.fi\/liikenne\/tptl\/?page_id=174"},"modified":"2016-06-16T12:58:10","modified_gmt":"2016-06-16T12:58:10","slug":"teema-6-metalli-ja-rengastyot","status":"publish","type":"page","link":"https:\/\/www.verkkovaria.fi\/liikenne\/tptl\/teema-6-metalli-ja-rengastyot\/","title":{"rendered":"TEEMA 6: Metalli- ja rengasty\u00f6t"},"content":{"rendered":"<p><strong>Metalli- ja rengasty\u00f6t<\/strong><\/p>\n<p>1. Mit\u00e4 metallit\u00f6it\u00e4 osaat tehd\u00e4?<\/p>\n<p>2. Mink\u00e4laisia rengast\u00f6it\u00e4 osaat tehd\u00e4?\u00a0Mit\u00e4 ovat perusrengast\u00f6it\u00e4?<\/p>\n<p>3. Miksi ajoneuvon kuljettajalle on t\u00e4rke\u00e4\u00e4 a) seurata renkaiden kuntoa ja kulumista b) osata perusrengasty\u00f6t?<\/p>\n<p>4. Tee luettelo ty\u00f6vaiheista, miten toimit kun joudut liikenteess\u00e4 tai ty\u00f6paikalla pys\u00e4htym\u00e4\u00e4n ja vaihtamaan vararenkaan ajoneuvoosi.<\/p>\n<p>Palauta vastaukset sovittuun paikkaan viimeist\u00e4\u00e4n nelj\u00e4n viikon sis\u00e4ll\u00e4 aloittamisesta.<\/p>\n<p>\u00a0<\/p>\n<p>Teema 6 liittyy seuraaviin ammattitaitovaatimuksiin:<\/p>\n<p>Opiskelija osaa:<\/p>\n<ul>\n<li>trukin toimintaperiaatteet ja tehd\u00e4 p\u00e4ivitt\u00e4iset huoltotoimet<\/li>\n<li>ty\u00f6skennell\u00e4 ergonomisesti sek\u00e4 ymp\u00e4rist\u00f6\u00e4 s\u00e4\u00e4st\u00e4vi\u00e4 ty\u00f6tapoja ja ty\u00f6turvallisuusohjeita noudattaen<\/li>\n<li>ty\u00f6skennell\u00e4 tarkoituksenmukaisesti ja kustannustehokkaasti huolehtien ty\u00f6ymp\u00e4rist\u00f6ns\u00e4 j\u00e4rjestyksest\u00e4 ja siisteydest\u00e4<\/li>\n<\/ul>\n","protected":false},"excerpt":{"rendered":"<p>Metalli- ja rengasty\u00f6t 1. Mit\u00e4 metallit\u00f6it\u00e4 osaat tehd\u00e4? 2. Mink\u00e4laisia rengast\u00f6it\u00e4 osaat tehd\u00e4?\u00a0Mit\u00e4 ovat perusrengast\u00f6it\u00e4? 3. Miksi ajoneuvon kuljettajalle on t\u00e4rke\u00e4\u00e4 a) seurata renkaiden kuntoa ja kulumista b) osata perusrengasty\u00f6t? 4. Tee luettelo ty\u00f6vaiheista, miten toimit kun joudut liikenteess\u00e4 tai ty\u00f6paikalla pys\u00e4htym\u00e4\u00e4n ja vaihtamaan vararenkaan ajoneuvoosi. Palauta vastaukset sovittuun paikkaan viimeist\u00e4\u00e4n nelj\u00e4n viikon sis\u00e4ll\u00e4 aloittamisesta. &hellip; <a href=\"https:\/\/www.verkkovaria.fi\/liikenne\/tptl\/teema-6-metalli-ja-rengastyot\/\">Continued<\/a><\/p>\n","protected":false},"author":1,"featured_media":0,"parent":0,"menu_order":0,"comment_status":"closed","ping_status":"closed","template":"","meta":{"footnotes":"","_links_to":"","_links_to_target":""},"class_list":["post-174","page","type-page","status-publish","hentry"],"_links":{"self":[{"href":"https:\/\/www.verkkovaria.fi\/liikenne\/tptl\/wp-json\/wp\/v2\/pages\/174","targetHints":{"allow":["GET"]}}],"collection":[{"href":"https:\/\/www.verkkovaria.fi\/liikenne\/tptl\/wp-json\/wp\/v2\/pages"}],"about":[{"href":"https:\/\/www.verkkovaria.fi\/liikenne\/tptl\/wp-json\/wp\/v2\/types\/page"}],"author":[{"embeddable":true,"href":"https:\/\/www.verkkovaria.fi\/liikenne\/tptl\/wp-json\/wp\/v2\/users\/1"}],"replies":[{"embeddable":true,"href":"https:\/\/www.verkkovaria.fi\/liikenne\/tptl\/wp-json\/wp\/v2\/comments?post=174"}],"version-history":[{"count":15,"href":"https:\/\/www.verkkovaria.fi\/liikenne\/tptl\/wp-json\/wp\/v2\/pages\/174\/revisions"}],"predecessor-version":[{"id":384,"href":"https:\/\/www.verkkovaria.fi\/liikenne\/tptl\/wp-json\/wp\/v2\/pages\/174\/revisions\/384"}],"wp:attachment":[{"href":"https:\/\/www.verkkovaria.fi\/liikenne\/tptl\/wp-json\/wp\/v2\/media?parent=174"}],"curies":[{"name":"wp","href":"https:\/\/api.w.org\/{rel}","templated":true}]}}