{"id":52,"date":"2015-04-27T10:30:03","date_gmt":"2015-04-27T10:30:03","guid":{"rendered":"http:\/\/www.verkkovaria.fi\/liikenne\/tptl\/?page_id=52"},"modified":"2016-06-16T12:33:15","modified_gmt":"2016-06-16T12:33:15","slug":"oppimisprosessi","status":"publish","type":"page","link":"https:\/\/www.verkkovaria.fi\/liikenne\/tptl\/opiskelijalle\/oppimisprosessi\/","title":{"rendered":"Opiskeluprosessi"},"content":{"rendered":"<p>Halutessasi opiskella Teknisten perustaitojen laajennus -verkkototeutuksen, ota yhteytt\u00e4 vastaavaan opettajaan: Heikki Hiltunen (etunimi.sukunimi@eduvantaa.fi).<\/p>\n<p>Voit ottaa yhteytt\u00e4 my\u00f6s opinto-ohjaajaan tai ryhm\u00e4nohjaajaan.<\/p>\n<p>Teknisten perustaitojen laajennuksen opiskelu aloitetaan l\u00e4hitapaamisella. Tapaamisessa saat tarkemmat ohjeet opiskeluun (aikataulu, palautukset jne.).<\/p>\n<p>Toteutuksessa tehd\u00e4\u00e4n yhteisi\u00e4 tuotoksia parin kanssa. Yksin ty\u00f6skentely on my\u00f6s mahdollista. Teknisten perustaitojen laajennuksen voi hyvin mielell\u00e4\u00e4n toteuttaa osana ty\u00f6ss\u00e4oppimisjaksoa.<\/p>\n<p>Opetuksesta vastaavan opettajan lis\u00e4ksi lis\u00e4tietoa aiheesta saa esimerkiksi Wikipediasta, <a href=\"http:\/\/www.logistiikanmaailma.fi\" target=\"_blank\">logistiikan maailma<\/a>-wikisivustosta sek\u00e4 ajoneuvojen ja ty\u00f6konevalmistajien\u00a0merkkikohtaisilta internetsivuilta.<\/p>\n<p>Teemat kannattaa suorittaa numeroj\u00e4rjesteyksess\u00e4.<\/p>\n","protected":false},"excerpt":{"rendered":"<p>Halutessasi opiskella Teknisten perustaitojen laajennus -verkkototeutuksen, ota yhteytt\u00e4 vastaavaan opettajaan: Heikki Hiltunen (etunimi.sukunimi@eduvantaa.fi). Voit ottaa yhteytt\u00e4 my\u00f6s opinto-ohjaajaan tai ryhm\u00e4nohjaajaan. Teknisten perustaitojen laajennuksen opiskelu aloitetaan l\u00e4hitapaamisella. Tapaamisessa saat tarkemmat ohjeet opiskeluun (aikataulu, palautukset jne.). Toteutuksessa tehd\u00e4\u00e4n yhteisi\u00e4 tuotoksia parin kanssa. Yksin ty\u00f6skentely on my\u00f6s mahdollista. Teknisten perustaitojen laajennuksen voi hyvin mielell\u00e4\u00e4n toteuttaa osana ty\u00f6ss\u00e4oppimisjaksoa. Opetuksesta &hellip; <a href=\"https:\/\/www.verkkovaria.fi\/liikenne\/tptl\/opiskelijalle\/oppimisprosessi\/\">Continued<\/a><\/p>\n","protected":false},"author":1,"featured_media":0,"parent":5,"menu_order":0,"comment_status":"closed","ping_status":"open","template":"","meta":{"footnotes":"","_links_to":"","_links_to_target":""},"class_list":["post-52","page","type-page","status-publish","hentry"],"_links":{"self":[{"href":"https:\/\/www.verkkovaria.fi\/liikenne\/tptl\/wp-json\/wp\/v2\/pages\/52","targetHints":{"allow":["GET"]}}],"collection":[{"href":"https:\/\/www.verkkovaria.fi\/liikenne\/tptl\/wp-json\/wp\/v2\/pages"}],"about":[{"href":"https:\/\/www.verkkovaria.fi\/liikenne\/tptl\/wp-json\/wp\/v2\/types\/page"}],"author":[{"embeddable":true,"href":"https:\/\/www.verkkovaria.fi\/liikenne\/tptl\/wp-json\/wp\/v2\/users\/1"}],"replies":[{"embeddable":true,"href":"https:\/\/www.verkkovaria.fi\/liikenne\/tptl\/wp-json\/wp\/v2\/comments?post=52"}],"version-history":[{"count":25,"href":"https:\/\/www.verkkovaria.fi\/liikenne\/tptl\/wp-json\/wp\/v2\/pages\/52\/revisions"}],"predecessor-version":[{"id":377,"href":"https:\/\/www.verkkovaria.fi\/liikenne\/tptl\/wp-json\/wp\/v2\/pages\/52\/revisions\/377"}],"up":[{"embeddable":true,"href":"https:\/\/www.verkkovaria.fi\/liikenne\/tptl\/wp-json\/wp\/v2\/pages\/5"}],"wp:attachment":[{"href":"https:\/\/www.verkkovaria.fi\/liikenne\/tptl\/wp-json\/wp\/v2\/media?parent=52"}],"curies":[{"name":"wp","href":"https:\/\/api.w.org\/{rel}","templated":true}]}}