{"id":7,"date":"2015-02-23T10:23:02","date_gmt":"2015-02-23T10:23:02","guid":{"rendered":"http:\/\/www.verkkovaria.fi\/liikenne\/tptl\/?page_id=7"},"modified":"2016-06-16T13:01:14","modified_gmt":"2016-06-16T13:01:14","slug":"opettajalle","status":"publish","type":"page","link":"https:\/\/www.verkkovaria.fi\/liikenne\/tptl\/opettajalle\/","title":{"rendered":"OPETTAJALLE"},"content":{"rendered":"<p>Verkkototeutuksen ohjaaminen kannattaa aloittaa l\u00e4hitapaamisella, jossa k\u00e4yd\u00e4\u00e4n l\u00e4pi aikataulu ja k\u00e4ytett\u00e4v\u00e4 oppimisalusta (esim. Office365-pilvipalvelut ja Whatsapp).\u00a0<\/p>\n<p>Varian k\u00e4yt\u00f6ss\u00e4 on Office365-pilvipalvelut. Opiskelija voi palauttaa kaikki teht\u00e4v\u00e4t jakamalla Word-\/Excel-\/tai muun tiedoston opettajan OneDrive-pilveen.<\/p>\n<p>Opiskelijaryhm\u00e4n tiedottamiseen voi k\u00e4ytt\u00e4\u00e4 Office365 -palveluun kuuluvan Outlook-s\u00e4hk\u00f6postin lis\u00e4ksi esimerkiksi Whatsapp-ryhm\u00e4\u00e4. Whatsappissa tavoiteltavuus on yleens\u00e4 parempi ja sit\u00e4 voi k\u00e4ytt\u00e4\u00e4 my\u00f6s nopeiden lis\u00e4ohjeiden antamiseen. Pyyd\u00e4 opiskelijoilta suostumus ryhm\u00e4\u00e4n liitt\u00e4misest\u00e4.<\/p>\n<p>Sis\u00e4ll\u00f6n\u00a0loppuarviointi voidaan toteuttaa lopputapaamisen yhteydess\u00e4.<\/p>\n<p>Teknisten perustaitojen laajennus on osa Trukinkuljettajan teht\u00e4v\u00e4t -tutkinnon osaa. Tutkinnon osa arvioidaan ammattiosaamisen n\u00e4yt\u00f6ss\u00e4. Tarvittaessa n\u00e4ytt\u00f6\u00e4 t\u00e4ydennet\u00e4\u00e4n haastattelujen ja teht\u00e4vien avulla. Opiskelija saa verkkototeutuksen opiskelusta suoritusmerkinn\u00e4n: suoritettu (S) \/ kesken (KE).<\/p>\n<p><strong>Linkkej\u00e4:<\/strong><\/p>\n<p>fi.wikipedia.org ja hakusana autotekniikka<\/p>\n<p><a href=\"http:\/\/edu.fi\/ammattikoulutus\/tekniikan_ja_liikenteen_ala\/opintopolut\/logistiikan_perustutkinto\/autonkuljettaja\" target=\"_blank\">OPH:n sivulla logistiikan perustutkinnosta<\/a><\/p>\n<p>Ajoneuvotekniikkaan liittyv\u00e4\u00e4 teht\u00e4vist\u00f6\u00e4 OPH:n materiaaleissa l\u00f6ytyy\u00a0<a href=\"http:\/\/www04.edu.fi\/kaytannonfysiikka\/mekaniikka_tehtavia_pultti.asp\" target=\"_blank\">t\u00e4\u00e4lt\u00e4.<\/a><\/p>\n<p>Teknist\u00e4 moottorikehityst\u00e4, uutta tietoa mm. alan lehdist\u00f6st\u00e4 hakusanalla &#8217;Moottoritekniikkaa&#8217;.<\/p>\n<p>Elintarvikkeiden kuljetuksen kannalta olennaista tietoa pakkaamisesta l\u00f6ytyy\u00a0<a href=\"http:\/\/www04.edu.fi\/elintarvikkeidenpakkaaminen\/sanasto.shtml\" target=\"_blank\">t\u00e4st\u00e4.<\/a><\/p>\n","protected":false},"excerpt":{"rendered":"<p>Verkkototeutuksen ohjaaminen kannattaa aloittaa l\u00e4hitapaamisella, jossa k\u00e4yd\u00e4\u00e4n l\u00e4pi aikataulu ja k\u00e4ytett\u00e4v\u00e4 oppimisalusta (esim. Office365-pilvipalvelut ja Whatsapp).\u00a0 Varian k\u00e4yt\u00f6ss\u00e4 on Office365-pilvipalvelut. Opiskelija voi palauttaa kaikki teht\u00e4v\u00e4t jakamalla Word-\/Excel-\/tai muun tiedoston opettajan OneDrive-pilveen. Opiskelijaryhm\u00e4n tiedottamiseen voi k\u00e4ytt\u00e4\u00e4 Office365 -palveluun kuuluvan Outlook-s\u00e4hk\u00f6postin lis\u00e4ksi esimerkiksi Whatsapp-ryhm\u00e4\u00e4. Whatsappissa tavoiteltavuus on yleens\u00e4 parempi ja sit\u00e4 voi k\u00e4ytt\u00e4\u00e4 my\u00f6s nopeiden lis\u00e4ohjeiden antamiseen. &hellip; <a href=\"https:\/\/www.verkkovaria.fi\/liikenne\/tptl\/opettajalle\/\">Continued<\/a><\/p>\n","protected":false},"author":1,"featured_media":0,"parent":0,"menu_order":0,"comment_status":"closed","ping_status":"closed","template":"","meta":{"footnotes":"","_links_to":"","_links_to_target":""},"class_list":["post-7","page","type-page","status-publish","hentry"],"_links":{"self":[{"href":"https:\/\/www.verkkovaria.fi\/liikenne\/tptl\/wp-json\/wp\/v2\/pages\/7","targetHints":{"allow":["GET"]}}],"collection":[{"href":"https:\/\/www.verkkovaria.fi\/liikenne\/tptl\/wp-json\/wp\/v2\/pages"}],"about":[{"href":"https:\/\/www.verkkovaria.fi\/liikenne\/tptl\/wp-json\/wp\/v2\/types\/page"}],"author":[{"embeddable":true,"href":"https:\/\/www.verkkovaria.fi\/liikenne\/tptl\/wp-json\/wp\/v2\/users\/1"}],"replies":[{"embeddable":true,"href":"https:\/\/www.verkkovaria.fi\/liikenne\/tptl\/wp-json\/wp\/v2\/comments?post=7"}],"version-history":[{"count":13,"href":"https:\/\/www.verkkovaria.fi\/liikenne\/tptl\/wp-json\/wp\/v2\/pages\/7\/revisions"}],"predecessor-version":[{"id":386,"href":"https:\/\/www.verkkovaria.fi\/liikenne\/tptl\/wp-json\/wp\/v2\/pages\/7\/revisions\/386"}],"wp:attachment":[{"href":"https:\/\/www.verkkovaria.fi\/liikenne\/tptl\/wp-json\/wp\/v2\/media?parent=7"}],"curies":[{"name":"wp","href":"https:\/\/api.w.org\/{rel}","templated":true}]}}