{"id":111,"date":"2016-03-18T13:06:36","date_gmt":"2016-03-18T11:06:36","guid":{"rendered":"http:\/\/www.verkkovaria.fi\/opiskelijantuki\/oppimisentuki\/?page_id=111"},"modified":"2016-05-17T15:32:13","modified_gmt":"2016-05-17T12:32:13","slug":"teema-4-tarkkaavaisuus-hahmottaminen-ja-ajankaytto","status":"publish","type":"page","link":"https:\/\/www.verkkovaria.fi\/opiskelijantuki\/opioppimaan\/teema-4-tarkkaavaisuus-hahmottaminen-ja-ajankaytto\/","title":{"rendered":"Teema 4: Ajank\u00e4ytt\u00f6 ja tarkkaavaisuus"},"content":{"rendered":"<figure id=\"attachment_148\" aria-describedby=\"caption-attachment-148\" style=\"width: 300px\" class=\"wp-caption alignnone\"><img loading=\"lazy\" decoding=\"async\" src=\"http:\/\/www.verkkovaria.fi\/opiskelijantuki\/oppimisentuki\/files\/2016\/04\/VARIA-www-res-2000px-36-300x200.jpg\" alt=\"VARIA-www-res-2000px-36\" width=\"300\" height=\"200\" \/><figcaption id=\"caption-attachment-148\" class=\"wp-caption-text\">Kuva: Vantaan ammattiopisto Varia<\/figcaption><\/figure>\n<p>\u00a0<\/p>\n<p>T\u00e4m\u00e4n teeman alla on teht\u00e4vi\u00e4 ja tietoa ajank\u00e4ytt\u00f6\u00f6n ja tarkkaavaisuuteen liittyen.\u00a0<\/p>\n<p>K\u00e4yt\u00e4 n\u00e4it\u00e4 linkkej\u00e4 vastaustesi apuna:<\/p>\n<ul>\n<li><a href=\"https:\/\/www.youtube.com\/watch?v=IGQmdoK_ZfY\" target=\"_blank\">Youtube: The Monkey Business Illusion<\/a>, testi<\/li>\n<li><a href=\"https:\/\/www.vantaa.fi\/instancedata\/prime_product_julkaisu\/vantaa\/embeds\/vantaawwwstructure\/111062_67447_Ajankayttoympyra_oppilaalle.pdf\" target=\"_blank\">Vantaan kaupunki, Ajank\u00e4ytt\u00f6ympyr\u00e4 -pdf-tiedosto<\/a><\/li>\n<li><a href=\"https:\/\/www.utu.fi\/fi\/Opiskelu\/opiskelu-yliopistossa\/opiskelutaidot\/Sivut\/ajankayton-suunnittelu.aspx\" target=\"_blank\">Turun yliopisto, ajank\u00e4yt\u00f6n suunnittelu<\/a><\/li>\n<li><a href=\"http:\/\/www.mll.fi\/vanhempainnetti\/tietokulma\/vanhemman_hyvinvointi\/hyva_ajanhallinta\/\" target=\"_blank\">Mannerheimin Lastensuojeluliitto, hyv\u00e4 ajanhallinta<\/a>, ajank\u00e4ytt\u00f6<\/li>\n<li><a href=\"http:\/\/www.opioppimaan.fi\/opioppimaan\/index.php?k=14186\" target=\"_blank\">Opi oppimaan, tarkkaavaisuus<\/a><\/li>\n<\/ul>\n<p>\u00a0<\/p>\n<p><strong>Perustason teht\u00e4v\u00e4:<\/strong><\/p>\n<p>Tee itsellesi ajank\u00e4ytt\u00f6ympyr\u00e4. Kirjaa yl\u00f6s vuorokauden ajank\u00e4yt\u00f6n jakautuminen (jos tuntuu hankalalta palauttaa ympyr\u00e4muodossa, niin kirjoita montako tuntia mihinkin vuorokaudessa kuluu).<\/p>\n<p>Pohdi, mit\u00e4 muutoksia sinun tulisi siihen tehd\u00e4.<\/p>\n<p>\u00a0<\/p>\n<p><strong>Soveltava teht\u00e4v\u00e4:<\/strong><\/p>\n<p>Mill\u00e4 tavoin pystyt tekem\u00e4\u00e4n muutoksia omaan ajank\u00e4ytt\u00f6\u00f6si (mieti ihmissuhdeaikaa, virkistysaikaa ja opiskeluaikaa)?<\/p>\n<p>\u00a0<\/p>\n<p><strong>Syvent\u00e4v\u00e4 teht\u00e4v\u00e4:<\/strong><\/p>\n<p>Lue linkin tarina tarkkaavaisuudesta ja pohdi miten itse voit suunnata omaa tarkkaavaisuuttasi opiskeltavaan asiaan. Pohdi lis\u00e4ksi millaisissa olosuhteissa sinun on helpointa keskitty\u00e4.\u00a0<\/p>\n<p>\u00a0<\/p>\n<p>Palauta teht\u00e4v\u00e4 tai teht\u00e4v\u00e4t ensimm\u00e4isess\u00e4 tapaamisessa sovitulle oppimisalustalle m\u00e4\u00e4r\u00e4p\u00e4iv\u00e4\u00e4n menness\u00e4.<\/p>\n","protected":false},"excerpt":{"rendered":"<p>\u00a0 T\u00e4m\u00e4n teeman alla on teht\u00e4vi\u00e4 ja tietoa ajank\u00e4ytt\u00f6\u00f6n ja tarkkaavaisuuteen liittyen.\u00a0 K\u00e4yt\u00e4 n\u00e4it\u00e4 linkkej\u00e4 vastaustesi apuna: Youtube: The Monkey Business Illusion, testi Vantaan kaupunki, Ajank\u00e4ytt\u00f6ympyr\u00e4 -pdf-tiedosto Turun yliopisto, ajank\u00e4yt\u00f6n suunnittelu Mannerheimin Lastensuojeluliitto, hyv\u00e4 ajanhallinta, ajank\u00e4ytt\u00f6 Opi oppimaan, tarkkaavaisuus \u00a0 Perustason teht\u00e4v\u00e4: Tee itsellesi ajank\u00e4ytt\u00f6ympyr\u00e4. Kirjaa yl\u00f6s vuorokauden ajank\u00e4yt\u00f6n jakautuminen (jos tuntuu hankalalta palauttaa ympyr\u00e4muodossa, &hellip; <a href=\"https:\/\/www.verkkovaria.fi\/opiskelijantuki\/opioppimaan\/teema-4-tarkkaavaisuus-hahmottaminen-ja-ajankaytto\/\">Continued<\/a><\/p>\n","protected":false},"author":3,"featured_media":0,"parent":0,"menu_order":0,"comment_status":"closed","ping_status":"closed","template":"","meta":{"footnotes":"","_links_to":"","_links_to_target":""},"class_list":["post-111","page","type-page","status-publish","hentry"],"_links":{"self":[{"href":"https:\/\/www.verkkovaria.fi\/opiskelijantuki\/opioppimaan\/wp-json\/wp\/v2\/pages\/111","targetHints":{"allow":["GET"]}}],"collection":[{"href":"https:\/\/www.verkkovaria.fi\/opiskelijantuki\/opioppimaan\/wp-json\/wp\/v2\/pages"}],"about":[{"href":"https:\/\/www.verkkovaria.fi\/opiskelijantuki\/opioppimaan\/wp-json\/wp\/v2\/types\/page"}],"author":[{"embeddable":true,"href":"https:\/\/www.verkkovaria.fi\/opiskelijantuki\/opioppimaan\/wp-json\/wp\/v2\/users\/3"}],"replies":[{"embeddable":true,"href":"https:\/\/www.verkkovaria.fi\/opiskelijantuki\/opioppimaan\/wp-json\/wp\/v2\/comments?post=111"}],"version-history":[{"count":25,"href":"https:\/\/www.verkkovaria.fi\/opiskelijantuki\/opioppimaan\/wp-json\/wp\/v2\/pages\/111\/revisions"}],"predecessor-version":[{"id":296,"href":"https:\/\/www.verkkovaria.fi\/opiskelijantuki\/opioppimaan\/wp-json\/wp\/v2\/pages\/111\/revisions\/296"}],"wp:attachment":[{"href":"https:\/\/www.verkkovaria.fi\/opiskelijantuki\/opioppimaan\/wp-json\/wp\/v2\/media?parent=111"}],"curies":[{"name":"wp","href":"https:\/\/api.w.org\/{rel}","templated":true}]}}