{"id":123,"date":"2016-03-22T10:59:57","date_gmt":"2016-03-22T08:59:57","guid":{"rendered":"http:\/\/www.verkkovaria.fi\/opiskelijantuki\/oppimisentuki\/?page_id=123"},"modified":"2016-05-17T15:38:43","modified_gmt":"2016-05-17T12:38:43","slug":"teema-5-motivaatio","status":"publish","type":"page","link":"https:\/\/www.verkkovaria.fi\/opiskelijantuki\/opioppimaan\/teema-5-motivaatio\/","title":{"rendered":"Teema 5: Motivaatio"},"content":{"rendered":"<figure id=\"attachment_150\" aria-describedby=\"caption-attachment-150\" style=\"width: 300px\" class=\"wp-caption alignnone\"><img loading=\"lazy\" decoding=\"async\" src=\"http:\/\/www.verkkovaria.fi\/opiskelijantuki\/oppimisentuki\/files\/2016\/04\/VARIA-www-res-2000px-132-300x200.jpg\" alt=\"VARIA-www-res-2000px-132\" width=\"300\" height=\"200\" \/><figcaption id=\"caption-attachment-150\" class=\"wp-caption-text\">Kuva: Vantaan ammattiopisto Varia<\/figcaption><\/figure>\n<p>\u00a0<\/p>\n<p>T\u00e4m\u00e4n teeman alla on teht\u00e4vi\u00e4 ja tietoa motivaatiosta.<\/p>\n<p>K\u00e4yt\u00e4 n\u00e4it\u00e4 linkkej\u00e4 vastaustesi apuna:<\/p>\n<ul>\n<li><a href=\"https:\/\/www.youtube.com\/watch?v=apYuFLE7djU\" target=\"_blank\">Youtube: Uratakomo &#8211; Ty\u00f6haastattelu<\/a>, asenteen merkitys<\/li>\n<li><a href=\"https:\/\/www.utu.fi\/fi\/Opiskelu\/opiskelu-yliopistossa\/opiskelutaidot\/Sivut\/motivaatio-opiskelussa.aspx\" target=\"_blank\">Turun yliopisto, Motivaatio opiskelussa<\/a><\/li>\n<li><a href=\"http:\/\/www.terveysverkko.fi\/tietopankki\/tyoikaisille\/motivaatio\" target=\"_blank\">Suomen Terveysliikuntainstituutti Oy, Terveysverkko<\/a>, sis\u00e4inen ja ulkoinen motivaatio<\/li>\n<li><a href=\"http:\/\/www.slideshare.net\/Ilcaccio\/sisinen-motivaatio\" target=\"_blank\">Slideshare.net, Netpoint Oy<\/a>, sis\u00e4inen ja ulkoinen motivaatio<\/li>\n<\/ul>\n<p>\u00a0<\/p>\n<p><strong>Perustason teht\u00e4v\u00e4:<\/strong><\/p>\n<p>Katso linkin asenteen merkitys video ja vastaa kysymyksiin:<\/p>\n<p>a) Perustele, kumman hakijoista palkkaisit t\u00f6ihin.<\/p>\n<p>b) Miten itse pukeudut ty\u00f6haastatteluun?<\/p>\n<p>c) Perustele kummalla hakijalla on mielest\u00e4si parempi asenne ty\u00f6paikkaa kohtaan. Miksi?<\/p>\n<p>\u00a0<\/p>\n<p><strong>Soveltava teht\u00e4v\u00e4:<\/strong><\/p>\n<p>Kirjaa pieni alustus motivaatiosta, mit\u00e4 on motivaatio?<\/p>\n<p>Mieti linkin avulla, miten voit kehitt\u00e4\u00e4 omaa motivaatiotasi?<\/p>\n<p>\u00a0<\/p>\n<p><strong>Syvent\u00e4v\u00e4 teht\u00e4v\u00e4:<\/strong><\/p>\n<p>Selvit\u00e4 linkkien avulla mit\u00e4 tarkoittaa sis\u00e4inen ja ulkoinen motivaatio. Pohdi ja anna esimerkkej\u00e4 miten ne n\u00e4kyv\u00e4t omassa el\u00e4m\u00e4ss\u00e4si (esim. opiskelu, harrastukset, kaverit).<\/p>\n<p>\u00a0<\/p>\n<p>Palauta teht\u00e4v\u00e4 tai teht\u00e4v\u00e4t ensimm\u00e4isess\u00e4 tapaamisessa sovitulle oppimisalustalle m\u00e4\u00e4r\u00e4p\u00e4iv\u00e4\u00e4n menness\u00e4.<\/p>\n","protected":false},"excerpt":{"rendered":"<p>\u00a0 T\u00e4m\u00e4n teeman alla on teht\u00e4vi\u00e4 ja tietoa motivaatiosta. K\u00e4yt\u00e4 n\u00e4it\u00e4 linkkej\u00e4 vastaustesi apuna: Youtube: Uratakomo &#8211; Ty\u00f6haastattelu, asenteen merkitys Turun yliopisto, Motivaatio opiskelussa Suomen Terveysliikuntainstituutti Oy, Terveysverkko, sis\u00e4inen ja ulkoinen motivaatio Slideshare.net, Netpoint Oy, sis\u00e4inen ja ulkoinen motivaatio \u00a0 Perustason teht\u00e4v\u00e4: Katso linkin asenteen merkitys video ja vastaa kysymyksiin: a) Perustele, kumman hakijoista palkkaisit &hellip; <a href=\"https:\/\/www.verkkovaria.fi\/opiskelijantuki\/opioppimaan\/teema-5-motivaatio\/\">Continued<\/a><\/p>\n","protected":false},"author":3,"featured_media":0,"parent":0,"menu_order":0,"comment_status":"closed","ping_status":"closed","template":"","meta":{"footnotes":"","_links_to":"","_links_to_target":""},"class_list":["post-123","page","type-page","status-publish","hentry"],"_links":{"self":[{"href":"https:\/\/www.verkkovaria.fi\/opiskelijantuki\/opioppimaan\/wp-json\/wp\/v2\/pages\/123","targetHints":{"allow":["GET"]}}],"collection":[{"href":"https:\/\/www.verkkovaria.fi\/opiskelijantuki\/opioppimaan\/wp-json\/wp\/v2\/pages"}],"about":[{"href":"https:\/\/www.verkkovaria.fi\/opiskelijantuki\/opioppimaan\/wp-json\/wp\/v2\/types\/page"}],"author":[{"embeddable":true,"href":"https:\/\/www.verkkovaria.fi\/opiskelijantuki\/opioppimaan\/wp-json\/wp\/v2\/users\/3"}],"replies":[{"embeddable":true,"href":"https:\/\/www.verkkovaria.fi\/opiskelijantuki\/opioppimaan\/wp-json\/wp\/v2\/comments?post=123"}],"version-history":[{"count":20,"href":"https:\/\/www.verkkovaria.fi\/opiskelijantuki\/opioppimaan\/wp-json\/wp\/v2\/pages\/123\/revisions"}],"predecessor-version":[{"id":297,"href":"https:\/\/www.verkkovaria.fi\/opiskelijantuki\/opioppimaan\/wp-json\/wp\/v2\/pages\/123\/revisions\/297"}],"wp:attachment":[{"href":"https:\/\/www.verkkovaria.fi\/opiskelijantuki\/opioppimaan\/wp-json\/wp\/v2\/media?parent=123"}],"curies":[{"name":"wp","href":"https:\/\/api.w.org\/{rel}","templated":true}]}}