{"id":177,"date":"2016-04-01T11:25:26","date_gmt":"2016-04-01T08:25:26","guid":{"rendered":"http:\/\/www.verkkovaria.fi\/opiskelijantuki\/oppimisentuki\/?page_id=177"},"modified":"2016-05-04T10:19:14","modified_gmt":"2016-05-04T07:19:14","slug":"itsearviointi","status":"publish","type":"page","link":"https:\/\/www.verkkovaria.fi\/opiskelijantuki\/opioppimaan\/itsearviointi\/","title":{"rendered":"Itsearviointi"},"content":{"rendered":"<p>Tehty\u00e4si tarvittavat teht\u00e4v\u00e4t, vastaa \u00a0alla olevaan itsearviointiin. Vastauksessa pit\u00e4\u00e4 n\u00e4ky\u00e4 omaa pohdintaa. Palauta pohdintasi ensimm\u00e4isess\u00e4 tapaamisessa\u00a0sovitulle oppimisalustalle m\u00e4\u00e4r\u00e4p\u00e4iv\u00e4\u00e4n menness\u00e4.<\/p>\n<ol>\n<li>Mit\u00e4 osaamispisteiden lis\u00e4ksi &#8221;j\u00e4i k\u00e4teen&#8221; teht\u00e4vien tekemisest\u00e4?<\/li>\n<li>Mit\u00e4 uutta otit k\u00e4ytt\u00f6\u00f6n omassa oppimisessasi?<\/li>\n<li>Mit\u00e4 kehitett\u00e4v\u00e4\u00e4 sinulle viel\u00e4 j\u00e4i teemoihin liittyen?<\/li>\n<li>Miten aiot kehitt\u00e4\u00e4 itse\u00e4si teemoihin liittyen?<\/li>\n<\/ol>\n<figure id=\"attachment_144\" aria-describedby=\"caption-attachment-144\" style=\"width: 300px\" class=\"wp-caption alignnone\"><img loading=\"lazy\" decoding=\"async\" src=\"http:\/\/www.verkkovaria.fi\/opiskelijantuki\/oppimisentuki\/files\/2016\/04\/VARIA-www-res-2000px-80-300x200.jpg\" alt=\"VARIA-www-res-2000px-80\" width=\"300\" height=\"200\" \/><figcaption id=\"caption-attachment-144\" class=\"wp-caption-text\">Kuva: Vantaan ammattiopisto Varia<\/figcaption><\/figure>\n<p>\u00a0<\/p>\n","protected":false},"excerpt":{"rendered":"<p>Tehty\u00e4si tarvittavat teht\u00e4v\u00e4t, vastaa \u00a0alla olevaan itsearviointiin. Vastauksessa pit\u00e4\u00e4 n\u00e4ky\u00e4 omaa pohdintaa. Palauta pohdintasi ensimm\u00e4isess\u00e4 tapaamisessa\u00a0sovitulle oppimisalustalle m\u00e4\u00e4r\u00e4p\u00e4iv\u00e4\u00e4n menness\u00e4. Mit\u00e4 osaamispisteiden lis\u00e4ksi &#8221;j\u00e4i k\u00e4teen&#8221; teht\u00e4vien tekemisest\u00e4? Mit\u00e4 uutta otit k\u00e4ytt\u00f6\u00f6n omassa oppimisessasi? Mit\u00e4 kehitett\u00e4v\u00e4\u00e4 sinulle viel\u00e4 j\u00e4i teemoihin liittyen? Miten aiot kehitt\u00e4\u00e4 itse\u00e4si teemoihin liittyen? \u00a0<\/p>\n","protected":false},"author":3,"featured_media":0,"parent":0,"menu_order":0,"comment_status":"closed","ping_status":"closed","template":"","meta":{"footnotes":"","_links_to":"","_links_to_target":""},"class_list":["post-177","page","type-page","status-publish","hentry"],"_links":{"self":[{"href":"https:\/\/www.verkkovaria.fi\/opiskelijantuki\/opioppimaan\/wp-json\/wp\/v2\/pages\/177","targetHints":{"allow":["GET"]}}],"collection":[{"href":"https:\/\/www.verkkovaria.fi\/opiskelijantuki\/opioppimaan\/wp-json\/wp\/v2\/pages"}],"about":[{"href":"https:\/\/www.verkkovaria.fi\/opiskelijantuki\/opioppimaan\/wp-json\/wp\/v2\/types\/page"}],"author":[{"embeddable":true,"href":"https:\/\/www.verkkovaria.fi\/opiskelijantuki\/opioppimaan\/wp-json\/wp\/v2\/users\/3"}],"replies":[{"embeddable":true,"href":"https:\/\/www.verkkovaria.fi\/opiskelijantuki\/opioppimaan\/wp-json\/wp\/v2\/comments?post=177"}],"version-history":[{"count":11,"href":"https:\/\/www.verkkovaria.fi\/opiskelijantuki\/opioppimaan\/wp-json\/wp\/v2\/pages\/177\/revisions"}],"predecessor-version":[{"id":290,"href":"https:\/\/www.verkkovaria.fi\/opiskelijantuki\/opioppimaan\/wp-json\/wp\/v2\/pages\/177\/revisions\/290"}],"wp:attachment":[{"href":"https:\/\/www.verkkovaria.fi\/opiskelijantuki\/opioppimaan\/wp-json\/wp\/v2\/media?parent=177"}],"curies":[{"name":"wp","href":"https:\/\/api.w.org\/{rel}","templated":true}]}}