{"id":35,"date":"2016-03-14T13:24:44","date_gmt":"2016-03-14T11:24:44","guid":{"rendered":"http:\/\/www.verkkovaria.fi\/opiskelijantuki\/oppimisentuki\/?page_id=35"},"modified":"2016-05-19T09:11:58","modified_gmt":"2016-05-19T06:11:58","slug":"opiskeluprosessi","status":"publish","type":"page","link":"https:\/\/www.verkkovaria.fi\/opiskelijantuki\/opioppimaan\/opiskeluprosessi\/","title":{"rendered":"Opiskeluprosessi"},"content":{"rendered":"<p>Opi oppimaan -opintojen laajuus on 1-3 osp (teht\u00e4vien laajuus\/m\u00e4\u00e4r\u00e4). Teht\u00e4vi\u00e4 voit valita eri teemoista ja tasoista (perustaso, soveltava, syvent\u00e4v\u00e4).<\/p>\n<p>Ensimm\u00e4isess\u00e4 tapaamisessa sovitaan aikatauluista, laajuudesta ja teht\u00e4vien palautustavoista.\u00a0<\/p>\n<p>Halutessasi opiskella Opi oppimaan \u2013verkkototeutuksen ota yhteytt\u00e4 Mirjami Rossi-M\u00e4enp\u00e4\u00e4h\u00e4n (mirjami.rossi-maenpaa@vantaa.fi) tai Kati Grommiin (kati.grommi@eduvantaa.fi).\u00a0\u00a0<\/p>\n<p>Voit my\u00f6s olla yhteydess\u00e4 ryhm\u00e4nohjaajaasi tai opinto-ohjaajaan. He ohjaavat sinua opinnoissasi eteenp\u00e4in.<\/p>\n<figure id=\"attachment_146\" aria-describedby=\"caption-attachment-146\" style=\"width: 300px\" class=\"wp-caption alignnone\"><img loading=\"lazy\" decoding=\"async\" src=\"http:\/\/www.verkkovaria.fi\/opiskelijantuki\/oppimisentuki\/files\/2016\/04\/VARIA-www-res-2000px-153-300x200.jpg\" alt=\"VARIA-www-res-2000px-153\" width=\"300\" height=\"200\" \/><figcaption id=\"caption-attachment-146\" class=\"wp-caption-text\">Kuva: Vantaan ammattiopisto Varia<\/figcaption><\/figure>\n","protected":false},"excerpt":{"rendered":"<p>Opi oppimaan -opintojen laajuus on 1-3 osp (teht\u00e4vien laajuus\/m\u00e4\u00e4r\u00e4). Teht\u00e4vi\u00e4 voit valita eri teemoista ja tasoista (perustaso, soveltava, syvent\u00e4v\u00e4). Ensimm\u00e4isess\u00e4 tapaamisessa sovitaan aikatauluista, laajuudesta ja teht\u00e4vien palautustavoista.\u00a0 Halutessasi opiskella Opi oppimaan \u2013verkkototeutuksen ota yhteytt\u00e4 Mirjami Rossi-M\u00e4enp\u00e4\u00e4h\u00e4n (mirjami.rossi-maenpaa@vantaa.fi) tai Kati Grommiin (kati.grommi@eduvantaa.fi).\u00a0\u00a0 Voit my\u00f6s olla yhteydess\u00e4 ryhm\u00e4nohjaajaasi tai opinto-ohjaajaan. He ohjaavat sinua opinnoissasi eteenp\u00e4in.<\/p>\n","protected":false},"author":1,"featured_media":0,"parent":0,"menu_order":0,"comment_status":"closed","ping_status":"closed","template":"","meta":{"footnotes":"","_links_to":"","_links_to_target":""},"class_list":["post-35","page","type-page","status-publish","hentry"],"_links":{"self":[{"href":"https:\/\/www.verkkovaria.fi\/opiskelijantuki\/opioppimaan\/wp-json\/wp\/v2\/pages\/35","targetHints":{"allow":["GET"]}}],"collection":[{"href":"https:\/\/www.verkkovaria.fi\/opiskelijantuki\/opioppimaan\/wp-json\/wp\/v2\/pages"}],"about":[{"href":"https:\/\/www.verkkovaria.fi\/opiskelijantuki\/opioppimaan\/wp-json\/wp\/v2\/types\/page"}],"author":[{"embeddable":true,"href":"https:\/\/www.verkkovaria.fi\/opiskelijantuki\/opioppimaan\/wp-json\/wp\/v2\/users\/1"}],"replies":[{"embeddable":true,"href":"https:\/\/www.verkkovaria.fi\/opiskelijantuki\/opioppimaan\/wp-json\/wp\/v2\/comments?post=35"}],"version-history":[{"count":12,"href":"https:\/\/www.verkkovaria.fi\/opiskelijantuki\/opioppimaan\/wp-json\/wp\/v2\/pages\/35\/revisions"}],"predecessor-version":[{"id":301,"href":"https:\/\/www.verkkovaria.fi\/opiskelijantuki\/opioppimaan\/wp-json\/wp\/v2\/pages\/35\/revisions\/301"}],"wp:attachment":[{"href":"https:\/\/www.verkkovaria.fi\/opiskelijantuki\/opioppimaan\/wp-json\/wp\/v2\/media?parent=35"}],"curies":[{"name":"wp","href":"https:\/\/api.w.org\/{rel}","templated":true}]}}