{"id":45,"date":"2016-03-14T13:27:04","date_gmt":"2016-03-14T11:27:04","guid":{"rendered":"http:\/\/www.verkkovaria.fi\/opiskelijantuki\/oppimisentuki\/?page_id=45"},"modified":"2016-05-19T09:33:08","modified_gmt":"2016-05-19T06:33:08","slug":"ohjeita-verkko-opetukseen","status":"publish","type":"page","link":"https:\/\/www.verkkovaria.fi\/opiskelijantuki\/opioppimaan\/ohjeita-verkko-opetukseen\/","title":{"rendered":"Ohjeita verkko-opetukseen"},"content":{"rendered":"<p>Opi oppimaan -verkkototeutuksen teht\u00e4v\u00e4t k\u00e4sittelev\u00e4t opiskelijan omaa oppimista ja jokainen opiskelija miettii teht\u00e4vien aiheita omakohtaisesti.\u00a0<\/p>\n<p>Ennen verkkototeutusta opettajan tulee ohjeistaa opiskelijat toteutuksen suorittamiseen. T\u00e4ll\u00f6in k\u00e4yd\u00e4\u00e4n l\u00e4pi toteutukselle asetetut tavoitteet, sis\u00e4lt\u00f6, arviointi ja teht\u00e4vien palautusohjeet.<\/p>\n<p>Opettaja sopii palautteen ja arvioinnin antamistavat opiskelijan kanssa.\u00a0<\/p>\n<p>Toteutuksen voi suorittaa 1 &#8211; 3 osaamispisteen laajuisena, kts. tarkemmin Opiskelijalle &gt; <a href=\"http:\/\/www.verkkovaria.fi\/opiskelijantuki\/oppimisentuki\/arviointi\/\">Arviointi<\/a>.\u00a0<\/p>\n<p>\u00a0<\/p>\n","protected":false},"excerpt":{"rendered":"<p>Opi oppimaan -verkkototeutuksen teht\u00e4v\u00e4t k\u00e4sittelev\u00e4t opiskelijan omaa oppimista ja jokainen opiskelija miettii teht\u00e4vien aiheita omakohtaisesti.\u00a0 Ennen verkkototeutusta opettajan tulee ohjeistaa opiskelijat toteutuksen suorittamiseen. T\u00e4ll\u00f6in k\u00e4yd\u00e4\u00e4n l\u00e4pi toteutukselle asetetut tavoitteet, sis\u00e4lt\u00f6, arviointi ja teht\u00e4vien palautusohjeet. Opettaja sopii palautteen ja arvioinnin antamistavat opiskelijan kanssa.\u00a0 Toteutuksen voi suorittaa 1 &#8211; 3 osaamispisteen laajuisena, kts. tarkemmin Opiskelijalle &gt; Arviointi.\u00a0 &hellip; <a href=\"https:\/\/www.verkkovaria.fi\/opiskelijantuki\/opioppimaan\/ohjeita-verkko-opetukseen\/\">Continued<\/a><\/p>\n","protected":false},"author":1,"featured_media":0,"parent":0,"menu_order":0,"comment_status":"closed","ping_status":"closed","template":"","meta":{"footnotes":"","_links_to":"","_links_to_target":""},"class_list":["post-45","page","type-page","status-publish","hentry"],"_links":{"self":[{"href":"https:\/\/www.verkkovaria.fi\/opiskelijantuki\/opioppimaan\/wp-json\/wp\/v2\/pages\/45","targetHints":{"allow":["GET"]}}],"collection":[{"href":"https:\/\/www.verkkovaria.fi\/opiskelijantuki\/opioppimaan\/wp-json\/wp\/v2\/pages"}],"about":[{"href":"https:\/\/www.verkkovaria.fi\/opiskelijantuki\/opioppimaan\/wp-json\/wp\/v2\/types\/page"}],"author":[{"embeddable":true,"href":"https:\/\/www.verkkovaria.fi\/opiskelijantuki\/opioppimaan\/wp-json\/wp\/v2\/users\/1"}],"replies":[{"embeddable":true,"href":"https:\/\/www.verkkovaria.fi\/opiskelijantuki\/opioppimaan\/wp-json\/wp\/v2\/comments?post=45"}],"version-history":[{"count":6,"href":"https:\/\/www.verkkovaria.fi\/opiskelijantuki\/opioppimaan\/wp-json\/wp\/v2\/pages\/45\/revisions"}],"predecessor-version":[{"id":302,"href":"https:\/\/www.verkkovaria.fi\/opiskelijantuki\/opioppimaan\/wp-json\/wp\/v2\/pages\/45\/revisions\/302"}],"wp:attachment":[{"href":"https:\/\/www.verkkovaria.fi\/opiskelijantuki\/opioppimaan\/wp-json\/wp\/v2\/media?parent=45"}],"curies":[{"name":"wp","href":"https:\/\/api.w.org\/{rel}","templated":true}]}}