{"id":63,"date":"2016-03-18T09:00:37","date_gmt":"2016-03-18T07:00:37","guid":{"rendered":"http:\/\/www.verkkovaria.fi\/opiskelijantuki\/oppimisentuki\/?page_id=63"},"modified":"2016-05-17T09:51:13","modified_gmt":"2016-05-17T06:51:13","slug":"aloitus","status":"publish","type":"page","link":"https:\/\/www.verkkovaria.fi\/opiskelijantuki\/opioppimaan\/aloitus\/","title":{"rendered":"Aloitus"},"content":{"rendered":"<figure id=\"attachment_149\" aria-describedby=\"caption-attachment-149\" style=\"width: 300px\" class=\"wp-caption alignnone\"><img loading=\"lazy\" decoding=\"async\" src=\"http:\/\/www.verkkovaria.fi\/opiskelijantuki\/oppimisentuki\/files\/2016\/04\/VARIA-www-res-2000px-72-300x200.jpg\" alt=\"VARIA-www-res-2000px-72\" width=\"300\" height=\"200\" \/><figcaption id=\"caption-attachment-149\" class=\"wp-caption-text\">Kuva: Vantaan ammattiopisto Varia<\/figcaption><\/figure>\n<p>\u00a0<\/p>\n<p>Orientoiva teht\u00e4v\u00e4. T\u00e4m\u00e4n tarkoituksena on her\u00e4tell\u00e4 pohtimaan omaa oppimista.<\/p>\n<p>Mieti omalta kohdaltasi seuraavia kysymyksi\u00e4:<\/p>\n<ul>\n<li>Mik\u00e4 tai millainen oli viimeinen hyv\u00e4 oppimiskokemuksesi?<\/li>\n<li>Millainen tilanne oli?<\/li>\n<li>Mit\u00e4 oikeasti opit tuolloin?<\/li>\n<li>Milt\u00e4 sinusta tuntui?<\/li>\n<li>Mik\u00e4 tai millainen oli viimeinen huono\/ik\u00e4v\u00e4 oppimiskokemuksesi?<\/li>\n<li>Millainen tilanne oli?<\/li>\n<li>Milt\u00e4 sinusta tuntui?<\/li>\n<li>Mit\u00e4 osaamista haluat vahvistaa ja mihin mahdollisesti kaipaat tukea?<\/li>\n<\/ul>\n<p>\u00a0<\/p>\n<p>Vastaa ainakin viiteen alla olevaan kysymykseen ja\u00a0palauta pohdintasi ensimm\u00e4isess\u00e4 tapaamisessa\u00a0sovitulle oppimisalustalle m\u00e4\u00e4r\u00e4p\u00e4iv\u00e4\u00e4n menness\u00e4.<\/p>\n<p>\u00a0<\/p>\n","protected":false},"excerpt":{"rendered":"<p>\u00a0 Orientoiva teht\u00e4v\u00e4. T\u00e4m\u00e4n tarkoituksena on her\u00e4tell\u00e4 pohtimaan omaa oppimista. Mieti omalta kohdaltasi seuraavia kysymyksi\u00e4: Mik\u00e4 tai millainen oli viimeinen hyv\u00e4 oppimiskokemuksesi? Millainen tilanne oli? Mit\u00e4 oikeasti opit tuolloin? Milt\u00e4 sinusta tuntui? Mik\u00e4 tai millainen oli viimeinen huono\/ik\u00e4v\u00e4 oppimiskokemuksesi? Millainen tilanne oli? Milt\u00e4 sinusta tuntui? Mit\u00e4 osaamista haluat vahvistaa ja mihin mahdollisesti kaipaat tukea? \u00a0 &hellip; <a href=\"https:\/\/www.verkkovaria.fi\/opiskelijantuki\/opioppimaan\/aloitus\/\">Continued<\/a><\/p>\n","protected":false},"author":3,"featured_media":0,"parent":0,"menu_order":0,"comment_status":"closed","ping_status":"closed","template":"","meta":{"footnotes":"","_links_to":"","_links_to_target":""},"class_list":["post-63","page","type-page","status-publish","hentry"],"_links":{"self":[{"href":"https:\/\/www.verkkovaria.fi\/opiskelijantuki\/opioppimaan\/wp-json\/wp\/v2\/pages\/63","targetHints":{"allow":["GET"]}}],"collection":[{"href":"https:\/\/www.verkkovaria.fi\/opiskelijantuki\/opioppimaan\/wp-json\/wp\/v2\/pages"}],"about":[{"href":"https:\/\/www.verkkovaria.fi\/opiskelijantuki\/opioppimaan\/wp-json\/wp\/v2\/types\/page"}],"author":[{"embeddable":true,"href":"https:\/\/www.verkkovaria.fi\/opiskelijantuki\/opioppimaan\/wp-json\/wp\/v2\/users\/3"}],"replies":[{"embeddable":true,"href":"https:\/\/www.verkkovaria.fi\/opiskelijantuki\/opioppimaan\/wp-json\/wp\/v2\/comments?post=63"}],"version-history":[{"count":13,"href":"https:\/\/www.verkkovaria.fi\/opiskelijantuki\/opioppimaan\/wp-json\/wp\/v2\/pages\/63\/revisions"}],"predecessor-version":[{"id":292,"href":"https:\/\/www.verkkovaria.fi\/opiskelijantuki\/opioppimaan\/wp-json\/wp\/v2\/pages\/63\/revisions\/292"}],"wp:attachment":[{"href":"https:\/\/www.verkkovaria.fi\/opiskelijantuki\/opioppimaan\/wp-json\/wp\/v2\/media?parent=63"}],"curies":[{"name":"wp","href":"https:\/\/api.w.org\/{rel}","templated":true}]}}