{"id":77,"date":"2016-03-18T09:23:27","date_gmt":"2016-03-18T07:23:27","guid":{"rendered":"http:\/\/www.verkkovaria.fi\/opiskelijantuki\/oppimisentuki\/?page_id=77"},"modified":"2016-05-17T10:21:18","modified_gmt":"2016-05-17T07:21:18","slug":"teema-1-opiskelutekniikat","status":"publish","type":"page","link":"https:\/\/www.verkkovaria.fi\/opiskelijantuki\/opioppimaan\/teema-1-opiskelutekniikat\/","title":{"rendered":"Teema 1: Opiskelutekniikat"},"content":{"rendered":"<figure id=\"attachment_143\" aria-describedby=\"caption-attachment-143\" style=\"width: 300px\" class=\"wp-caption alignnone\"><img loading=\"lazy\" decoding=\"async\" src=\"http:\/\/www.verkkovaria.fi\/opiskelijantuki\/oppimisentuki\/files\/2016\/04\/VARIA-www-res-2000px-51-300x200.jpg\" alt=\"VARIA-www-res-2000px-51\" width=\"300\" height=\"200\" \/><figcaption id=\"caption-attachment-143\" class=\"wp-caption-text\">Kuva: Vantaan ammattiopisto Varia<\/figcaption><\/figure>\n<p>\u00a0<\/p>\n<p>T\u00e4m\u00e4n teeman alla on teht\u00e4vi\u00e4 ja tietoa opiskelutekniikoista.<\/p>\n<p>Yleisi\u00e4 vinkkej\u00e4 opiskelutekniikoista:<\/p>\n<ul>\n<li>keskity kuuntelemaan opetusta<\/li>\n<li>keskustele muiden kanssa aiheesta<\/li>\n<li>lue, keskustele ja ajattele \u00e4\u00e4neen<\/li>\n<li>lue uudet tekstit osissa ja kerro tai kirjoita ne omin sanoin<\/li>\n<li>piirr\u00e4 kuvia tai kaavioita opiskeltavasta asiasta<\/li>\n<li>tee opiskeltavasta aiheesta miellekartta, k\u00e4sitekartta, mind map<\/li>\n<li>k\u00e4yt\u00e4nn\u00f6n t\u00f6iss\u00e4 liiku ja kertaa opiskeltavia asioita<\/li>\n<li>k\u00e4yt\u00e4nn\u00f6n t\u00f6iss\u00e4 seuraa opettajan havainnostavaa esimerkki\u00e4<\/li>\n<li>luo mielikuva opiskeltavasta asiasta muistin tueksi<\/li>\n<li>pyri l\u00f6yt\u00e4m\u00e4\u00e4n itsellesi sopiva oppimisymp\u00e4rist\u00f6<\/li>\n<\/ul>\n<p>K\u00e4yt\u00e4 n\u00e4it\u00e4 linkkej\u00e4 vastaustesi apuna:<\/p>\n<ul>\n<li><a href=\"http:\/\/www.oppimisvaikeus.fi\/oppimisen-tueksi\/tietoa-oppimisesta\" target=\"_blank\">Oppimisvaikeus.fi<\/a>, yleist\u00e4 tietoa oppimisesta<\/li>\n<li><a href=\"http:\/\/www.porttivapauteen.fi\/ammattilaiset\/oppaat_ja_kasikirjat\/oppimisvaikeuksista_vapaaksi_-kasikirja\/muisti\" target=\"_blank\">Portti vapauteen<\/a>, Mit\u00e4 muisti on?<\/li>\n<li><a href=\"http:\/\/www.valmistu.net\/files\/oppiminen_on_taitolaji!.pdf\" target=\"_blank\">Valmistu.net, Oppiminen on taitolaji -pdf-tiedosto<\/a>, miellekartta, k\u00e4sitekartta s. 9\/24<\/li>\n<li><a href=\"http:\/\/peda.net\/img\/portal\/1815943\/opi_oppimaan_1.pdf?cs=1266472844\" target=\"_blank\">Peda.net, pdf-tiedosto oppimistyyleist\u00e4<\/a>, oppimistyylikartoitus<\/li>\n<li><a href=\"https:\/\/kielikompassi.jyu.fi\/omatila\/tila\/oppimistyylit_aistit_lomake.shtml\" target=\"_blank\">Jyv\u00e4skyl\u00e4n yliopisto, Kielikompassi<\/a>, oppimistyylikartoitus<\/li>\n<\/ul>\n<p>\u00a0<\/p>\n<p><strong>Perustason teht\u00e4v\u00e4:<\/strong><\/p>\n<p>Vastaa seuraaviin kysymyksiin ja mieti millaisia muistis\u00e4\u00e4nt\u00f6j\u00e4 itse k\u00e4ytt\u00e4isit.<\/p>\n<p>a) Sinulla on soittoaika l\u00e4\u00e4k\u00e4rille klo 16.00. Miten muistaisit sen mahdollisimman vaivattomasti?<\/p>\n<p>b) Sinulla on paljon hoidettavia asioita huomiselle. Miten muistat hoitaa kaiken?<\/p>\n<p>c) Haet ty\u00f6ss\u00e4oppimispaikkaa 3. jaksolle. Miten muistat p\u00e4iv\u00e4m\u00e4\u00e4r\u00e4t (esim. sopimuksen tekeminen, ty\u00f6n aloitus, kellonaika, ty\u00f6paikan osoite, sinut vastaanottava henkil\u00f6 ty\u00f6paikalla)?<\/p>\n<p>\u00a0<\/p>\n<p><strong>Soveltava teht\u00e4v\u00e4:<\/strong><\/p>\n<p>Joskus tulee tilanteita, jolloin opettajan opetustapa ei meinaa aueta.<\/p>\n<p>Tee miellekartta \/ ajatuskartta \/ mind map \/ k\u00e4sitekartta omista toimintatavoistasi.<\/p>\n<p>Miten voisit muuttaa omia toimintatapojasi, ett\u00e4 pystyt oppimaan asian?<\/p>\n<p>\u00a0<\/p>\n<p><strong>Syvent\u00e4v\u00e4 teht\u00e4v\u00e4:<\/strong><\/p>\n<p>K\u00e4yt\u00e4 yll\u00e4olevia l\u00e4hteit\u00e4 ja valitse yksi opiskeluun liittyv\u00e4 tekniikka. Vertaile l\u00e4hteen tietoa ja omaa n\u00e4kemyst\u00e4si (miten itse k\u00e4yt\u00e4t kyseist\u00e4 tekniikkaa).<\/p>\n<p>\u00a0<\/p>\n<p>Palauta teht\u00e4v\u00e4 tai teht\u00e4v\u00e4t ensimm\u00e4isess\u00e4 tapaamisessa sovitulle oppimisalustalle m\u00e4\u00e4r\u00e4p\u00e4iv\u00e4\u00e4n menness\u00e4.<\/p>\n","protected":false},"excerpt":{"rendered":"<p>\u00a0 T\u00e4m\u00e4n teeman alla on teht\u00e4vi\u00e4 ja tietoa opiskelutekniikoista. Yleisi\u00e4 vinkkej\u00e4 opiskelutekniikoista: keskity kuuntelemaan opetusta keskustele muiden kanssa aiheesta lue, keskustele ja ajattele \u00e4\u00e4neen lue uudet tekstit osissa ja kerro tai kirjoita ne omin sanoin piirr\u00e4 kuvia tai kaavioita opiskeltavasta asiasta tee opiskeltavasta aiheesta miellekartta, k\u00e4sitekartta, mind map k\u00e4yt\u00e4nn\u00f6n t\u00f6iss\u00e4 liiku ja kertaa opiskeltavia asioita &hellip; <a href=\"https:\/\/www.verkkovaria.fi\/opiskelijantuki\/opioppimaan\/teema-1-opiskelutekniikat\/\">Continued<\/a><\/p>\n","protected":false},"author":3,"featured_media":0,"parent":0,"menu_order":0,"comment_status":"closed","ping_status":"closed","template":"","meta":{"footnotes":"","_links_to":"","_links_to_target":""},"class_list":["post-77","page","type-page","status-publish","hentry"],"_links":{"self":[{"href":"https:\/\/www.verkkovaria.fi\/opiskelijantuki\/opioppimaan\/wp-json\/wp\/v2\/pages\/77","targetHints":{"allow":["GET"]}}],"collection":[{"href":"https:\/\/www.verkkovaria.fi\/opiskelijantuki\/opioppimaan\/wp-json\/wp\/v2\/pages"}],"about":[{"href":"https:\/\/www.verkkovaria.fi\/opiskelijantuki\/opioppimaan\/wp-json\/wp\/v2\/types\/page"}],"author":[{"embeddable":true,"href":"https:\/\/www.verkkovaria.fi\/opiskelijantuki\/opioppimaan\/wp-json\/wp\/v2\/users\/3"}],"replies":[{"embeddable":true,"href":"https:\/\/www.verkkovaria.fi\/opiskelijantuki\/opioppimaan\/wp-json\/wp\/v2\/comments?post=77"}],"version-history":[{"count":34,"href":"https:\/\/www.verkkovaria.fi\/opiskelijantuki\/opioppimaan\/wp-json\/wp\/v2\/pages\/77\/revisions"}],"predecessor-version":[{"id":293,"href":"https:\/\/www.verkkovaria.fi\/opiskelijantuki\/opioppimaan\/wp-json\/wp\/v2\/pages\/77\/revisions\/293"}],"wp:attachment":[{"href":"https:\/\/www.verkkovaria.fi\/opiskelijantuki\/opioppimaan\/wp-json\/wp\/v2\/media?parent=77"}],"curies":[{"name":"wp","href":"https:\/\/api.w.org\/{rel}","templated":true}]}}