{"id":92,"date":"2016-03-18T10:56:34","date_gmt":"2016-03-18T08:56:34","guid":{"rendered":"http:\/\/www.verkkovaria.fi\/opiskelijantuki\/oppimisentuki\/?page_id=92"},"modified":"2016-06-28T11:49:02","modified_gmt":"2016-06-28T08:49:02","slug":"teema-2-lukunopeuden-kehittaminen","status":"publish","type":"page","link":"https:\/\/www.verkkovaria.fi\/opiskelijantuki\/opioppimaan\/teema-2-lukunopeuden-kehittaminen\/","title":{"rendered":"Teema 2: Lukeminen, kirjoittaminen ja kielten opiskelu"},"content":{"rendered":"<figure id=\"attachment_147\" aria-describedby=\"caption-attachment-147\" style=\"width: 300px\" class=\"wp-caption alignnone\"><img loading=\"lazy\" decoding=\"async\" src=\"http:\/\/www.verkkovaria.fi\/opiskelijantuki\/oppimisentuki\/files\/2016\/04\/VARIA-www-res-2000px-22-300x200.jpg\" alt=\"VARIA-www-res-2000px-22\" width=\"300\" height=\"200\" \/><figcaption id=\"caption-attachment-147\" class=\"wp-caption-text\">Kuva: Vantaan ammattiopisto Varia<\/figcaption><\/figure>\n<p>&nbsp;<\/p>\n<p>T\u00e4m\u00e4n teeman alla on teht\u00e4vi\u00e4 ja tietoa liittyen lukemiseen, kirjoittamiseen ja vieraiden kielten opiskeluun.<\/p>\n<p>&nbsp;<\/p>\n<p>K\u00e4yt\u00e4 n\u00e4it\u00e4 linkkej\u00e4 vastaustesi apuna:<\/p>\n<ul>\n<li><a href=\"http:\/\/www.kantele.org\/test.html\" target=\"_blank\">Kantele.org<\/a>, lukunopeustesti<\/li>\n<li><a href=\"http:\/\/www.nmi.fi\/fi\/julkaisut\/ilmaiset-materiaalit\/OMIS_Opaslukivaikeudestanuorille_web.pdf\" target=\"_blank\">Niilo M\u00e4ki Instituutti, Opas lukivaikeudesta nuorille -pdf-tiedosto<\/a>, sivut 15-19<\/li>\n<li><a href=\"http:\/\/www.erilaistenoppijoidenliitto.fi\/?page_id=257\" target=\"_blank\">Erilaisten oppijoiden liitto ry<\/a>, pikalukitesti<\/li>\n<li><a href=\"http:\/\/www.peda.net\/en\/portal\/forssa\/keskuskoulu\/oppiaineet\/englanti\/jarkko\" target=\"_blank\">Peda.net, Jarkko<\/a>, kielten opiskeluun, kts. esim. kohta Sanaston opiskeluvinkkej\u00e4:\u00a0Sanaston opiskelustrategioita Kari Moilaselta<\/li>\n<li><a href=\"http:\/\/www.karelia.fi\/julkaisut\/sahkoinenjulkaisu\/B16_verkkojulkaisu.pdf\" target=\"_blank\">Pohjois-Karjalan ammattikorkeakoulu, Ty\u00f6kaluja kielten oppimiseen -verkkojulkaisu<\/a>, vieraiden kielten opiskelu, sivut 15 ja 20-22<\/li>\n<\/ul>\n<p>&nbsp;<\/p>\n<p><strong>Perustason teht\u00e4v\u00e4:<\/strong><\/p>\n<p>Tee ylimm\u00e4n linkin lukunopeustesti. Kirjaa k\u00e4ytt\u00e4m\u00e4si aika yl\u00f6s.<\/p>\n<p>Valitse lukunopeustestisivun alalaidan valikosta kohta &#8221;Miksi nopeammin&#8221; ja vastaa sen perusteella v\u00e4itt\u00e4miin (oikein\/v\u00e4\u00e4rin)<\/p>\n<p>a) Mit\u00e4 nopeammin luet, sit\u00e4 paremmin ymm\u00e4rr\u00e4t.<\/p>\n<p>b) Lukunopeutta ei pysty kehitt\u00e4m\u00e4\u00e4n kolminkertaiseksi.<\/p>\n<p>c) Mit\u00e4 enemm\u00e4n luet, sit\u00e4 v\u00e4hemm\u00e4n ajattelet muuta.<\/p>\n<p>d) 360 sanaa minuutissa lukeva lukee 250-sivuisen kirjan alle kolmessa tunnissa.<\/p>\n<p>e) Lukeminen on samanlaista kaikissa kieliss\u00e4.<\/p>\n<p>f) Vieraskielisess\u00e4 tekstiss\u00e4 ymm\u00e4rr\u00e4t paremmin sanat, kun luet hitaasti.<\/p>\n<p>&nbsp;<\/p>\n<p><strong>Soveltava teht\u00e4v\u00e4:<\/strong><\/p>\n<p>Kun opiskelet vieraan kielen sanastoa (esim. ammattisanasto) mit\u00e4 allaolevista tekniikoista k\u00e4yt\u00e4t, miten ja miss\u00e4:<\/p>\n<ul>\n<li>ulkoa opettelu (hauki on kala)<\/li>\n<li>sanojen kirjoittaminen<\/li>\n<li>sanojen lukeminen \u00e4\u00e4neen<\/li>\n<li>sanojen lukeminen hiljaa itsekseen<\/li>\n<li>omat muistis\u00e4\u00e4nn\u00f6t<\/li>\n<li>lajitellen jonkin ominaisuuden mukaan<\/li>\n<li>nauhoittamalla ja kuuntelemalla<\/li>\n<li>mielikuvaharjoitteilla<\/li>\n<\/ul>\n<p>&nbsp;<\/p>\n<p><strong>Syvent\u00e4v\u00e4 teht\u00e4v\u00e4:<\/strong><\/p>\n<p>Miten voit kehitt\u00e4\u00e4 omia ty\u00f6tapojasi liittyen lukemiseen, kirjoittamiseen ja kielten opiskeluun? K\u00e4yt\u00e4 annettuja linkkej\u00e4 ja hae tietoa muista l\u00e4hteist\u00e4. Kirjoita ja pohdi n\u00e4iden pohjalta omia ty\u00f6tapojasi.<\/p>\n<p>&nbsp;<\/p>\n<p>Palauta teht\u00e4v\u00e4 tai teht\u00e4v\u00e4t ensimm\u00e4isess\u00e4 tapaamisessa sovitulle oppimisalustalle m\u00e4\u00e4r\u00e4p\u00e4iv\u00e4\u00e4n menness\u00e4.<\/p>\n<p>&nbsp;<\/p>\n","protected":false},"excerpt":{"rendered":"<p>&nbsp; T\u00e4m\u00e4n teeman alla on teht\u00e4vi\u00e4 ja tietoa liittyen lukemiseen, kirjoittamiseen ja vieraiden kielten opiskeluun. &nbsp; K\u00e4yt\u00e4 n\u00e4it\u00e4 linkkej\u00e4 vastaustesi apuna: Kantele.org, lukunopeustesti Niilo M\u00e4ki Instituutti, Opas lukivaikeudesta nuorille -pdf-tiedosto, sivut 15-19 Erilaisten oppijoiden liitto ry, pikalukitesti Peda.net, Jarkko, kielten opiskeluun, kts. esim. kohta Sanaston opiskeluvinkkej\u00e4:\u00a0Sanaston opiskelustrategioita Kari Moilaselta Pohjois-Karjalan ammattikorkeakoulu, Ty\u00f6kaluja kielten oppimiseen -verkkojulkaisu, &hellip; <a href=\"https:\/\/www.verkkovaria.fi\/opiskelijantuki\/opioppimaan\/teema-2-lukunopeuden-kehittaminen\/\">Continued<\/a><\/p>\n","protected":false},"author":3,"featured_media":0,"parent":0,"menu_order":0,"comment_status":"closed","ping_status":"closed","template":"","meta":{"footnotes":"","_links_to":"","_links_to_target":""},"class_list":["post-92","page","type-page","status-publish","hentry"],"_links":{"self":[{"href":"https:\/\/www.verkkovaria.fi\/opiskelijantuki\/opioppimaan\/wp-json\/wp\/v2\/pages\/92","targetHints":{"allow":["GET"]}}],"collection":[{"href":"https:\/\/www.verkkovaria.fi\/opiskelijantuki\/opioppimaan\/wp-json\/wp\/v2\/pages"}],"about":[{"href":"https:\/\/www.verkkovaria.fi\/opiskelijantuki\/opioppimaan\/wp-json\/wp\/v2\/types\/page"}],"author":[{"embeddable":true,"href":"https:\/\/www.verkkovaria.fi\/opiskelijantuki\/opioppimaan\/wp-json\/wp\/v2\/users\/3"}],"replies":[{"embeddable":true,"href":"https:\/\/www.verkkovaria.fi\/opiskelijantuki\/opioppimaan\/wp-json\/wp\/v2\/comments?post=92"}],"version-history":[{"count":27,"href":"https:\/\/www.verkkovaria.fi\/opiskelijantuki\/opioppimaan\/wp-json\/wp\/v2\/pages\/92\/revisions"}],"predecessor-version":[{"id":306,"href":"https:\/\/www.verkkovaria.fi\/opiskelijantuki\/opioppimaan\/wp-json\/wp\/v2\/pages\/92\/revisions\/306"}],"wp:attachment":[{"href":"https:\/\/www.verkkovaria.fi\/opiskelijantuki\/opioppimaan\/wp-json\/wp\/v2\/media?parent=92"}],"curies":[{"name":"wp","href":"https:\/\/api.w.org\/{rel}","templated":true}]}}