{"id":119,"date":"2016-03-22T08:35:07","date_gmt":"2016-03-22T08:35:07","guid":{"rendered":"http:\/\/www.verkkovaria.fi\/varikko\/?page_id=119"},"modified":"2016-05-31T13:15:42","modified_gmt":"2016-05-31T10:15:42","slug":"mita-tarkoittaa-oppimistyyli","status":"publish","type":"page","link":"https:\/\/www.verkkovaria.fi\/opiskelijantuki\/oppimisentuki\/?page_id=119","title":{"rendered":"Erilaisia tapoja oppia"},"content":{"rendered":"<p><strong>Oppimisstrategia<\/strong><\/p>\n<p>Ihmiset oppivat eri tavoilla. Toiselle on ominaista lukea kirjaa hiljaisessa ymp\u00e4rist\u00f6ss\u00e4, kun toinen puolestaan oppii parhaiten liikkumalla ja \u00e4\u00e4nimuistiinpanoja kuunnellen.\u00a0 On hyv\u00e4 muistaa, ett\u00e4 oppiminen tapahtuu samalla ihmisell\u00e4 eritavoin riippuen oppimistilanteesta. Oppimiseen vaikuttavat my\u00f6s ymp\u00e4rist\u00f6, jossa opiskellaan, opiskelijan sen hetkinen sosiaalisuuden taso, asenne ja motivaatio opittavaa aihetta kohtaan sek\u00e4 my\u00f6s fyysiset tarpeet.<\/p>\n<p>\t\t\t\t<img decoding=\"async\" src=\"http:\/\/www.verkkovaria.fi\/varikko\/wp-content\/uploads\/2016\/03\/Oppimistyyli-kuvio.jpg\" alt=\"Oppimistyyli kuvio\" itemprop=\"image\"  \/><\/p>\n<p><strong>Pohdi<\/strong> mieless\u00e4si kaksi erilaista oppimistapahtumaa, joissa koit onnistuneesi ja ep\u00e4onnistuneesi. Oppimistilanne voi olla vaikka harrastuksestasi, koulusta tai mik\u00e4 tapansa tilanne vapaa-ajalta. Kirjoita yl\u00f6s kaksi kokemusta alla olevien kysymysten pohjalta, mitk\u00e4 asiat vaikuttivat onnistumiseesi ja ep\u00e4onnistumiseesi.\u00a0Esimerkiksi pieleen mennyt n\u00e4ytt\u00f6tilanne ja hyvin onnistunut ryhm\u00e4teht\u00e4v\u00e4.\u00a0<\/p>\n<ol>\n<li>Mik\u00e4\u00a0 oli oppimisymp\u00e4rist\u00f6n vaikutus? (kylm\u00e4, kuuma, h\u00e4lyinen, kaverit, j\u00e4nnitt\u00e4v\u00e4 tila, uusi paikka ja ihmiset jne.)\u00a0<\/li>\n<li>Mink\u00e4lainen oli sosiaalinen ymp\u00e4rist\u00f6? (opettajan ja opiskelijoiden vuorovaikutus, oma kokemuksesi; vet\u00e4ydyitk\u00f6 vai olitko keskustelussa mukana, olitko j\u00e4nnittynyt tai ep\u00e4varma itsest\u00e4si?)\u00a0<\/li>\n<li>Oliko opiskeltava aihe entuudestaan tuttu? Koitko asian itselle t\u00e4rke\u00e4ksi, jos et, niin miksi? (motivaatiosi, asenteesi ja suhtautumisesi)\u00a0<\/li>\n<li>Mik\u00e4 oli fyysinen olotilasi? (tyyni, v\u00e4synyt, n\u00e4lk\u00e4inen, kipe\u00e4, stressaantunut, innostunut, j\u00e4nnittynyt jne)<\/li>\n<\/ol>\n<p><strong>Mill\u00e4 tavalla opit parhaiten?<\/strong> <a href=\"http:\/\/www.verkkovaria.fi\/opiskelijantuki\/oppimisentuki\/?page_id=86\" target=\"_blank\">T\u00e4\u00e4ll\u00e4<\/a> voit tutustua oppimisen eri havaintokanaviin.<\/p>\n","protected":false},"excerpt":{"rendered":"<p>Oppimisstrategia Ihmiset oppivat eri tavoilla. Toiselle on ominaista lukea kirjaa hiljaisessa ymp\u00e4rist\u00f6ss\u00e4, kun toinen puolestaan oppii parhaiten liikkumalla ja \u00e4\u00e4nimuistiinpanoja kuunnellen.\u00a0 On hyv\u00e4 muistaa, ett\u00e4 oppiminen tapahtuu samalla ihmisell\u00e4 eritavoin riippuen oppimistilanteesta. Oppimiseen vaikuttavat my\u00f6s ymp\u00e4rist\u00f6, jossa opiskellaan, opiskelijan sen hetkinen sosiaalisuuden taso, asenne ja motivaatio opittavaa aihetta kohtaan sek\u00e4 my\u00f6s fyysiset tarpeet. Pohdi mieless\u00e4si &hellip; <a href=\"https:\/\/www.verkkovaria.fi\/opiskelijantuki\/oppimisentuki\/?page_id=119\">Continued<\/a><\/p>\n","protected":false},"author":5,"featured_media":0,"parent":0,"menu_order":0,"comment_status":"closed","ping_status":"closed","template":"","meta":{"footnotes":"","_links_to":"","_links_to_target":""},"class_list":["post-119","page","type-page","status-publish","hentry"],"_links":{"self":[{"href":"https:\/\/www.verkkovaria.fi\/opiskelijantuki\/oppimisentuki\/index.php?rest_route=\/wp\/v2\/pages\/119","targetHints":{"allow":["GET"]}}],"collection":[{"href":"https:\/\/www.verkkovaria.fi\/opiskelijantuki\/oppimisentuki\/index.php?rest_route=\/wp\/v2\/pages"}],"about":[{"href":"https:\/\/www.verkkovaria.fi\/opiskelijantuki\/oppimisentuki\/index.php?rest_route=\/wp\/v2\/types\/page"}],"author":[{"embeddable":true,"href":"https:\/\/www.verkkovaria.fi\/opiskelijantuki\/oppimisentuki\/index.php?rest_route=\/wp\/v2\/users\/5"}],"replies":[{"embeddable":true,"href":"https:\/\/www.verkkovaria.fi\/opiskelijantuki\/oppimisentuki\/index.php?rest_route=%2Fwp%2Fv2%2Fcomments&post=119"}],"version-history":[{"count":2,"href":"https:\/\/www.verkkovaria.fi\/opiskelijantuki\/oppimisentuki\/index.php?rest_route=\/wp\/v2\/pages\/119\/revisions"}],"predecessor-version":[{"id":315,"href":"https:\/\/www.verkkovaria.fi\/opiskelijantuki\/oppimisentuki\/index.php?rest_route=\/wp\/v2\/pages\/119\/revisions\/315"}],"wp:attachment":[{"href":"https:\/\/www.verkkovaria.fi\/opiskelijantuki\/oppimisentuki\/index.php?rest_route=%2Fwp%2Fv2%2Fmedia&parent=119"}],"curies":[{"name":"wp","href":"https:\/\/api.w.org\/{rel}","templated":true}]}}