{"id":147,"date":"2016-03-23T11:05:30","date_gmt":"2016-03-23T11:05:30","guid":{"rendered":"http:\/\/www.verkkovaria.fi\/varikko\/?page_id=147"},"modified":"2016-07-24T15:05:18","modified_gmt":"2016-07-24T12:05:18","slug":"linkkikirjasto","status":"publish","type":"page","link":"https:\/\/www.verkkovaria.fi\/opiskelijantuki\/oppimisentuki\/?page_id=147","title":{"rendered":"Linkkikirjasto"},"content":{"rendered":"<p><strong>Opiskelutaidot ja oppiminen<\/strong><\/p>\n<p><a href=\"http:\/\/www.erilaistenoppijoidenliitto.fi\/?page_id=386\" target=\"_blank\">Erilaisten oppijoiden liitto ry: havaintokanavatesti<\/a><\/p>\n<p><a href=\"http:\/\/www.tenviesti.fi\/test1.htm\" target=\"_blank\">TenViesti Oy: miellej\u00e4rjestelmien perustesti<\/a><\/p>\n<p><a href=\"http:\/\/yle.fi\/uutiset\/aikuinen_osaatko_viela_oppia_uutta_testaa\/8777874\" target=\"_blank\">HS: Aikuinen, osaatko viel\u00e4 oppia uutta? Testaa!<\/a><\/p>\n<p><a href=\"http:\/\/yle.fi\/aihe\/artikkeli\/2016\/02\/26\/oletko-sinakin-vetkuttelija\" target=\"_blank\">Yle: Vetkuttelun ABC<\/a><\/p>\n<p><strong>J\u00e4nnitt\u00e4minen<\/strong><\/p>\n<p><a href=\"https:\/\/youtu.be\/JwKkUjv0nuk?list=PLP-TzIzdv_xmdogVIBqM4nS_J9Q7VAjGD\" target=\"_blank\">Varian psykologien vlogi j\u00e4nnitt\u00e4misest\u00e4<\/a><\/p>\n<p><a href=\"http:\/\/yle.fi\/uutiset\/moni_pelkaa_esiintymista_turhaan__ihmiset_huomaavat_harvoin_toisen_jannitysta\/8306263?ref=leiki-uu\" target=\"_blank\">Yle.fi: Moni pelk\u00e4\u00e4 esiintymist\u00e4 turhaan \u2013 \u201dIhmiset huomaavat harvoin toisen j\u00e4nnityst\u00e4\u201d<\/a><\/p>\n<p><a href=\"http:\/\/yle.fi\/uutiset\/syrjaytymisen_taustalla_voi_olla_sosiaalisten_tilanteiden_jannittaminen_yritetaan_ettei_mitaan_nakyisi_ulospain\/8656633\" target=\"_blank\">Yle.fi: Syrj\u00e4ytymisen taustalla voi olla sosiaalisten tilanteiden j\u00e4nnitt\u00e4minen: &#8221;Yritet\u00e4\u00e4n, ettei mit\u00e4\u00e4n n\u00e4kyisi ulosp\u00e4in&#8221;<\/a><\/p>\n<p><strong>Oppimisvaikeudet<\/strong><\/p>\n<p>Varian opiskelijan<a href=\"https:\/\/youtu.be\/8olp7xfB2mc?list=PLP-TzIzdv_xmdogVIBqM4nS_J9Q7VAjGD\" target=\"_blank\"> vlogi oppimisvaikeuksista<\/a><\/p>\n<p><a href=\"http:\/\/yle.fi\/uutiset\/moni_pitaa_itseaan_turhaan_tyhmana__syyllinen_voi_olla_hahmotushairio\/8676150\" target=\"_blank\">HS: Moni pit\u00e4\u00e4 itse\u00e4\u00e4n turhaan tyhm\u00e4n\u00e4 \u2013 syyllinen voi olla <\/a><a href=\"http:\/\/yle.fi\/uutiset\/moni_pitaa_itseaan_turhaan_tyhmana__syyllinen_voi_olla_hahmotushairio\/8676150\">hahmotush\u00e4iri\u00f6<\/a><\/p>\n<p><a href=\"http:\/\/www.nmi.fi\/fi\/julkaisut\/ilmaiset-materiaalit\/OMIS_Opaslukivaikeudestanuorille_web.pdf\" target=\"_blank\">nml.fi: Oppimisvaikeus-opas nuorille<\/a><\/p>\n<p><a href=\"http:\/\/www.nmi.fi\/fi\/julkaisut\/ilmaiset-materiaalit\/OMIS_Opasmatematiikkanuorille_web.pdf\" target=\"_blank\">nml.fi: Opas matematiikan oppimisvaikeuksista nuorille<\/a><\/p>\n<p><a href=\"http:\/\/www.oppimisvaikeus.fi\/index.php?k=112548\" target=\"_blank\">Tietoa oppimisvaikeuksista<\/a><\/p>\n<p><a href=\"http:\/\/yle.fi\/aihe\/artikkeli\/2016\/02\/26\/oppimiseen-paljon-apuvalineita\" target=\"_blank\">Yle: Apuv\u00e4lineit\u00e4 oppimiseen<\/a><\/p>\n<p><a href=\"http:\/\/yle.fi\/uutiset\/mikko_20_koko_ajan_pitaa_olla_tekemista_silloin_pysyy_raiteilla\/8807741?origin=rss\" target=\"_blank\">Yle: Mikko, 20: &#8221;Koko ajan pit\u00e4\u00e4 olla tekemist\u00e4, silloin pysyy raiteilla&#8221;<\/a><\/p>\n<p><a href=\"http:\/\/lukiapuvaline.fi\/apuvalineet\/keskittyminen\/\" target=\"_blank\">Apuv\u00e4lineit\u00e4 keskittymiseen<\/a><\/p>\n","protected":false},"excerpt":{"rendered":"<p>Opiskelutaidot ja oppiminen Erilaisten oppijoiden liitto ry: havaintokanavatesti TenViesti Oy: miellej\u00e4rjestelmien perustesti HS: Aikuinen, osaatko viel\u00e4 oppia uutta? Testaa! Yle: Vetkuttelun ABC J\u00e4nnitt\u00e4minen Varian psykologien vlogi j\u00e4nnitt\u00e4misest\u00e4 Yle.fi: Moni pelk\u00e4\u00e4 esiintymist\u00e4 turhaan \u2013 \u201dIhmiset huomaavat harvoin toisen j\u00e4nnityst\u00e4\u201d Yle.fi: Syrj\u00e4ytymisen taustalla voi olla sosiaalisten tilanteiden j\u00e4nnitt\u00e4minen: &#8221;Yritet\u00e4\u00e4n, ettei mit\u00e4\u00e4n n\u00e4kyisi ulosp\u00e4in&#8221; Oppimisvaikeudet Varian opiskelijan vlogi &hellip; <a href=\"https:\/\/www.verkkovaria.fi\/opiskelijantuki\/oppimisentuki\/?page_id=147\">Continued<\/a><\/p>\n","protected":false},"author":5,"featured_media":0,"parent":0,"menu_order":0,"comment_status":"closed","ping_status":"closed","template":"","meta":{"footnotes":"","_links_to":"","_links_to_target":""},"class_list":["post-147","page","type-page","status-publish","hentry"],"_links":{"self":[{"href":"https:\/\/www.verkkovaria.fi\/opiskelijantuki\/oppimisentuki\/index.php?rest_route=\/wp\/v2\/pages\/147","targetHints":{"allow":["GET"]}}],"collection":[{"href":"https:\/\/www.verkkovaria.fi\/opiskelijantuki\/oppimisentuki\/index.php?rest_route=\/wp\/v2\/pages"}],"about":[{"href":"https:\/\/www.verkkovaria.fi\/opiskelijantuki\/oppimisentuki\/index.php?rest_route=\/wp\/v2\/types\/page"}],"author":[{"embeddable":true,"href":"https:\/\/www.verkkovaria.fi\/opiskelijantuki\/oppimisentuki\/index.php?rest_route=\/wp\/v2\/users\/5"}],"replies":[{"embeddable":true,"href":"https:\/\/www.verkkovaria.fi\/opiskelijantuki\/oppimisentuki\/index.php?rest_route=%2Fwp%2Fv2%2Fcomments&post=147"}],"version-history":[{"count":2,"href":"https:\/\/www.verkkovaria.fi\/opiskelijantuki\/oppimisentuki\/index.php?rest_route=\/wp\/v2\/pages\/147\/revisions"}],"predecessor-version":[{"id":325,"href":"https:\/\/www.verkkovaria.fi\/opiskelijantuki\/oppimisentuki\/index.php?rest_route=\/wp\/v2\/pages\/147\/revisions\/325"}],"wp:attachment":[{"href":"https:\/\/www.verkkovaria.fi\/opiskelijantuki\/oppimisentuki\/index.php?rest_route=%2Fwp%2Fv2%2Fmedia&parent=147"}],"curies":[{"name":"wp","href":"https:\/\/api.w.org\/{rel}","templated":true}]}}