{"id":156,"date":"2016-03-23T11:48:27","date_gmt":"2016-03-23T11:48:27","guid":{"rendered":"http:\/\/www.verkkovaria.fi\/varikko\/?page_id=156"},"modified":"2016-05-31T13:29:06","modified_gmt":"2016-05-31T10:29:06","slug":"linkkikirjasto-2","status":"publish","type":"page","link":"https:\/\/www.verkkovaria.fi\/opiskelijantuki\/oppimisentuki\/?page_id=156","title":{"rendered":"Linkkikirjasto"},"content":{"rendered":"<p><strong>Ohjaajan materiaalia<\/strong><\/p>\n<p>Ty\u00f6terveyslaitos: Asennetta ty\u00f6h\u00f6n valmennusohjelma, <a href=\"http:\/\/www.ttl.fi\/fi\/tyoura\/menetelmat\/aatttteennnneessaa\/Documents\/AT_OHJ_opas_WEB.pdf\" target=\"_blank\">ohjaajan opas<\/a><\/p>\n<p>Ammattilainen.fi: <a href=\"http:\/\/ammattilainen.fi\/Ryhmailmio_verkko.pdf\" target=\"_blank\">ryhm\u00e4n ohjaajan k\u00e4sikirja<\/a><\/p>\n<p><a href=\"http:\/\/www.oppimisvaikeus.fi\/ammattilaisille\/materiaalit\/selkokieli\" target=\"_blank\">Selkokielist\u00e4 ohjausmateriaalia<\/a><\/p>\n<p><a href=\"http:\/\/papunet.net\/selko\/\" target=\"_blank\">Selkotietoa Suomesta<\/a><\/p>\n<p><a href=\"https:\/\/www.nyyti.fi\/ammattilaisille\/materiaalit\/\" target=\"_blank\">Nyyti-materiaali<\/a>t<\/p>\n<p>Nyyti-materiaalia: <a href=\"https:\/\/www.nyyti.fi\/nyyti-ry\/ajankohtaista\/opas-elamantaitojen-ohjaamiseen-julkaistu\/\" target=\"_blank\">opas el\u00e4m\u00e4ntaitojen ohjaamiseen<\/a><\/p>\n<p><strong>Oppimisvaikeudet<\/strong><\/p>\n<p><a href=\"http:\/\/www.erilaistenoppijoidenliitto.fi\/?page_id=137\" target=\"_blank\">Erilaisten oppijoiden liitto: Videoita erilaisista oppijoista<\/a><\/p>\n<p><a href=\"http:\/\/kuntoutusportti.fi\/portal\/fi\/ajankohtaista\/teema?bid=1397\" target=\"_blank\">Kuntoutusportti: \u00c4lylaitteet apuun oppimisvaikeuksissa<\/a><\/p>\n<p><a href=\"https:\/\/www.celia.fi\/palvelut\/\" target=\"_blank\">Celia, Lukemisen apuv\u00e4lineet<\/a><\/p>\n<p>\u00a0<\/p>\n","protected":false},"excerpt":{"rendered":"<p>Ohjaajan materiaalia Ty\u00f6terveyslaitos: Asennetta ty\u00f6h\u00f6n valmennusohjelma, ohjaajan opas Ammattilainen.fi: ryhm\u00e4n ohjaajan k\u00e4sikirja Selkokielist\u00e4 ohjausmateriaalia Selkotietoa Suomesta Nyyti-materiaalit Nyyti-materiaalia: opas el\u00e4m\u00e4ntaitojen ohjaamiseen Oppimisvaikeudet Erilaisten oppijoiden liitto: Videoita erilaisista oppijoista Kuntoutusportti: \u00c4lylaitteet apuun oppimisvaikeuksissa Celia, Lukemisen apuv\u00e4lineet \u00a0<\/p>\n","protected":false},"author":5,"featured_media":0,"parent":0,"menu_order":0,"comment_status":"closed","ping_status":"closed","template":"","meta":{"footnotes":"","_links_to":"","_links_to_target":""},"class_list":["post-156","page","type-page","status-publish","hentry"],"_links":{"self":[{"href":"https:\/\/www.verkkovaria.fi\/opiskelijantuki\/oppimisentuki\/index.php?rest_route=\/wp\/v2\/pages\/156","targetHints":{"allow":["GET"]}}],"collection":[{"href":"https:\/\/www.verkkovaria.fi\/opiskelijantuki\/oppimisentuki\/index.php?rest_route=\/wp\/v2\/pages"}],"about":[{"href":"https:\/\/www.verkkovaria.fi\/opiskelijantuki\/oppimisentuki\/index.php?rest_route=\/wp\/v2\/types\/page"}],"author":[{"embeddable":true,"href":"https:\/\/www.verkkovaria.fi\/opiskelijantuki\/oppimisentuki\/index.php?rest_route=\/wp\/v2\/users\/5"}],"replies":[{"embeddable":true,"href":"https:\/\/www.verkkovaria.fi\/opiskelijantuki\/oppimisentuki\/index.php?rest_route=%2Fwp%2Fv2%2Fcomments&post=156"}],"version-history":[{"count":2,"href":"https:\/\/www.verkkovaria.fi\/opiskelijantuki\/oppimisentuki\/index.php?rest_route=\/wp\/v2\/pages\/156\/revisions"}],"predecessor-version":[{"id":319,"href":"https:\/\/www.verkkovaria.fi\/opiskelijantuki\/oppimisentuki\/index.php?rest_route=\/wp\/v2\/pages\/156\/revisions\/319"}],"wp:attachment":[{"href":"https:\/\/www.verkkovaria.fi\/opiskelijantuki\/oppimisentuki\/index.php?rest_route=%2Fwp%2Fv2%2Fmedia&parent=156"}],"curies":[{"name":"wp","href":"https:\/\/api.w.org\/{rel}","templated":true}]}}