{"id":17,"date":"2015-09-21T07:16:48","date_gmt":"2015-09-21T07:16:48","guid":{"rendered":"http:\/\/www.verkkovaria.fi\/varikko\/?page_id=17"},"modified":"2017-10-01T13:43:08","modified_gmt":"2017-10-01T10:43:08","slug":"varikko-kun-opinnot-takkuaa","status":"publish","type":"page","link":"https:\/\/www.verkkovaria.fi\/opiskelijantuki\/oppimisentuki\/","title":{"rendered":"Etusivu"},"content":{"rendered":"<p style=\"text-align: left;\">Tervetuloa Oppimisen tuki -sivuille!<\/p>\n<p style=\"text-align: left;\">T\u00e4\u00e4lt\u00e4 l\u00f6yd\u00e4t\u00a0opiskeluun ja oppimiseen liittyv\u00e4\u00e4 tukimateriaalia ja harjoituksia. Opiskelijalle ja opettajalle on omat osionsa. Sivu on tarkoitettu itsen\u00e4iseen opiskeluun, eik\u00e4 kokonaisuudesta saa erikseen suoritusmerkint\u00e4\u00e4.<\/p>\n<p style=\"text-align: left;\">Varian tukihenkil\u00f6st\u00f6n yll\u00e4pit\u00e4m\u00e4st\u00e4 blogist\u00e4 l\u00f6yd\u00e4t t\u00e4rke\u00e4\u00e4 tietoa opintoihin ja opinnoissa jaksamiseen\u00a0liittyen. Blogiin p\u00e4\u00e4set <a href=\"http:\/\/luotsaavariassa.blogspot.fi\/\" target=\"_blank\" rel=\"noopener\">t\u00e4st\u00e4<\/a>.<\/p>\n","protected":false},"excerpt":{"rendered":"<p>Tervetuloa Oppimisen tuki -sivuille! T\u00e4\u00e4lt\u00e4 l\u00f6yd\u00e4t\u00a0opiskeluun ja oppimiseen liittyv\u00e4\u00e4 tukimateriaalia ja harjoituksia. Opiskelijalle ja opettajalle on omat osionsa. Sivu on tarkoitettu itsen\u00e4iseen opiskeluun, eik\u00e4 kokonaisuudesta saa erikseen suoritusmerkint\u00e4\u00e4. Varian tukihenkil\u00f6st\u00f6n yll\u00e4pit\u00e4m\u00e4st\u00e4 blogist\u00e4 l\u00f6yd\u00e4t t\u00e4rke\u00e4\u00e4 tietoa opintoihin ja opinnoissa jaksamiseen\u00a0liittyen. Blogiin p\u00e4\u00e4set t\u00e4st\u00e4.<\/p>\n","protected":false},"author":4,"featured_media":0,"parent":0,"menu_order":0,"comment_status":"closed","ping_status":"closed","template":"frontpage.php","meta":{"footnotes":"","_links_to":"","_links_to_target":""},"class_list":["post-17","page","type-page","status-publish","hentry"],"_links":{"self":[{"href":"https:\/\/www.verkkovaria.fi\/opiskelijantuki\/oppimisentuki\/index.php?rest_route=\/wp\/v2\/pages\/17","targetHints":{"allow":["GET"]}}],"collection":[{"href":"https:\/\/www.verkkovaria.fi\/opiskelijantuki\/oppimisentuki\/index.php?rest_route=\/wp\/v2\/pages"}],"about":[{"href":"https:\/\/www.verkkovaria.fi\/opiskelijantuki\/oppimisentuki\/index.php?rest_route=\/wp\/v2\/types\/page"}],"author":[{"embeddable":true,"href":"https:\/\/www.verkkovaria.fi\/opiskelijantuki\/oppimisentuki\/index.php?rest_route=\/wp\/v2\/users\/4"}],"replies":[{"embeddable":true,"href":"https:\/\/www.verkkovaria.fi\/opiskelijantuki\/oppimisentuki\/index.php?rest_route=%2Fwp%2Fv2%2Fcomments&post=17"}],"version-history":[{"count":3,"href":"https:\/\/www.verkkovaria.fi\/opiskelijantuki\/oppimisentuki\/index.php?rest_route=\/wp\/v2\/pages\/17\/revisions"}],"predecessor-version":[{"id":329,"href":"https:\/\/www.verkkovaria.fi\/opiskelijantuki\/oppimisentuki\/index.php?rest_route=\/wp\/v2\/pages\/17\/revisions\/329"}],"wp:attachment":[{"href":"https:\/\/www.verkkovaria.fi\/opiskelijantuki\/oppimisentuki\/index.php?rest_route=%2Fwp%2Fv2%2Fmedia&parent=17"}],"curies":[{"name":"wp","href":"https:\/\/api.w.org\/{rel}","templated":true}]}}