{"id":180,"date":"2016-04-05T10:48:28","date_gmt":"2016-04-05T10:48:28","guid":{"rendered":"http:\/\/www.verkkovaria.fi\/varikko\/?page_id=180"},"modified":"2016-07-24T15:03:08","modified_gmt":"2016-07-24T12:03:08","slug":"vinkkeja-opiskeluun","status":"publish","type":"page","link":"https:\/\/www.verkkovaria.fi\/opiskelijantuki\/oppimisentuki\/?page_id=180","title":{"rendered":"Vinkkej\u00e4 opiskeluun"},"content":{"rendered":"<p><strong>T\u00e4\u00e4lt\u00e4 sivulta l\u00f6yd\u00e4t vinkkej\u00e4 opiskelutaitoihin ja -tekniikoihin<\/strong><\/p>\n<p>Mill\u00e4 tavalla opit parhaiten? <a href=\"http:\/\/www.verkkovaria.fi\/opiskelijantuki\/oppimisentuki\/?page_id=86\" target=\"_blank\">T\u00e4\u00e4ll\u00e4<\/a> voit tutustua oppimistyyleihin ja eri havaintokanaviin.<\/p>\n<p>Mik\u00e4 on sinulle ominainen tapa oppia? Erilaisten Oppijoiden liiton havaintokanavatestin voit tehd\u00e4 <a href=\"http:\/\/www.erilaistenoppijoidenliitto.fi\/?page_id=386\" target=\"_blank\">t\u00e4\u00e4lt\u00e4<\/a>.<\/p>\n<p>Lukemiseen liittyvi\u00e4 vinkkej\u00e4 l\u00f6yd\u00e4t <a href=\"http:\/\/www.verkkovaria.fi\/opiskelijantuki\/oppimisentuki\/?page_id=190\" target=\"_blank\">t\u00e4\u00e4lt\u00e4<\/a>.<\/p>\n<p>Muistiinpanojen tekemiseen ohjeita l\u00f6yd\u00e4t <a href=\"http:\/\/www.verkkovaria.fi\/opiskelijantuki\/oppimisentuki\/?page_id=193\" target=\"_blank\">t\u00e4\u00e4lt\u00e4<\/a>.<\/p>\n","protected":false},"excerpt":{"rendered":"<p>T\u00e4\u00e4lt\u00e4 sivulta l\u00f6yd\u00e4t vinkkej\u00e4 opiskelutaitoihin ja -tekniikoihin Mill\u00e4 tavalla opit parhaiten? T\u00e4\u00e4ll\u00e4 voit tutustua oppimistyyleihin ja eri havaintokanaviin. Mik\u00e4 on sinulle ominainen tapa oppia? Erilaisten Oppijoiden liiton havaintokanavatestin voit tehd\u00e4 t\u00e4\u00e4lt\u00e4. Lukemiseen liittyvi\u00e4 vinkkej\u00e4 l\u00f6yd\u00e4t t\u00e4\u00e4lt\u00e4. Muistiinpanojen tekemiseen ohjeita l\u00f6yd\u00e4t t\u00e4\u00e4lt\u00e4.<\/p>\n","protected":false},"author":5,"featured_media":0,"parent":0,"menu_order":0,"comment_status":"closed","ping_status":"closed","template":"","meta":{"footnotes":"","_links_to":"","_links_to_target":""},"class_list":["post-180","page","type-page","status-publish","hentry"],"_links":{"self":[{"href":"https:\/\/www.verkkovaria.fi\/opiskelijantuki\/oppimisentuki\/index.php?rest_route=\/wp\/v2\/pages\/180","targetHints":{"allow":["GET"]}}],"collection":[{"href":"https:\/\/www.verkkovaria.fi\/opiskelijantuki\/oppimisentuki\/index.php?rest_route=\/wp\/v2\/pages"}],"about":[{"href":"https:\/\/www.verkkovaria.fi\/opiskelijantuki\/oppimisentuki\/index.php?rest_route=\/wp\/v2\/types\/page"}],"author":[{"embeddable":true,"href":"https:\/\/www.verkkovaria.fi\/opiskelijantuki\/oppimisentuki\/index.php?rest_route=\/wp\/v2\/users\/5"}],"replies":[{"embeddable":true,"href":"https:\/\/www.verkkovaria.fi\/opiskelijantuki\/oppimisentuki\/index.php?rest_route=%2Fwp%2Fv2%2Fcomments&post=180"}],"version-history":[{"count":2,"href":"https:\/\/www.verkkovaria.fi\/opiskelijantuki\/oppimisentuki\/index.php?rest_route=\/wp\/v2\/pages\/180\/revisions"}],"predecessor-version":[{"id":324,"href":"https:\/\/www.verkkovaria.fi\/opiskelijantuki\/oppimisentuki\/index.php?rest_route=\/wp\/v2\/pages\/180\/revisions\/324"}],"wp:attachment":[{"href":"https:\/\/www.verkkovaria.fi\/opiskelijantuki\/oppimisentuki\/index.php?rest_route=%2Fwp%2Fv2%2Fmedia&parent=180"}],"curies":[{"name":"wp","href":"https:\/\/api.w.org\/{rel}","templated":true}]}}