{"id":190,"date":"2016-04-05T11:47:09","date_gmt":"2016-04-05T11:47:09","guid":{"rendered":"http:\/\/www.verkkovaria.fi\/varikko\/?page_id=190"},"modified":"2016-04-05T11:47:09","modified_gmt":"2016-04-05T11:47:09","slug":"lukeminen","status":"publish","type":"page","link":"https:\/\/www.verkkovaria.fi\/opiskelijantuki\/oppimisentuki\/?page_id=190","title":{"rendered":"Lukeminen"},"content":{"rendered":"<p><strong>Lukutekniikat<\/strong><\/p>\n<p>Lukutekniikoita on olemassa useita. T\u00e4rkeint\u00e4 on, ett\u00e4 l\u00f6yd\u00e4t itsellesi sopivan tekniikan kutakin lukutarkoitusta varten, sill\u00e4 aina lukiessa tavoitteesi ei v\u00e4ltt\u00e4m\u00e4tt\u00e4 ole sama. Lukemisen tavoite on kuitenkin usein ydinkohtien mieleenpainaminen ja lukemasi sis\u00e4ll\u00f6n ymm\u00e4rt\u00e4minen. Mieleenpainamiseen ei ole olemassa helppoa ja jokaiselle soveltuvaa keinoa, mutta t\u00e4rkeint\u00e4 on pyrki\u00e4 opettelemaan kokonaisuuksia irrallisen tiedon sijaan.\u00a0<\/p>\n<p style=\"background: white;margin: 0cm 0cm 26.25pt 0cm\">\u00a0<\/p>\n<p style=\"background: white;margin: 0cm 0cm 26.25pt 0cm\">Varaa kokeisiin ja n\u00e4ytt\u00f6ihin valmistautumiseen tarpeeksi aikaa ja muista, ett\u00e4 oppiminen kannattaa jaksottaa. Opiskele mieluummin kolmena p\u00e4iv\u00e4n\u00e4 tunti, kuin kolme tuntia yhten\u00e4 p\u00e4iv\u00e4n\u00e4 ennen koetta. Viimeinen ilta ennen koetta kannattaa k\u00e4ytt\u00e4\u00e4 kertaamiseen.<\/p>\n<p>Pohdi ennen lukemista, mit\u00e4 tied\u00e4t aiheesta etuk\u00e4teen. Lukiessasi keskitys erityisesti itse\u00e4si kiinnostaviin aiheisiin, sill\u00e4 tunteita her\u00e4tt\u00e4v\u00e4 aihe j\u00e4\u00e4 paremmin mieleen.<\/p>\n<p>\u00a0<\/p>\n<p>\t\t\t\t<img decoding=\"async\" src=\"http:\/\/www.verkkovaria.fi\/opiskelijantuki\/oppimisentuki\/files\/2016\/04\/SSMK-1.jpg\" alt=\"SSMK\" \/><br \/>\n\t\t\t\t<img decoding=\"async\" src=\"http:\/\/www.verkkovaria.fi\/varikko\/wp-content\/plugins\/beaver-builder-lite-version\/img\/pixel.png\" alt=\"\" \/><\/p>\n<p>\u00a0<\/p>\n<p><strong>Silm\u00e4ilytekniikan<\/strong> avulla saat yleisvaikutelma tekstist\u00e4. Kokonaisuuden ymm\u00e4rt\u00e4minen helpottuu, jos ennen varsinaista lukemista selailet ja tutustut luettavaan alueeseen muutaman minuutin ajan. Silm\u00e4ilyn j\u00e4lkeen voit p\u00e4\u00e4tt\u00e4\u00e4, mit\u00e4 alueita ja miss\u00e4 j\u00e4rjestyksess\u00e4, mihin alueisiin keskityt ja mit\u00e4 et kenties lue ollenkaan.<\/p>\n<p>\t\t\t\t<img decoding=\"async\" src=\"http:\/\/www.verkkovaria.fi\/opiskelijantuki\/oppimisentuki\/files\/2016\/04\/silm\u00e4ilytekniikka.jpg\" alt=\"silm\u00e4ilytekniikka\" \/><\/p>\n","protected":false},"excerpt":{"rendered":"<p>Lukutekniikat Lukutekniikoita on olemassa useita. T\u00e4rkeint\u00e4 on, ett\u00e4 l\u00f6yd\u00e4t itsellesi sopivan tekniikan kutakin lukutarkoitusta varten, sill\u00e4 aina lukiessa tavoitteesi ei v\u00e4ltt\u00e4m\u00e4tt\u00e4 ole sama. Lukemisen tavoite on kuitenkin usein ydinkohtien mieleenpainaminen ja lukemasi sis\u00e4ll\u00f6n ymm\u00e4rt\u00e4minen. Mieleenpainamiseen ei ole olemassa helppoa ja jokaiselle soveltuvaa keinoa, mutta t\u00e4rkeint\u00e4 on pyrki\u00e4 opettelemaan kokonaisuuksia irrallisen tiedon sijaan.\u00a0 \u00a0 Varaa kokeisiin &hellip; <a href=\"https:\/\/www.verkkovaria.fi\/opiskelijantuki\/oppimisentuki\/?page_id=190\">Continued<\/a><\/p>\n","protected":false},"author":5,"featured_media":0,"parent":0,"menu_order":0,"comment_status":"closed","ping_status":"closed","template":"","meta":{"footnotes":"","_links_to":"","_links_to_target":""},"class_list":["post-190","page","type-page","status-publish","hentry"],"_links":{"self":[{"href":"https:\/\/www.verkkovaria.fi\/opiskelijantuki\/oppimisentuki\/index.php?rest_route=\/wp\/v2\/pages\/190","targetHints":{"allow":["GET"]}}],"collection":[{"href":"https:\/\/www.verkkovaria.fi\/opiskelijantuki\/oppimisentuki\/index.php?rest_route=\/wp\/v2\/pages"}],"about":[{"href":"https:\/\/www.verkkovaria.fi\/opiskelijantuki\/oppimisentuki\/index.php?rest_route=\/wp\/v2\/types\/page"}],"author":[{"embeddable":true,"href":"https:\/\/www.verkkovaria.fi\/opiskelijantuki\/oppimisentuki\/index.php?rest_route=\/wp\/v2\/users\/5"}],"replies":[{"embeddable":true,"href":"https:\/\/www.verkkovaria.fi\/opiskelijantuki\/oppimisentuki\/index.php?rest_route=%2Fwp%2Fv2%2Fcomments&post=190"}],"version-history":[{"count":0,"href":"https:\/\/www.verkkovaria.fi\/opiskelijantuki\/oppimisentuki\/index.php?rest_route=\/wp\/v2\/pages\/190\/revisions"}],"wp:attachment":[{"href":"https:\/\/www.verkkovaria.fi\/opiskelijantuki\/oppimisentuki\/index.php?rest_route=%2Fwp%2Fv2%2Fmedia&parent=190"}],"curies":[{"name":"wp","href":"https:\/\/api.w.org\/{rel}","templated":true}]}}