{"id":193,"date":"2016-04-05T11:48:21","date_gmt":"2016-04-05T11:48:21","guid":{"rendered":"http:\/\/www.verkkovaria.fi\/varikko\/?page_id=193"},"modified":"2016-04-05T11:48:21","modified_gmt":"2016-04-05T11:48:21","slug":"muistiinpanot","status":"publish","type":"page","link":"https:\/\/www.verkkovaria.fi\/opiskelijantuki\/oppimisentuki\/?page_id=193","title":{"rendered":"Muistiinpanot"},"content":{"rendered":"<p><b>Lyhyt- vai pitk\u00e4kestoinen muisti?<\/b><\/p>\n<p>Muistia on mahdollista kehitt\u00e4\u00e4 muistitekniikkoja harjoittelemalla. T\u00e4ll\u00e4 sivulla esitell\u00e4\u00e4n muutamia muistitekniikoita, joista voit harjoitella sinulle eri tilanteisiin sopivia tapoja.<\/p>\n<p>Muistin toiminnassa keskeisi\u00e4 asioita pitk\u00e4kestoinen ja lyhytkestoinen muisti. Lyhytkestoinen ty\u00f6muisti on k\u00e4yt\u00f6ss\u00e4 kun ajatellessa, ongelmia p\u00e4\u00e4telless\u00e4 ja ongelmia ratkottaessa.\u00a0Tiedon laadusta riippuen tieto joko unohdetaan tai painetaan pitk\u00e4kestoiseen muistiin. Mit\u00e4 paremmin ty\u00f6muistissa k\u00e4sitell\u00e4\u00e4n uutta asiaa, sit\u00e4 varmemmin se siirtyy pitk\u00e4kestoiseen muistiin.\u00a0<\/p>\n<p><strong>Miksi tehd\u00e4 muistiinpanoja?<\/strong><\/p>\n<p>Muistiinpanojen tekemisen vaikuttaa oppimiseen ja opinnoissa menestymiseen. Vaikka ensin muistiinpanojen tekeminen voi tuntua ty\u00f6l\u00e4\u00e4lt\u00e4, se tehostaa oppimista, helpottaa uuden asian mieleenpainamista ja kertaamista. Muistiinpanot kirjoitetaan omin sanoin kokonaisuuden kannalta olennaisista asioista. Hyviss\u00e4 muistiinpanoissa ei kopioida koko kirjaa tai opettajan puhetta, vaan j\u00e4sennell\u00e4\u00e4n keskeisi\u00e4 asioita. Itselle sopivan muistiinpanotekniikan opettelemiseen kannattaa varata aikaa. Tarpeellista on my\u00f6s harjoitella, mink\u00e4lainen tekniikka tuntuu miss\u00e4kin tilanteessa sopivalta.<\/p>\n<p>Muistiinpanotekniikoita ovat vaikkapa alleviivaus, keskeisten sanojen poimiminen, sanojen kopioiminen, yhteenvedot, kaaviot ja miellekartat. Muistiinpanoja voi my\u00f6s el\u00e4v\u00f6itt\u00e4\u00e4 v\u00e4reill\u00e4, piirroksilla, erilaisilla huomiomerkeill\u00e4 ja mielikuvilla.<\/p>\n<p>\t\t\t\t<img decoding=\"async\" src=\"http:\/\/www.verkkovaria.fi\/opiskelijantuki\/oppimisentuki\/files\/2016\/03\/muistiinpanot-punainen.jpg\" alt=\"muistiinpanot punainen\" \/><\/p>\n<p><strong>Poimi <\/strong>alla olevasta kuvasta sinulle sopivia muistitekniikoita ja pohdi, mink\u00e4laisissa tilanteissa voisit n\u00e4it\u00e4 hy\u00f6dynt\u00e4\u00e4. Voit my\u00f6s keksi\u00e4 itse lis\u00e4\u00e4.<\/p>\n<p>\t\t\t\t<img decoding=\"async\" src=\"http:\/\/www.verkkovaria.fi\/opiskelijantuki\/oppimisentuki\/files\/2016\/04\/muistiinpanotekniikkoja-1.jpg\" alt=\"muistiinpanotekniikkoja\" \/><\/p>\n","protected":false},"excerpt":{"rendered":"<p>Lyhyt- vai pitk\u00e4kestoinen muisti? Muistia on mahdollista kehitt\u00e4\u00e4 muistitekniikkoja harjoittelemalla. T\u00e4ll\u00e4 sivulla esitell\u00e4\u00e4n muutamia muistitekniikoita, joista voit harjoitella sinulle eri tilanteisiin sopivia tapoja. Muistin toiminnassa keskeisi\u00e4 asioita pitk\u00e4kestoinen ja lyhytkestoinen muisti. Lyhytkestoinen ty\u00f6muisti on k\u00e4yt\u00f6ss\u00e4 kun ajatellessa, ongelmia p\u00e4\u00e4telless\u00e4 ja ongelmia ratkottaessa.\u00a0Tiedon laadusta riippuen tieto joko unohdetaan tai painetaan pitk\u00e4kestoiseen muistiin. Mit\u00e4 paremmin ty\u00f6muistissa k\u00e4sitell\u00e4\u00e4n &hellip; <a href=\"https:\/\/www.verkkovaria.fi\/opiskelijantuki\/oppimisentuki\/?page_id=193\">Continued<\/a><\/p>\n","protected":false},"author":5,"featured_media":0,"parent":0,"menu_order":0,"comment_status":"closed","ping_status":"closed","template":"","meta":{"footnotes":"","_links_to":"","_links_to_target":""},"class_list":["post-193","page","type-page","status-publish","hentry"],"_links":{"self":[{"href":"https:\/\/www.verkkovaria.fi\/opiskelijantuki\/oppimisentuki\/index.php?rest_route=\/wp\/v2\/pages\/193","targetHints":{"allow":["GET"]}}],"collection":[{"href":"https:\/\/www.verkkovaria.fi\/opiskelijantuki\/oppimisentuki\/index.php?rest_route=\/wp\/v2\/pages"}],"about":[{"href":"https:\/\/www.verkkovaria.fi\/opiskelijantuki\/oppimisentuki\/index.php?rest_route=\/wp\/v2\/types\/page"}],"author":[{"embeddable":true,"href":"https:\/\/www.verkkovaria.fi\/opiskelijantuki\/oppimisentuki\/index.php?rest_route=\/wp\/v2\/users\/5"}],"replies":[{"embeddable":true,"href":"https:\/\/www.verkkovaria.fi\/opiskelijantuki\/oppimisentuki\/index.php?rest_route=%2Fwp%2Fv2%2Fcomments&post=193"}],"version-history":[{"count":0,"href":"https:\/\/www.verkkovaria.fi\/opiskelijantuki\/oppimisentuki\/index.php?rest_route=\/wp\/v2\/pages\/193\/revisions"}],"wp:attachment":[{"href":"https:\/\/www.verkkovaria.fi\/opiskelijantuki\/oppimisentuki\/index.php?rest_route=%2Fwp%2Fv2%2Fmedia&parent=193"}],"curies":[{"name":"wp","href":"https:\/\/api.w.org\/{rel}","templated":true}]}}