{"id":47,"date":"2015-10-02T08:00:49","date_gmt":"2015-10-02T08:00:49","guid":{"rendered":"http:\/\/www.verkkovaria.fi\/varikko\/?page_id=47"},"modified":"2016-07-24T15:07:41","modified_gmt":"2016-07-24T12:07:41","slug":"kayttoehdot","status":"publish","type":"page","link":"https:\/\/www.verkkovaria.fi\/opiskelijantuki\/oppimisentuki\/?page_id=47","title":{"rendered":"Tekij\u00e4t ja k\u00e4ytt\u00f6ehdot"},"content":{"rendered":"<h3>TEKIJ\u00c4:<\/h3>\n<p>Piia Kovalainen 2016<\/p>\n<h3>TUOTTANUT:<\/h3>\n<p>Vantaan ammattiopisto Varia, Oppimobiili -hanke 2014 &#8211; 2016<\/p>\n<h3>LIS\u00c4TIETOJA:<\/h3>\n<p>Ulriikka Savela-Huovinen, projektip\u00e4\u00e4llikk\u00f6 2014 &#8211; 2015<br \/>\nAnna Kepanen, projektip\u00e4\u00e4llikk\u00f6 2016<br \/>\netunimi.sukunimi@vantaa.fi<\/p>\n<p>Pekka Hirvonen,\u00a0tekninen tuki<br \/>\netunimi.sukunimi@vantaa.fi<\/p>\n<h3>K\u00c4YTT\u00d6EHDOT<\/h3>\n<p>T\u00e4m\u00e4 on Vantaan ammattiopisto Varian tuottama <em>Oppimisen tuki<\/em>\u00a0-verkkototeutus. Se on tarkoitettu opetusk\u00e4ytt\u00f6\u00f6n tai henkil\u00f6kohtaiseen k\u00e4ytt\u00f6\u00f6n sek\u00e4 opettajille ett\u00e4 opiskelijoille. Verkkototeutus on tehty Vantaan ammattiopiston Varian OPPImobiili \u2013hankkeessa, joka kuuluu\u00a0 Opetus- ja kulttuuriministeri\u00f6n rahoittamaan nuorten ty\u00f6paikalla tapahtuvan oppimisen edist\u00e4misen ja ty\u00f6n ja koulutuksen joustavan yhdist\u00e4misen toimenpideohjelmaan. Nuorten oppisopimuskoulutuksen ja ty\u00f6ss\u00e4oppimisen toimenpideohjelma (2014 \u2013 2016) on osa nuorisotakuuta.<\/p>\n<p>T\u00e4m\u00e4n verkkototeutuksen tekij\u00e4noikeuksien haltija, on luovuttanut verkkototeutuksen oppisis\u00e4ll\u00f6t vapaasti k\u00e4ytett\u00e4v\u00e4ksi CC-BY-SA \u2013lisenssill\u00e4, joka tarkoittaa ett\u00e4 voit vapaasti:<\/p>\n<p><strong>Jakaa<\/strong> <strong>ja kopioida<\/strong> aineistoa ja levitt\u00e4\u00e4 sit\u00e4 edelleen miss\u00e4 tahansa v\u00e4lineess\u00e4 ja muodossa. <strong>Muunnella<\/strong>, remiksata ja muokata aineistoa sek\u00e4 luoda sen pohjalta uusia aineistoja miss\u00e4 tahansa tarkoituksessa, my\u00f6s kaupallisesti.<\/p>\n<p>Lisenssinantaja ei voi peruuttaa n\u00e4it\u00e4 oikeuksia niin kauan kuin noudatat lisenssin ehtoja.<\/p>\n<p>Sinun on <strong>mainittava l\u00e4hde asianmukaisesti<\/strong>, <strong>tarjottava linkki lisenssiin sek\u00e4 merkitt\u00e4v\u00e4, mik\u00e4li olet tehnyt muutoksia.<\/strong>Voit tehd\u00e4 yll\u00e4 olevan mill\u00e4 tahansa kohtuullisella tavalla, mutta et siten, ett\u00e4 annat ymm\u00e4rt\u00e4\u00e4 lisenssinantajan suosittelevan sinua tai teoksen k\u00e4ytt\u00f6\u00e4si. Jos muokkaat aineistoa, taikka luot sen pohjalta uusia aineistoja, sinun on jaettava tuotoksesi samalla lisenssill\u00e4 kuin alkuper\u00e4ist\u00e4 aineistoa.<\/p>\n<p>Aiheesta lis\u00e4\u00e4 sivulla <a href=\"https:\/\/creativecommons.org\/licenses\/by-sa\/1.0\/fi\/\">https:\/\/creativecommons.org\/licenses\/by-sa\/1.0\/fi\/<\/a><\/p>\n","protected":false},"excerpt":{"rendered":"<p>TEKIJ\u00c4: Piia Kovalainen 2016 TUOTTANUT: Vantaan ammattiopisto Varia, Oppimobiili -hanke 2014 &#8211; 2016 LIS\u00c4TIETOJA: Ulriikka Savela-Huovinen, projektip\u00e4\u00e4llikk\u00f6 2014 &#8211; 2015 Anna Kepanen, projektip\u00e4\u00e4llikk\u00f6 2016 etunimi.sukunimi@vantaa.fi Pekka Hirvonen,\u00a0tekninen tuki etunimi.sukunimi@vantaa.fi K\u00c4YTT\u00d6EHDOT T\u00e4m\u00e4 on Vantaan ammattiopisto Varian tuottama Oppimisen tuki\u00a0-verkkototeutus. Se on tarkoitettu opetusk\u00e4ytt\u00f6\u00f6n tai henkil\u00f6kohtaiseen k\u00e4ytt\u00f6\u00f6n sek\u00e4 opettajille ett\u00e4 opiskelijoille. Verkkototeutus on tehty Vantaan ammattiopiston Varian &hellip; <a href=\"https:\/\/www.verkkovaria.fi\/opiskelijantuki\/oppimisentuki\/?page_id=47\">Continued<\/a><\/p>\n","protected":false},"author":4,"featured_media":0,"parent":0,"menu_order":0,"comment_status":"closed","ping_status":"closed","template":"","meta":{"footnotes":"","_links_to":"","_links_to_target":""},"class_list":["post-47","page","type-page","status-publish","hentry"],"_links":{"self":[{"href":"https:\/\/www.verkkovaria.fi\/opiskelijantuki\/oppimisentuki\/index.php?rest_route=\/wp\/v2\/pages\/47","targetHints":{"allow":["GET"]}}],"collection":[{"href":"https:\/\/www.verkkovaria.fi\/opiskelijantuki\/oppimisentuki\/index.php?rest_route=\/wp\/v2\/pages"}],"about":[{"href":"https:\/\/www.verkkovaria.fi\/opiskelijantuki\/oppimisentuki\/index.php?rest_route=\/wp\/v2\/types\/page"}],"author":[{"embeddable":true,"href":"https:\/\/www.verkkovaria.fi\/opiskelijantuki\/oppimisentuki\/index.php?rest_route=\/wp\/v2\/users\/4"}],"replies":[{"embeddable":true,"href":"https:\/\/www.verkkovaria.fi\/opiskelijantuki\/oppimisentuki\/index.php?rest_route=%2Fwp%2Fv2%2Fcomments&post=47"}],"version-history":[{"count":2,"href":"https:\/\/www.verkkovaria.fi\/opiskelijantuki\/oppimisentuki\/index.php?rest_route=\/wp\/v2\/pages\/47\/revisions"}],"predecessor-version":[{"id":327,"href":"https:\/\/www.verkkovaria.fi\/opiskelijantuki\/oppimisentuki\/index.php?rest_route=\/wp\/v2\/pages\/47\/revisions\/327"}],"wp:attachment":[{"href":"https:\/\/www.verkkovaria.fi\/opiskelijantuki\/oppimisentuki\/index.php?rest_route=%2Fwp%2Fv2%2Fmedia&parent=47"}],"curies":[{"name":"wp","href":"https:\/\/api.w.org\/{rel}","templated":true}]}}