{"id":89,"date":"2016-03-09T10:43:40","date_gmt":"2016-03-09T10:43:40","guid":{"rendered":"http:\/\/www.verkkovaria.fi\/varikko\/?page_id=89"},"modified":"2016-07-24T14:59:36","modified_gmt":"2016-07-24T11:59:36","slug":"vinkkeja-oppimisen-tueksi","status":"publish","type":"page","link":"https:\/\/www.verkkovaria.fi\/opiskelijantuki\/oppimisentuki\/?page_id=89","title":{"rendered":"Opi oppimaan"},"content":{"rendered":"<p>Tiesith\u00e4n, ett\u00e4 voit vaikuttaa opiskelutaitoihisi!<\/p>\n<p>Oppimaan oppimisella tarkoitetaan niit\u00e4 asioita, joiden avulla voit ohjata uuden oppimista. N\u00e4it\u00e4 ovat tietosi, taitosi, asenteesi ja uskomuksesi. Kaikkiin n\u00e4ihin tekij\u00f6ihin voit vaikuttaa. \u00a0T\u00e4rkeint\u00e4 on muistaa, ett\u00e4 oppimisessa oma vastuu on ensisijainen, koska ket\u00e4\u00e4n ei voi m\u00e4\u00e4r\u00e4t\u00e4 oppimaan.<\/p>\n<p>Oppijana kehittymisen kannalta oleellisin taito on kyky havainnoida ja arvioida omaa oppimista. Taitava oppija on tietoinen omaan oppimiseen vaikuttavista tekij\u00f6ist\u00e4. Oppimaan oppimisen taidot eiv\u00e4t liity pelk\u00e4st\u00e4\u00e4n opiskeluun, vaan niit\u00e4 tarvitaan my\u00f6s ty\u00f6ss\u00e4, harrastuksissa ja arkiel\u00e4m\u00e4ss\u00e4 selviytymiseen.<\/p>\n<p>Oppimaan oppimiseen vaikuttaa my\u00f6s joukko muita asioita, joten <strong>pohdi seuraavia kysymyksi\u00e4<\/strong>:<\/p>\n<ul>\n<li>Mink\u00e4lainen on k\u00e4sityksesi itsest\u00e4si oppijana? Kuinka k\u00e4sityksesi vaikuttaa sinuun?<\/li>\n<li>Mink\u00e4laisia odotuksia muilla on sinuun ja oppimiseesi?<\/li>\n<li>Mik\u00e4 on sinulle sopiva oppimisymp\u00e4rist\u00f6?<\/li>\n<li>Kuinka motivoit itse\u00e4si oppimishaasteen \u00e4\u00e4rell\u00e4?<\/li>\n<\/ul>\n","protected":false},"excerpt":{"rendered":"<p>Tiesith\u00e4n, ett\u00e4 voit vaikuttaa opiskelutaitoihisi! Oppimaan oppimisella tarkoitetaan niit\u00e4 asioita, joiden avulla voit ohjata uuden oppimista. N\u00e4it\u00e4 ovat tietosi, taitosi, asenteesi ja uskomuksesi. Kaikkiin n\u00e4ihin tekij\u00f6ihin voit vaikuttaa. \u00a0T\u00e4rkeint\u00e4 on muistaa, ett\u00e4 oppimisessa oma vastuu on ensisijainen, koska ket\u00e4\u00e4n ei voi m\u00e4\u00e4r\u00e4t\u00e4 oppimaan. Oppijana kehittymisen kannalta oleellisin taito on kyky havainnoida ja arvioida omaa oppimista. &hellip; <a href=\"https:\/\/www.verkkovaria.fi\/opiskelijantuki\/oppimisentuki\/?page_id=89\">Continued<\/a><\/p>\n","protected":false},"author":4,"featured_media":0,"parent":0,"menu_order":0,"comment_status":"closed","ping_status":"closed","template":"","meta":{"footnotes":"","_links_to":"","_links_to_target":""},"class_list":["post-89","page","type-page","status-publish","hentry"],"_links":{"self":[{"href":"https:\/\/www.verkkovaria.fi\/opiskelijantuki\/oppimisentuki\/index.php?rest_route=\/wp\/v2\/pages\/89","targetHints":{"allow":["GET"]}}],"collection":[{"href":"https:\/\/www.verkkovaria.fi\/opiskelijantuki\/oppimisentuki\/index.php?rest_route=\/wp\/v2\/pages"}],"about":[{"href":"https:\/\/www.verkkovaria.fi\/opiskelijantuki\/oppimisentuki\/index.php?rest_route=\/wp\/v2\/types\/page"}],"author":[{"embeddable":true,"href":"https:\/\/www.verkkovaria.fi\/opiskelijantuki\/oppimisentuki\/index.php?rest_route=\/wp\/v2\/users\/4"}],"replies":[{"embeddable":true,"href":"https:\/\/www.verkkovaria.fi\/opiskelijantuki\/oppimisentuki\/index.php?rest_route=%2Fwp%2Fv2%2Fcomments&post=89"}],"version-history":[{"count":1,"href":"https:\/\/www.verkkovaria.fi\/opiskelijantuki\/oppimisentuki\/index.php?rest_route=\/wp\/v2\/pages\/89\/revisions"}],"predecessor-version":[{"id":322,"href":"https:\/\/www.verkkovaria.fi\/opiskelijantuki\/oppimisentuki\/index.php?rest_route=\/wp\/v2\/pages\/89\/revisions\/322"}],"wp:attachment":[{"href":"https:\/\/www.verkkovaria.fi\/opiskelijantuki\/oppimisentuki\/index.php?rest_route=%2Fwp%2Fv2%2Fmedia&parent=89"}],"curies":[{"name":"wp","href":"https:\/\/api.w.org\/{rel}","templated":true}]}}