{"id":92,"date":"2016-03-09T10:50:27","date_gmt":"2016-03-09T10:50:27","guid":{"rendered":"http:\/\/www.verkkovaria.fi\/varikko\/?page_id=92"},"modified":"2016-07-24T15:05:55","modified_gmt":"2016-07-24T12:05:55","slug":"erilaisen-oppijan-tukeminen","status":"publish","type":"page","link":"https:\/\/www.verkkovaria.fi\/opiskelijantuki\/oppimisentuki\/?page_id=92","title":{"rendered":"Erilaisen oppijan tukeminen"},"content":{"rendered":"<p><strong>Oppimateriaalin hahmottaminen<\/strong><\/p>\n<p>Selke\u00e4t oppimateriaalit helpottavat my\u00f6s tavallisen oppijan opiskelua, mutta erityisesti ne tukevat oppimisen haasteista k\u00e4rsiv\u00e4n oppimista.<\/p>\n<p>Pelk\u00e4st\u00e4\u00e4n fontin koon vaihtelut auttavat lukijaa orientoitumaan tekstin sis\u00e4lt\u00f6\u00f6n. Kuvatekstit suositellaan laitettavan pienemm\u00e4ll\u00e4 fontilla, otsikot suuremmalla. \u00a0V\u00e4rien ja kuvien k\u00e4ytt\u00e4minen helpottaa sis\u00e4ll\u00f6n ty\u00f6st\u00e4mist\u00e4 ja mieleenpainamista. Oppimateriaaleissa ja kokeissa selke\u00e4 palstoitus ja fonttien erot tukevat parhaimmillaan oppimista ja helpottavat\u00a0hahmottamish\u00e4iri\u00f6ist\u00e4 opiskelijaa.<\/p>\n<p>Hahmotusvaikeuksiin voi liitty\u00e4 haasteita tarkastella omaa toimintakyky\u00e4\u00e4n ja selviytymismahdollisuuksia suhteessa ymp\u00e4rist\u00f6st\u00e4 tulleisiin odotuksiin. Alla ohjaukseen ja opetukseen liittyvi\u00e4 yleisi\u00e4 ohjeita, joilla helpottaa erilaista oppijaa.<\/p>\n<p><strong>Muita haasteita:<\/strong><\/p>\n<ul>\n<li>Kellon ja rahan hallinta<\/li>\n<li>Taulukoiden ja graafisten kuvausten ymm\u00e4rt\u00e4minen<\/li>\n<li>Vaikeus liikkua vieraassa ymp\u00e4rist\u00f6ss\u00e4<\/li>\n<li>Lomakkeiden t\u00e4ytt\u00e4minen<\/li>\n<\/ul>\n<p>&nbsp;<\/p>\n<p><b>Vinkkej\u00e4, kuinka kannustaa opiskelijaa keskittym\u00e4\u00e4n<\/b><\/p>\n<ul>\n<li>Kannusta, kehu, palkitse<\/li>\n<li>Kiinnit\u00e4 huomio opiskelijan vahvuuksiin\u00a0\u00a0(esimerkiksi luova ajattelu, mielikuvitus, esiintymiskyky, oivaltaminen, toimelias, laajojen kokonaisuuksien hahmottaminen, utelias, riskinotto, nopeasti toipuva, energinen&#8230;)<\/li>\n<li>Toiminnalliset ja liikunnalliset tuokiot tuntien aikana<\/li>\n<\/ul>\n<p>&nbsp;<\/p>\n<p><strong>Ohjeistaminen<\/strong><\/p>\n<ul>\n<li>Lyhyt ja selke\u00e4 ohjeistus, vain yksi ohje kerrallaan<\/li>\n<li>Monimutkaiset ja pitk\u00e4t teht\u00e4v\u00e4t osissa<\/li>\n<li>Anna lyhytkestoisia teht\u00e4vi\u00e4<\/li>\n<li>Varmista, ett\u00e4 opiskelija kuuntelee<\/li>\n<li>Tarkista, ett\u00e4 ohje on ymm\u00e4rretty. Pyyd\u00e4 opiskelijaa toistamaan<\/li>\n<li>Keskeisten asioiden korostaminen<\/li>\n<li>Sis\u00e4llyt\u00e4 innostavia teht\u00e4vi\u00e4<\/li>\n<li>V\u00e4lit\u00f6n palaute orientoi opiskelijaa jatkamaan<\/li>\n<li>Korjaava palaute positiivisessa hengess\u00e4 (Mulla on yksi ajatus, voinko ehdottaa&#8230;)<\/li>\n<li>Konkreettinen palaute suoriutumisesta, ei lopputuloksesta<\/li>\n<\/ul>\n<p>&nbsp;<\/p>\n","protected":false},"excerpt":{"rendered":"<p>Oppimateriaalin hahmottaminen Selke\u00e4t oppimateriaalit helpottavat my\u00f6s tavallisen oppijan opiskelua, mutta erityisesti ne tukevat oppimisen haasteista k\u00e4rsiv\u00e4n oppimista. Pelk\u00e4st\u00e4\u00e4n fontin koon vaihtelut auttavat lukijaa orientoitumaan tekstin sis\u00e4lt\u00f6\u00f6n. Kuvatekstit suositellaan laitettavan pienemm\u00e4ll\u00e4 fontilla, otsikot suuremmalla. \u00a0V\u00e4rien ja kuvien k\u00e4ytt\u00e4minen helpottaa sis\u00e4ll\u00f6n ty\u00f6st\u00e4mist\u00e4 ja mieleenpainamista. Oppimateriaaleissa ja kokeissa selke\u00e4 palstoitus ja fonttien erot tukevat parhaimmillaan oppimista ja helpottavat\u00a0hahmottamish\u00e4iri\u00f6ist\u00e4 &hellip; <a href=\"https:\/\/www.verkkovaria.fi\/opiskelijantuki\/oppimisentuki\/?page_id=92\">Continued<\/a><\/p>\n","protected":false},"author":4,"featured_media":0,"parent":0,"menu_order":0,"comment_status":"closed","ping_status":"closed","template":"","meta":{"footnotes":"","_links_to":"","_links_to_target":""},"class_list":["post-92","page","type-page","status-publish","hentry"],"_links":{"self":[{"href":"https:\/\/www.verkkovaria.fi\/opiskelijantuki\/oppimisentuki\/index.php?rest_route=\/wp\/v2\/pages\/92","targetHints":{"allow":["GET"]}}],"collection":[{"href":"https:\/\/www.verkkovaria.fi\/opiskelijantuki\/oppimisentuki\/index.php?rest_route=\/wp\/v2\/pages"}],"about":[{"href":"https:\/\/www.verkkovaria.fi\/opiskelijantuki\/oppimisentuki\/index.php?rest_route=\/wp\/v2\/types\/page"}],"author":[{"embeddable":true,"href":"https:\/\/www.verkkovaria.fi\/opiskelijantuki\/oppimisentuki\/index.php?rest_route=\/wp\/v2\/users\/4"}],"replies":[{"embeddable":true,"href":"https:\/\/www.verkkovaria.fi\/opiskelijantuki\/oppimisentuki\/index.php?rest_route=%2Fwp%2Fv2%2Fcomments&post=92"}],"version-history":[{"count":1,"href":"https:\/\/www.verkkovaria.fi\/opiskelijantuki\/oppimisentuki\/index.php?rest_route=\/wp\/v2\/pages\/92\/revisions"}],"predecessor-version":[{"id":326,"href":"https:\/\/www.verkkovaria.fi\/opiskelijantuki\/oppimisentuki\/index.php?rest_route=\/wp\/v2\/pages\/92\/revisions\/326"}],"wp:attachment":[{"href":"https:\/\/www.verkkovaria.fi\/opiskelijantuki\/oppimisentuki\/index.php?rest_route=%2Fwp%2Fv2%2Fmedia&parent=92"}],"curies":[{"name":"wp","href":"https:\/\/api.w.org\/{rel}","templated":true}]}}