{"id":10,"date":"2016-01-26T13:04:22","date_gmt":"2016-01-26T13:04:22","guid":{"rendered":"http:\/\/www.verkkovaria.fi\/soster\/hohu\/?page_id=10"},"modified":"2016-02-16T10:46:28","modified_gmt":"2016-02-16T10:46:28","slug":"opettajalle","status":"publish","type":"page","link":"https:\/\/www.verkkovaria.fi\/soster\/hohu\/?page_id=10","title":{"rendered":"Opettajalle"},"content":{"rendered":"<ul>\n<li>Verkkoteutuksen tavoitteena on, ett\u00e4 opiskelija oppii itsen\u00e4isesti, sek\u00e4 yhdess\u00e4 toisten opiskelijoiden \u00a0ja ty\u00f6el\u00e4m\u00e4n asiantuntijoiden avulla\u00a0taudinaiheuttajista ja aseptiikasta.\u00a0<\/li>\n<li>Verkkototeutuksen prosessin eteneminen, tavoitteet ja arviointi sek\u00e4 teemat teht\u00e4vineen l\u00f6ytyv\u00e4t yll\u00e4 olevasta valikosta kohdasta Opiskelijalle.\u00a0<\/li>\n<li>Opettajan teht\u00e4v\u00e4 on alussa ohjeistaa verkkototeukseen ja siin\u00e4 k\u00e4ytett\u00e4viin digitaalisiin oppimisymp\u00e4rist\u00f6ihin, fronteriin ja blogialustaan.\u00a0<\/li>\n<li>T\u00e4m\u00e4n verkkototeutuksen lis\u00e4ksi on suositeltavaa, ett\u00e4 opiskelijoiden kanssa harjoitellaan aseptiikan perusteet luokkaymp\u00e4rist\u00f6ss\u00e4.<\/li>\n<\/ul>\n","protected":false},"excerpt":{"rendered":"<p>Verkkoteutuksen tavoitteena on, ett\u00e4 opiskelija oppii itsen\u00e4isesti, sek\u00e4 yhdess\u00e4 toisten opiskelijoiden \u00a0ja ty\u00f6el\u00e4m\u00e4n asiantuntijoiden avulla\u00a0taudinaiheuttajista ja aseptiikasta.\u00a0 Verkkototeutuksen prosessin eteneminen, tavoitteet ja arviointi sek\u00e4 teemat teht\u00e4vineen l\u00f6ytyv\u00e4t yll\u00e4 olevasta valikosta kohdasta Opiskelijalle.\u00a0 Opettajan teht\u00e4v\u00e4 on alussa ohjeistaa verkkototeukseen ja siin\u00e4 k\u00e4ytett\u00e4viin digitaalisiin oppimisymp\u00e4rist\u00f6ihin, fronteriin ja blogialustaan.\u00a0 T\u00e4m\u00e4n verkkototeutuksen lis\u00e4ksi on suositeltavaa, ett\u00e4 opiskelijoiden kanssa harjoitellaan &hellip; <a href=\"https:\/\/www.verkkovaria.fi\/soster\/hohu\/?page_id=10\">Continued<\/a><\/p>\n","protected":false},"author":1,"featured_media":0,"parent":0,"menu_order":0,"comment_status":"closed","ping_status":"closed","template":"","meta":{"footnotes":"","_links_to":"","_links_to_target":""},"class_list":["post-10","page","type-page","status-publish","hentry"],"_links":{"self":[{"href":"https:\/\/www.verkkovaria.fi\/soster\/hohu\/index.php?rest_route=\/wp\/v2\/pages\/10","targetHints":{"allow":["GET"]}}],"collection":[{"href":"https:\/\/www.verkkovaria.fi\/soster\/hohu\/index.php?rest_route=\/wp\/v2\/pages"}],"about":[{"href":"https:\/\/www.verkkovaria.fi\/soster\/hohu\/index.php?rest_route=\/wp\/v2\/types\/page"}],"author":[{"embeddable":true,"href":"https:\/\/www.verkkovaria.fi\/soster\/hohu\/index.php?rest_route=\/wp\/v2\/users\/1"}],"replies":[{"embeddable":true,"href":"https:\/\/www.verkkovaria.fi\/soster\/hohu\/index.php?rest_route=%2Fwp%2Fv2%2Fcomments&post=10"}],"version-history":[{"count":5,"href":"https:\/\/www.verkkovaria.fi\/soster\/hohu\/index.php?rest_route=\/wp\/v2\/pages\/10\/revisions"}],"predecessor-version":[{"id":207,"href":"https:\/\/www.verkkovaria.fi\/soster\/hohu\/index.php?rest_route=\/wp\/v2\/pages\/10\/revisions\/207"}],"wp:attachment":[{"href":"https:\/\/www.verkkovaria.fi\/soster\/hohu\/index.php?rest_route=%2Fwp%2Fv2%2Fmedia&parent=10"}],"curies":[{"name":"wp","href":"https:\/\/api.w.org\/{rel}","templated":true}]}}