{"id":123,"date":"2016-02-05T17:38:24","date_gmt":"2016-02-05T17:38:24","guid":{"rendered":"http:\/\/www.verkkovaria.fi\/soster\/hohu\/?page_id=123"},"modified":"2016-06-26T11:26:49","modified_gmt":"2016-06-26T11:26:49","slug":"teema-3-mikrobiryhmat","status":"publish","type":"page","link":"https:\/\/www.verkkovaria.fi\/soster\/hohu\/?page_id=123","title":{"rendered":"Teht\u00e4v\u00e4 3 Mikrobiryhm\u00e4t"},"content":{"rendered":"<figure id=\"attachment_162\" aria-describedby=\"caption-attachment-162\" style=\"width: 180px\" class=\"wp-caption aligncenter\"><a href=\"http:\/\/www.verkkovaria.fi\/soster\/hohu\/wp-content\/uploads\/2016\/02\/kirjoitus.jpg\" rel=\"attachment wp-att-162\"><img loading=\"lazy\" decoding=\"async\" src=\"http:\/\/www.verkkovaria.fi\/soster\/hohu\/wp-content\/uploads\/2016\/02\/kirjoitus-180x300.jpg\" alt=\"kirjoitus\" width=\"180\" height=\"300\" \/><\/a><figcaption id=\"caption-attachment-162\" class=\"wp-caption-text\">Kuva: T.Pilto<\/figcaption><\/figure>\n<p>Teht\u00e4v\u00e4n tavoitteena on, ett\u00e4 opiskelija tuntee mikrobien eri ryhm\u00e4t ja mikrobit taudinaiheuttajina.<\/p>\n<p>Opiskele bakteereista, viruksista, sienist\u00e4, alkuel\u00e4imist\u00e4 haluamastasi l\u00e4hteest\u00e4. Esim. Karhum\u00e4ki, E. ym. Mikrobit hoitoty\u00f6n haasteena. Edita.<\/p>\n<p>Opiskeltuasi aihetta itsen\u00e4isesti, tee monivalintatesti mikrobeista. Testist\u00e4 on saatava 70% oikein.\u00a0Testin j\u00e4lkeen n\u00e4et heti testituloksen.<\/p>\n<p>Alla n\u00e4et mit\u00e4 aiheita monivalintatestiss\u00e4 k\u00e4sitell\u00e4\u00e4n. Testiss\u00e4 valitset oikean\/oikeat vaihtoehdot kysymyksiin. Tee testi Fronterissa opettajan antamien ohjeiden mukaan.<\/p>\n<p>Testi<\/p>\n<ol>\n<li>Alkuel\u00e4imet ovat usein&#8230;<\/li>\n<li>Bakteerit lis\u00e4\u00e4ntyv\u00e4t&#8230;<\/li>\n<li>Bakteerit voivat s\u00e4ily\u00e4 vuosikausia lepotilassa, koska&#8230;<\/li>\n<li>Elimist\u00f6n hy\u00f6tymikrobit valmistavat&#8230;<\/li>\n<li>Herpeksen uusiutuminen suupieless\u00e4 johtuu&#8230;<\/li>\n<li>Hiivasienet&#8230;<\/li>\n<li>Homesienet&#8230;<\/li>\n<li>Ihmisen elimist\u00f6ss\u00e4 on mikrobeja&#8230;<\/li>\n<li>Maailman vanhin eli\u00f6ryhm\u00e4 on&#8230;<\/li>\n<li>Malarian aiheuttaa&#8230;<\/li>\n<li>Mikrobit voivat el\u00e4\u00e4&#8230;<\/li>\n<li>Penisilliini- antibiootissa on&#8230;<\/li>\n<li>Viruksen sis\u00e4ll\u00e4 on&#8230;<\/li>\n<li>Virukset voivat aiheuttaa&#8230;<\/li>\n<li>Virus lis\u00e4\u00e4ntyy&#8230;<\/li>\n<li>Virus on kooltaan&#8230;<\/li>\n<li>Virulenssi tarkoittaa&#8230;<\/li>\n<li>Alkuel\u00e4imet ovat usein&#8230;<\/li>\n<li>Ovatko kaikki mikrobit yksisoluisia?<\/li>\n<li>Mitk\u00e4 seuraavista ovat sieni\u00e4?<\/li>\n<li>Miten homeet lis\u00e4\u00e4ntyv\u00e4t?<\/li>\n<li>Ovatko t\u00e4it&#8230;<\/li>\n<\/ol>\n","protected":false},"excerpt":{"rendered":"<p>Teht\u00e4v\u00e4n tavoitteena on, ett\u00e4 opiskelija tuntee mikrobien eri ryhm\u00e4t ja mikrobit taudinaiheuttajina. Opiskele bakteereista, viruksista, sienist\u00e4, alkuel\u00e4imist\u00e4 haluamastasi l\u00e4hteest\u00e4. Esim. Karhum\u00e4ki, E. ym. Mikrobit hoitoty\u00f6n haasteena. Edita. Opiskeltuasi aihetta itsen\u00e4isesti, tee monivalintatesti mikrobeista. Testist\u00e4 on saatava 70% oikein.\u00a0Testin j\u00e4lkeen n\u00e4et heti testituloksen. Alla n\u00e4et mit\u00e4 aiheita monivalintatestiss\u00e4 k\u00e4sitell\u00e4\u00e4n. Testiss\u00e4 valitset oikean\/oikeat vaihtoehdot kysymyksiin. Tee testi &hellip; <a href=\"https:\/\/www.verkkovaria.fi\/soster\/hohu\/?page_id=123\">Continued<\/a><\/p>\n","protected":false},"author":1,"featured_media":0,"parent":0,"menu_order":0,"comment_status":"closed","ping_status":"closed","template":"","meta":{"footnotes":"","_links_to":"","_links_to_target":""},"class_list":["post-123","page","type-page","status-publish","hentry"],"_links":{"self":[{"href":"https:\/\/www.verkkovaria.fi\/soster\/hohu\/index.php?rest_route=\/wp\/v2\/pages\/123","targetHints":{"allow":["GET"]}}],"collection":[{"href":"https:\/\/www.verkkovaria.fi\/soster\/hohu\/index.php?rest_route=\/wp\/v2\/pages"}],"about":[{"href":"https:\/\/www.verkkovaria.fi\/soster\/hohu\/index.php?rest_route=\/wp\/v2\/types\/page"}],"author":[{"embeddable":true,"href":"https:\/\/www.verkkovaria.fi\/soster\/hohu\/index.php?rest_route=\/wp\/v2\/users\/1"}],"replies":[{"embeddable":true,"href":"https:\/\/www.verkkovaria.fi\/soster\/hohu\/index.php?rest_route=%2Fwp%2Fv2%2Fcomments&post=123"}],"version-history":[{"count":17,"href":"https:\/\/www.verkkovaria.fi\/soster\/hohu\/index.php?rest_route=\/wp\/v2\/pages\/123\/revisions"}],"predecessor-version":[{"id":340,"href":"https:\/\/www.verkkovaria.fi\/soster\/hohu\/index.php?rest_route=\/wp\/v2\/pages\/123\/revisions\/340"}],"wp:attachment":[{"href":"https:\/\/www.verkkovaria.fi\/soster\/hohu\/index.php?rest_route=%2Fwp%2Fv2%2Fmedia&parent=123"}],"curies":[{"name":"wp","href":"https:\/\/api.w.org\/{rel}","templated":true}]}}