{"id":126,"date":"2016-02-05T17:39:06","date_gmt":"2016-02-05T17:39:06","guid":{"rendered":"http:\/\/www.verkkovaria.fi\/soster\/hohu\/?page_id=126"},"modified":"2016-03-24T15:56:07","modified_gmt":"2016-03-24T15:56:07","slug":"teema-4-puolustusjarjestelma","status":"publish","type":"page","link":"https:\/\/www.verkkovaria.fi\/soster\/hohu\/?page_id=126","title":{"rendered":"Teht\u00e4v\u00e4 4 Puolustusj\u00e4rjestelm\u00e4"},"content":{"rendered":"<p><strong>Puolustusj\u00e4rjestelm\u00e4n toiminta<\/strong><\/p>\n<p>Teht\u00e4v\u00e4n tavoitteena on, ett\u00e4 opiskelija ymm\u00e4rt\u00e4\u00e4 elimist\u00f6n puolustuj\u00e4rjerjestelm\u00e4n toiminnan.<\/p>\n<p>Teht\u00e4v\u00e4: valitse itsellesi vaihtoehto A tai B.\u00a0<\/p>\n<p>A) Olet saanut elimist\u00f6\u00f6si flunssan.<\/p>\n<p>B) Ihollesi on tullut haava, joka on infektoitunut.\u00a0<\/p>\n<ul>\n<li>Kerro tapahtumaketju, josta selvi\u00e4\u00e4 miten n\u00e4in on p\u00e4\u00e4ssyt tapahtumaan, mit\u00e4 elimist\u00f6ss\u00e4si tapahtuu ja miten paranet.<\/li>\n<li>K\u00e4yt\u00e4 apunasi fysiologian ja anatomian, sairaanhoidon ja mikrobiologian oppikirjoja.\u00a0<\/li>\n<li>Palauta selostus sovitulle oppimisalustalle.<\/li>\n<\/ul>\n<p>\u00a0<\/p>\n<p><figure id=\"attachment_148\" aria-describedby=\"caption-attachment-148\" style=\"width: 300px\" class=\"wp-caption alignright\"><a href=\"http:\/\/www.verkkovaria.fi\/soster\/hohu\/wp-content\/uploads\/2016\/02\/haava.jpg\" rel=\"attachment wp-att-148\"><img loading=\"lazy\" decoding=\"async\" src=\"http:\/\/www.verkkovaria.fi\/soster\/hohu\/wp-content\/uploads\/2016\/02\/haava-300x180.jpg\" alt=\"haava\" width=\"300\" height=\"180\" \/><\/a><figcaption id=\"caption-attachment-148\" class=\"wp-caption-text\">Kuva: T.Pilto<\/figcaption><\/figure><br \/>\n\t<figure id=\"attachment_147\" aria-describedby=\"caption-attachment-147\" style=\"width: 337px\" class=\"wp-caption alignnone\"><a href=\"http:\/\/www.verkkovaria.fi\/soster\/hohu\/wp-content\/uploads\/2016\/02\/flunssa.jpg\" rel=\"attachment wp-att-147\"><img loading=\"lazy\" decoding=\"async\" src=\"http:\/\/www.verkkovaria.fi\/soster\/hohu\/wp-content\/uploads\/2016\/02\/flunssa-253x300.jpg\" alt=\"flunssa\" width=\"337\" height=\"400\" \/><\/a><figcaption id=\"caption-attachment-147\" class=\"wp-caption-text\">Kuva: T.Pilto<\/figcaption><\/figure><\/p>\n<p>\u00a0<\/p>\n","protected":false},"excerpt":{"rendered":"<p>Puolustusj\u00e4rjestelm\u00e4n toiminta Teht\u00e4v\u00e4n tavoitteena on, ett\u00e4 opiskelija ymm\u00e4rt\u00e4\u00e4 elimist\u00f6n puolustuj\u00e4rjerjestelm\u00e4n toiminnan. Teht\u00e4v\u00e4: valitse itsellesi vaihtoehto A tai B.\u00a0 A) Olet saanut elimist\u00f6\u00f6si flunssan. B) Ihollesi on tullut haava, joka on infektoitunut.\u00a0 Kerro tapahtumaketju, josta selvi\u00e4\u00e4 miten n\u00e4in on p\u00e4\u00e4ssyt tapahtumaan, mit\u00e4 elimist\u00f6ss\u00e4si tapahtuu ja miten paranet. K\u00e4yt\u00e4 apunasi fysiologian ja anatomian, sairaanhoidon ja mikrobiologian oppikirjoja.\u00a0 &hellip; <a href=\"https:\/\/www.verkkovaria.fi\/soster\/hohu\/?page_id=126\">Continued<\/a><\/p>\n","protected":false},"author":1,"featured_media":0,"parent":0,"menu_order":0,"comment_status":"closed","ping_status":"closed","template":"","meta":{"footnotes":"","_links_to":"","_links_to_target":""},"class_list":["post-126","page","type-page","status-publish","hentry"],"_links":{"self":[{"href":"https:\/\/www.verkkovaria.fi\/soster\/hohu\/index.php?rest_route=\/wp\/v2\/pages\/126","targetHints":{"allow":["GET"]}}],"collection":[{"href":"https:\/\/www.verkkovaria.fi\/soster\/hohu\/index.php?rest_route=\/wp\/v2\/pages"}],"about":[{"href":"https:\/\/www.verkkovaria.fi\/soster\/hohu\/index.php?rest_route=\/wp\/v2\/types\/page"}],"author":[{"embeddable":true,"href":"https:\/\/www.verkkovaria.fi\/soster\/hohu\/index.php?rest_route=\/wp\/v2\/users\/1"}],"replies":[{"embeddable":true,"href":"https:\/\/www.verkkovaria.fi\/soster\/hohu\/index.php?rest_route=%2Fwp%2Fv2%2Fcomments&post=126"}],"version-history":[{"count":22,"href":"https:\/\/www.verkkovaria.fi\/soster\/hohu\/index.php?rest_route=\/wp\/v2\/pages\/126\/revisions"}],"predecessor-version":[{"id":304,"href":"https:\/\/www.verkkovaria.fi\/soster\/hohu\/index.php?rest_route=\/wp\/v2\/pages\/126\/revisions\/304"}],"wp:attachment":[{"href":"https:\/\/www.verkkovaria.fi\/soster\/hohu\/index.php?rest_route=%2Fwp%2Fv2%2Fmedia&parent=126"}],"curies":[{"name":"wp","href":"https:\/\/api.w.org\/{rel}","templated":true}]}}