{"id":129,"date":"2016-02-05T17:39:36","date_gmt":"2016-02-05T17:39:36","guid":{"rendered":"http:\/\/www.verkkovaria.fi\/soster\/hohu\/?page_id=129"},"modified":"2016-06-26T11:35:21","modified_gmt":"2016-06-26T11:35:21","slug":"teema-4-haastattelu","status":"publish","type":"page","link":"https:\/\/www.verkkovaria.fi\/soster\/hohu\/?page_id=129","title":{"rendered":"Teht\u00e4v\u00e4 5 Haastattelu"},"content":{"rendered":"<p>Haastattelun tarkoitus on selvent\u00e4\u00e4 sinulle, miten hoitoty\u00f6ss\u00e4<\/p>\n<ul>\n<li>katkaistaan tartuntojen levi\u00e4misreitit<\/li>\n<li>hallitaan k\u00e4sihygienia<\/li>\n<li>huolehdiaan omasta henkil\u00f6kohtaisesta hygieniasta<\/li>\n<li>ty\u00f6skenneell\u00e4\u00e4n laadukkaasti, taloudellisesti ja huolehditaan kest\u00e4v\u00e4st\u00e4 kehityksest\u00e4<\/li>\n<li>tartuntatautien torjuntaty\u00f6n s\u00e4\u00e4d\u00f6kset tulevat esille.<\/li>\n<\/ul>\n<p>&nbsp;<\/p>\n<p>Ohje pareittain teht\u00e4v\u00e4\u00e4n ty\u00f6el\u00e4m\u00e4nedustajan haastatteluun<\/p>\n<ul>\n<li>Etsik\u00e4\u00e4 haastattelupaikka, jossa toteutetaan hoitoty\u00f6t\u00e4.<\/li>\n<li>Kysyk\u00e4\u00e4 lupa esim. osastonhoitajalta aseptiikkaa koskevaan haastatteluun.<\/li>\n<li>Kysyk\u00e4\u00e4 voiko haastattelun yhteydess\u00e4 ottaa kuvia aseptisesta ty\u00f6skentelyst\u00e4, esim. desinfektio, j\u00e4tteiden k\u00e4sittely tms.<\/li>\n<li>Opiskelkaa Hoitamalla hyv\u00e4\u00e4 oloa -kirjasta (Anttila, K. ym. 2015. Sanoma Pro) Aseptiikka ja kest\u00e4v\u00e4 kehitys -kappale ennen kuin l\u00e4hdette tekem\u00e4\u00e4n haastattelua.<\/li>\n<li>Laatikaa\u00a0haastattelurunko valmiiksi. Haastattelussa pit\u00e4\u00e4 selvitt\u00e4\u00e4 tavoitteena olevat asiat.<\/li>\n<li>Kirjoittakaa (referoikaa) haastattelu yhteiselle blogialustalle. Liitt\u00e4k\u00e4\u00e4 mukaan\u00a0kuvia, joiden julkaisemiseen teill\u00e4 on lupa. Haastattelupaikan, ty\u00f6ntekij\u00f6iden ja asiakkaiden nimi\u00e4 ei saa mainita blogialustalla.<\/li>\n<li>K\u00e4y kommentoimassa v\u00e4hint\u00e4\u00e4n 3 eri haastattelua. Kerro kommentissasi, miten hyvin mielest\u00e4si haastattelupaikassa toteutuvat aseptiikan periaatteet.<\/li>\n<\/ul>\n","protected":false},"excerpt":{"rendered":"<p>Haastattelun tarkoitus on selvent\u00e4\u00e4 sinulle, miten hoitoty\u00f6ss\u00e4 katkaistaan tartuntojen levi\u00e4misreitit hallitaan k\u00e4sihygienia huolehdiaan omasta henkil\u00f6kohtaisesta hygieniasta ty\u00f6skenneell\u00e4\u00e4n laadukkaasti, taloudellisesti ja huolehditaan kest\u00e4v\u00e4st\u00e4 kehityksest\u00e4 tartuntatautien torjuntaty\u00f6n s\u00e4\u00e4d\u00f6kset tulevat esille. &nbsp; Ohje pareittain teht\u00e4v\u00e4\u00e4n ty\u00f6el\u00e4m\u00e4nedustajan haastatteluun Etsik\u00e4\u00e4 haastattelupaikka, jossa toteutetaan hoitoty\u00f6t\u00e4. Kysyk\u00e4\u00e4 lupa esim. osastonhoitajalta aseptiikkaa koskevaan haastatteluun. Kysyk\u00e4\u00e4 voiko haastattelun yhteydess\u00e4 ottaa kuvia aseptisesta ty\u00f6skentelyst\u00e4, esim. &hellip; <a href=\"https:\/\/www.verkkovaria.fi\/soster\/hohu\/?page_id=129\">Continued<\/a><\/p>\n","protected":false},"author":1,"featured_media":0,"parent":0,"menu_order":0,"comment_status":"closed","ping_status":"closed","template":"","meta":{"footnotes":"","_links_to":"","_links_to_target":""},"class_list":["post-129","page","type-page","status-publish","hentry"],"_links":{"self":[{"href":"https:\/\/www.verkkovaria.fi\/soster\/hohu\/index.php?rest_route=\/wp\/v2\/pages\/129","targetHints":{"allow":["GET"]}}],"collection":[{"href":"https:\/\/www.verkkovaria.fi\/soster\/hohu\/index.php?rest_route=\/wp\/v2\/pages"}],"about":[{"href":"https:\/\/www.verkkovaria.fi\/soster\/hohu\/index.php?rest_route=\/wp\/v2\/types\/page"}],"author":[{"embeddable":true,"href":"https:\/\/www.verkkovaria.fi\/soster\/hohu\/index.php?rest_route=\/wp\/v2\/users\/1"}],"replies":[{"embeddable":true,"href":"https:\/\/www.verkkovaria.fi\/soster\/hohu\/index.php?rest_route=%2Fwp%2Fv2%2Fcomments&post=129"}],"version-history":[{"count":20,"href":"https:\/\/www.verkkovaria.fi\/soster\/hohu\/index.php?rest_route=\/wp\/v2\/pages\/129\/revisions"}],"predecessor-version":[{"id":342,"href":"https:\/\/www.verkkovaria.fi\/soster\/hohu\/index.php?rest_route=\/wp\/v2\/pages\/129\/revisions\/342"}],"wp:attachment":[{"href":"https:\/\/www.verkkovaria.fi\/soster\/hohu\/index.php?rest_route=%2Fwp%2Fv2%2Fmedia&parent=129"}],"curies":[{"name":"wp","href":"https:\/\/api.w.org\/{rel}","templated":true}]}}