{"id":132,"date":"2016-02-05T17:40:13","date_gmt":"2016-02-05T17:40:13","guid":{"rendered":"http:\/\/www.verkkovaria.fi\/soster\/hohu\/?page_id=132"},"modified":"2016-05-16T06:38:47","modified_gmt":"2016-05-16T06:38:47","slug":"teema-5-aseptiikan-keskeiset-periaatteet","status":"publish","type":"page","link":"https:\/\/www.verkkovaria.fi\/soster\/hohu\/?page_id=132","title":{"rendered":"Teht\u00e4v\u00e4 6 Aseptiikan periaatteet"},"content":{"rendered":"<p>T\u00e4m\u00e4n teht\u00e4v\u00e4n tavoitteena on rakentaa opitun perusteella ohjeet, joilla voit ehk\u00e4ist\u00e4 tartuntojen levi\u00e4misen hoitoty\u00f6ss\u00e4 ja parantaa n\u00e4in potilas-\/asiakasturvallisuutta.<\/p>\n<p>T\u00e4m\u00e4 teht\u00e4v\u00e4 on ryhm\u00e4teht\u00e4v\u00e4. Ohjeet tehd\u00e4\u00e4n Padlet-oppimisalustalle. Padlet alustan tauluihin p\u00e4\u00e4set seuraavista linkeist\u00e4:\u00a0 <a href=\"http:\/\/padlet.com\/tiina_pilto\/aseptiikka1\" target=\"_blank\">aseptiikka 1 <\/a> ja <a href=\"http:\/\/padlet.com\/tiina_pilto\/aseptiikka2\" target=\"_blank\">aseptiikka 2<\/a><\/p>\n<p>Padletiin yhdess\u00e4 kirjoitetut ohjeet puretaan l\u00e4hiopetuksessa opettajan johdolla.<\/p>\n","protected":false},"excerpt":{"rendered":"<p>T\u00e4m\u00e4n teht\u00e4v\u00e4n tavoitteena on rakentaa opitun perusteella ohjeet, joilla voit ehk\u00e4ist\u00e4 tartuntojen levi\u00e4misen hoitoty\u00f6ss\u00e4 ja parantaa n\u00e4in potilas-\/asiakasturvallisuutta. T\u00e4m\u00e4 teht\u00e4v\u00e4 on ryhm\u00e4teht\u00e4v\u00e4. Ohjeet tehd\u00e4\u00e4n Padlet-oppimisalustalle. Padlet alustan tauluihin p\u00e4\u00e4set seuraavista linkeist\u00e4:\u00a0 aseptiikka 1 ja aseptiikka 2 Padletiin yhdess\u00e4 kirjoitetut ohjeet puretaan l\u00e4hiopetuksessa opettajan johdolla.<\/p>\n","protected":false},"author":1,"featured_media":0,"parent":0,"menu_order":0,"comment_status":"closed","ping_status":"closed","template":"","meta":{"footnotes":"","_links_to":"","_links_to_target":""},"class_list":["post-132","page","type-page","status-publish","hentry"],"_links":{"self":[{"href":"https:\/\/www.verkkovaria.fi\/soster\/hohu\/index.php?rest_route=\/wp\/v2\/pages\/132","targetHints":{"allow":["GET"]}}],"collection":[{"href":"https:\/\/www.verkkovaria.fi\/soster\/hohu\/index.php?rest_route=\/wp\/v2\/pages"}],"about":[{"href":"https:\/\/www.verkkovaria.fi\/soster\/hohu\/index.php?rest_route=\/wp\/v2\/types\/page"}],"author":[{"embeddable":true,"href":"https:\/\/www.verkkovaria.fi\/soster\/hohu\/index.php?rest_route=\/wp\/v2\/users\/1"}],"replies":[{"embeddable":true,"href":"https:\/\/www.verkkovaria.fi\/soster\/hohu\/index.php?rest_route=%2Fwp%2Fv2%2Fcomments&post=132"}],"version-history":[{"count":19,"href":"https:\/\/www.verkkovaria.fi\/soster\/hohu\/index.php?rest_route=\/wp\/v2\/pages\/132\/revisions"}],"predecessor-version":[{"id":325,"href":"https:\/\/www.verkkovaria.fi\/soster\/hohu\/index.php?rest_route=\/wp\/v2\/pages\/132\/revisions\/325"}],"wp:attachment":[{"href":"https:\/\/www.verkkovaria.fi\/soster\/hohu\/index.php?rest_route=%2Fwp%2Fv2%2Fmedia&parent=132"}],"curies":[{"name":"wp","href":"https:\/\/api.w.org\/{rel}","templated":true}]}}