{"id":23,"date":"2016-01-26T13:08:24","date_gmt":"2016-01-26T13:08:24","guid":{"rendered":"http:\/\/www.verkkovaria.fi\/soster\/hohu\/?page_id=23"},"modified":"2016-06-26T10:53:03","modified_gmt":"2016-06-26T10:53:03","slug":"opiskeluprosessi","status":"publish","type":"page","link":"https:\/\/www.verkkovaria.fi\/soster\/hohu\/?page_id=23","title":{"rendered":"Opiskeluprosessi"},"content":{"rendered":"<p>YHDYSHENKIL\u00d6T<\/p>\n<p>T\u00e4m\u00e4n verkkototeutuksen yhdyshenkil\u00f6t ovat Tiina Pilto, tiina.pilto@eduvantaa.fi ja Marjaana Melander, marjaana.melander@eduvantaa.fi<\/p>\n<p>Voit ottaa yhteytt\u00e4 my\u00f6s opinto-ohjaajaan tai ryhm\u00e4nohjaajaan halutessasi opiskella Tartuntojen aiheuttajat ja aseptiikka -verkkototeutuksen.<\/p>\n<p>Tartuntojen aiheuttajat ja aseptiikka -sis\u00e4lt\u00f6 kuuluu l\u00e4hihoitajien perusopintoihin, Hoito ja huolenpito -tutkinnon osaan.<\/p>\n<p>ETENEMINEN<\/p>\n<ul>\n<li>Opettajan antama ohjeistus verkkototeukseen ja haastatteluun.<\/li>\n<li>Tarvittavien ohjelmien ja sovellusten k\u00e4yt\u00f6n opettelu ohjattuna.<\/li>\n<li>Yksil\u00f6teht\u00e4v\u00e4t keskeisist\u00e4 k\u00e4sitteist\u00e4, normaalifloorasta, mikrobiryhmist\u00e4, puolustusj\u00e4rjestelm\u00e4n toiminnasta.<\/li>\n<li>Pareittan teht\u00e4v\u00e4 ty\u00f6el\u00e4m\u00e4nedustajan (esim. l\u00e4hihoitajan, hygieniavastaavan) haastattelu aseptiikasta.<\/li>\n<li>Haastattelun referointi kirjoittaen, kuvien avulla tai muulla halutulla tavalla yhteiselle blogialustalle.<\/li>\n<li>Toisten opiskelijoiden haastattelureferaatien kommentoiminen ja uusien ideoiden ja ehdotusten antaminen.<\/li>\n<li>Yksil\u00f6teht\u00e4v\u00e4 aseptisen ty\u00f6skentelyn periaatteista ja teht\u00e4v\u00e4n koonti ryhm\u00e4n\u00e4 opettajan johdolla tunnilla.<\/li>\n<\/ul>\n<p>Teht\u00e4v\u00e4t l\u00f6ytyv\u00e4t Opiskelijalle-alasvetovalikon kohdasta Teht\u00e4v\u00e4t.<\/p>\n","protected":false},"excerpt":{"rendered":"<p>YHDYSHENKIL\u00d6T T\u00e4m\u00e4n verkkototeutuksen yhdyshenkil\u00f6t ovat Tiina Pilto, tiina.pilto@eduvantaa.fi ja Marjaana Melander, marjaana.melander@eduvantaa.fi Voit ottaa yhteytt\u00e4 my\u00f6s opinto-ohjaajaan tai ryhm\u00e4nohjaajaan halutessasi opiskella Tartuntojen aiheuttajat ja aseptiikka -verkkototeutuksen. Tartuntojen aiheuttajat ja aseptiikka -sis\u00e4lt\u00f6 kuuluu l\u00e4hihoitajien perusopintoihin, Hoito ja huolenpito -tutkinnon osaan. ETENEMINEN Opettajan antama ohjeistus verkkototeukseen ja haastatteluun. Tarvittavien ohjelmien ja sovellusten k\u00e4yt\u00f6n opettelu ohjattuna. Yksil\u00f6teht\u00e4v\u00e4t keskeisist\u00e4 &hellip; <a href=\"https:\/\/www.verkkovaria.fi\/soster\/hohu\/?page_id=23\">Continued<\/a><\/p>\n","protected":false},"author":1,"featured_media":0,"parent":0,"menu_order":0,"comment_status":"closed","ping_status":"closed","template":"","meta":{"footnotes":"","_links_to":"","_links_to_target":""},"class_list":["post-23","page","type-page","status-publish","hentry"],"_links":{"self":[{"href":"https:\/\/www.verkkovaria.fi\/soster\/hohu\/index.php?rest_route=\/wp\/v2\/pages\/23","targetHints":{"allow":["GET"]}}],"collection":[{"href":"https:\/\/www.verkkovaria.fi\/soster\/hohu\/index.php?rest_route=\/wp\/v2\/pages"}],"about":[{"href":"https:\/\/www.verkkovaria.fi\/soster\/hohu\/index.php?rest_route=\/wp\/v2\/types\/page"}],"author":[{"embeddable":true,"href":"https:\/\/www.verkkovaria.fi\/soster\/hohu\/index.php?rest_route=\/wp\/v2\/users\/1"}],"replies":[{"embeddable":true,"href":"https:\/\/www.verkkovaria.fi\/soster\/hohu\/index.php?rest_route=%2Fwp%2Fv2%2Fcomments&post=23"}],"version-history":[{"count":24,"href":"https:\/\/www.verkkovaria.fi\/soster\/hohu\/index.php?rest_route=\/wp\/v2\/pages\/23\/revisions"}],"predecessor-version":[{"id":335,"href":"https:\/\/www.verkkovaria.fi\/soster\/hohu\/index.php?rest_route=\/wp\/v2\/pages\/23\/revisions\/335"}],"wp:attachment":[{"href":"https:\/\/www.verkkovaria.fi\/soster\/hohu\/index.php?rest_route=%2Fwp%2Fv2%2Fmedia&parent=23"}],"curies":[{"name":"wp","href":"https:\/\/api.w.org\/{rel}","templated":true}]}}