{"id":54,"date":"2016-01-27T12:59:10","date_gmt":"2016-01-27T12:59:10","guid":{"rendered":"http:\/\/www.verkkovaria.fi\/soster\/hohu\/?page_id=54"},"modified":"2016-06-26T11:08:13","modified_gmt":"2016-06-26T11:08:13","slug":"keskeiset-kasitteet","status":"publish","type":"page","link":"https:\/\/www.verkkovaria.fi\/soster\/hohu\/?page_id=54","title":{"rendered":"Teht\u00e4v\u00e4 1 Keskeiset k\u00e4sitteet"},"content":{"rendered":"<p>Teht\u00e4v\u00e4n tavoitteena on oppia tunnistamaan erilaiset tartuntareitit, aseptisen ty\u00f6skentelyn periaatteet ja mikrobiologian keskeisi\u00e4 termej\u00e4.<\/p>\n<p>Selvit\u00e4 keskeiset taudinaiheuttajien ja aseptiikan k\u00e4sitteet esim. sairaanhoidon kirjasta tai muusta haluamastasi l\u00e4hteest\u00e4.\u00a0<\/p>\n<p>Ohje testiin. <\/p>\n<ul>\n<li>Kirjoita, mik\u00e4 <u>termi\/sana<\/u> kuvaa testiss\u00e4 esitettyj\u00e4 asioita.<\/li>\n<li>Oikeasta vastauksesta saat 1p ja v\u00e4\u00e4r\u00e4st\u00e4 0p.<\/li>\n<li>Maksimi on 20p ja 15p (75%) pit\u00e4\u00e4 saada oikein, jotta testi on hyv\u00e4ksytty.<\/li>\n<li>Saat heti testin j\u00e4lkeen tiet\u00e4\u00e4 testituloksen.<\/li>\n<\/ul>\n<p>&nbsp;<\/p>\n<p>Alla n\u00e4et millainen testi on. Tee testi Fronterissa opettajan ohjeiden mukaan.<\/p>\n<p>Testi<\/p>\n<ol>\n<li>bakteerin vastustuskyky l\u00e4\u00e4kkeelle<\/li>\n<li>elimist\u00f6n oma mikrobikanta<\/li>\n<li>ty\u00f6skentelytapa, joka etenee puhtaasta likaiseen<\/li>\n<li>huolehdit aseptisesta ty\u00f6j\u00e4rjestykset, vaikka kukaan ei n\u00e4e<\/li>\n<li>paikka, jonka kautta mikrobit voivat p\u00e4\u00e4st\u00e4 elimist\u00f6\u00f6n<\/li>\n<li>mikrobiton<\/li>\n<li>pieneli\u00f6<\/li>\n<li>puhdistus, joka tapahtuu k\u00e4sienpesuna tai konepesuna<\/li>\n<li>puhdistusmenetelm\u00e4, joka tapaa mikrobeja, mutta ei iti\u00f6muotoja<\/li>\n<li>sairaalassa alkanut tai hoitojakson jakson p\u00e4\u00e4tytty\u00e4 ilmennyt infektio<\/li>\n<li>tartunta<\/li>\n<li>tartuntatapa, joka levi\u00e4\u00e4 esim. k\u00e4sien v\u00e4lityksell\u00e4<\/li>\n<li>tartuntatapa, joka levi\u00e4\u00e4 esim. p\u00f6lyn mukana<\/li>\n<li>tartuntatapa, joka levi\u00e4\u00e4 esim. yskiess\u00e4<\/li>\n<li>tartuntatapa, joka levi\u00e4\u00e4 esim. injektion yhteydess\u00e4<\/li>\n<li>tartuntatapa, joka levi\u00e4\u00e4 esim. ovenkahvasta<\/li>\n<li>mikrobi, joka voi aiheuttaa taudin<\/li>\n<li>kaikki toimet, joilla pyrit\u00e4\u00e4n katkaisemaan mikrobien tartuntatiet<\/li>\n<li>toimenpiteet, joilla pyrit\u00e4\u00e4n est\u00e4m\u00e4\u00e4n vaikeiden infektioiden levi\u00e4minen toisiin potilaisiin, henkil\u00f6kuntaan ja omaisiin<\/li>\n<li>tulehdus<\/li>\n<\/ol>\n<p>&nbsp;<\/p>\n","protected":false},"excerpt":{"rendered":"<p>Teht\u00e4v\u00e4n tavoitteena on oppia tunnistamaan erilaiset tartuntareitit, aseptisen ty\u00f6skentelyn periaatteet ja mikrobiologian keskeisi\u00e4 termej\u00e4. Selvit\u00e4 keskeiset taudinaiheuttajien ja aseptiikan k\u00e4sitteet esim. sairaanhoidon kirjasta tai muusta haluamastasi l\u00e4hteest\u00e4.\u00a0 Ohje testiin. Kirjoita, mik\u00e4 termi\/sana kuvaa testiss\u00e4 esitettyj\u00e4 asioita. Oikeasta vastauksesta saat 1p ja v\u00e4\u00e4r\u00e4st\u00e4 0p. Maksimi on 20p ja 15p (75%) pit\u00e4\u00e4 saada oikein, jotta testi on &hellip; <a href=\"https:\/\/www.verkkovaria.fi\/soster\/hohu\/?page_id=54\">Continued<\/a><\/p>\n","protected":false},"author":1,"featured_media":0,"parent":0,"menu_order":0,"comment_status":"closed","ping_status":"closed","template":"","meta":{"footnotes":"","_links_to":"","_links_to_target":""},"class_list":["post-54","page","type-page","status-publish","hentry"],"_links":{"self":[{"href":"https:\/\/www.verkkovaria.fi\/soster\/hohu\/index.php?rest_route=\/wp\/v2\/pages\/54","targetHints":{"allow":["GET"]}}],"collection":[{"href":"https:\/\/www.verkkovaria.fi\/soster\/hohu\/index.php?rest_route=\/wp\/v2\/pages"}],"about":[{"href":"https:\/\/www.verkkovaria.fi\/soster\/hohu\/index.php?rest_route=\/wp\/v2\/types\/page"}],"author":[{"embeddable":true,"href":"https:\/\/www.verkkovaria.fi\/soster\/hohu\/index.php?rest_route=\/wp\/v2\/users\/1"}],"replies":[{"embeddable":true,"href":"https:\/\/www.verkkovaria.fi\/soster\/hohu\/index.php?rest_route=%2Fwp%2Fv2%2Fcomments&post=54"}],"version-history":[{"count":20,"href":"https:\/\/www.verkkovaria.fi\/soster\/hohu\/index.php?rest_route=\/wp\/v2\/pages\/54\/revisions"}],"predecessor-version":[{"id":338,"href":"https:\/\/www.verkkovaria.fi\/soster\/hohu\/index.php?rest_route=\/wp\/v2\/pages\/54\/revisions\/338"}],"wp:attachment":[{"href":"https:\/\/www.verkkovaria.fi\/soster\/hohu\/index.php?rest_route=%2Fwp%2Fv2%2Fmedia&parent=54"}],"curies":[{"name":"wp","href":"https:\/\/api.w.org\/{rel}","templated":true}]}}