{"id":104,"date":"2015-10-06T08:38:57","date_gmt":"2015-10-06T05:38:57","guid":{"rendered":"http:\/\/www.verkkovaria.fi\/soster\/laakelaskut\/?page_id=104"},"modified":"2019-06-04T15:37:01","modified_gmt":"2019-06-04T12:37:01","slug":"etusivu","status":"publish","type":"page","link":"https:\/\/www.verkkovaria.fi\/soster\/laakelaskut\/","title":{"rendered":"Etusivu"},"content":{"rendered":"\n\t<h1>Tervetuloa<\/h1><p>L\u00e4\u00e4kelaskut-verkkototeutuksen avulla voit oppia tietoja ja taitoja, jonka avulla pystyt laskemaan<ul><li>l\u00e4\u00e4k\u00e4rin antamasta m\u00e4\u00e4r\u00e4yksen ja l\u00e4\u00e4kepakkauksen tietojen pohjalta\u00a0potilaalle oikean l\u00e4\u00e4keannoksen,<\/li><li>tietyn l\u00e4\u00e4kem\u00e4\u00e4r\u00e4n sis\u00e4lt\u00e4m\u00e4n vaikuttavan aineen m\u00e4\u00e4r\u00e4n<\/li><li>l\u00e4\u00e4keannoksen suuruuden kun vaikuttava aine m\u00e4\u00e4r\u00e4t\u00e4\u00e4n potilaan painon mukaan\u00a0<\/li><li>l\u00e4\u00e4kekuurin kestoa<\/li><li>l\u00e4\u00e4kkeiden riitt\u00e4vyytt\u00e4 ja<\/li><li>l\u00e4\u00e4keannoksen suuruuden l\u00e4\u00e4kemuodon vaihtamisen j\u00e4lkeen.<\/li><\/ul>\u00a0Verkkototeutus on osa l\u00e4hihoitajatutkinnon Hoito ja huolenpito -tutkinnon osaa. Aloita valitsemalla Opiskelijalle-valikosta Opiskeluprosessi. Sielt\u00e4 l\u00f6ytyy tarkempaa tietoa kurssin sis\u00e4ll\u00f6st\u00e4 ja ohjeita.<\/p>","protected":false},"excerpt":{"rendered":"<p>Tervetuloa L\u00e4\u00e4kelaskut-verkkototeutuksen avulla voit oppia tietoja ja taitoja, jonka avulla pystyt laskemaan l\u00e4\u00e4k\u00e4rin antamasta m\u00e4\u00e4r\u00e4yksen ja l\u00e4\u00e4kepakkauksen tietojen pohjalta\u00a0potilaalle oikean l\u00e4\u00e4keannoksen, tietyn l\u00e4\u00e4kem\u00e4\u00e4r\u00e4n sis\u00e4lt\u00e4m\u00e4n vaikuttavan aineen m\u00e4\u00e4r\u00e4n l\u00e4\u00e4keannoksen suuruuden kun vaikuttava aine m\u00e4\u00e4r\u00e4t\u00e4\u00e4n potilaan painon mukaan\u00a0 l\u00e4\u00e4kekuurin kestoa l\u00e4\u00e4kkeiden riitt\u00e4vyytt\u00e4 ja l\u00e4\u00e4keannoksen suuruuden l\u00e4\u00e4kemuodon vaihtamisen j\u00e4lkeen. \u00a0Verkkototeutus on osa l\u00e4hihoitajatutkinnon Hoito ja huolenpito -tutkinnon osaa. &hellip; <a href=\"https:\/\/www.verkkovaria.fi\/soster\/laakelaskut\/\">Continued<\/a><\/p>\n","protected":false},"author":2,"featured_media":0,"parent":0,"menu_order":0,"comment_status":"closed","ping_status":"closed","template":"","meta":{"footnotes":"","_links_to":"","_links_to_target":""},"class_list":["post-104","page","type-page","status-publish","hentry"],"_links":{"self":[{"href":"https:\/\/www.verkkovaria.fi\/soster\/laakelaskut\/wp-json\/wp\/v2\/pages\/104","targetHints":{"allow":["GET"]}}],"collection":[{"href":"https:\/\/www.verkkovaria.fi\/soster\/laakelaskut\/wp-json\/wp\/v2\/pages"}],"about":[{"href":"https:\/\/www.verkkovaria.fi\/soster\/laakelaskut\/wp-json\/wp\/v2\/types\/page"}],"author":[{"embeddable":true,"href":"https:\/\/www.verkkovaria.fi\/soster\/laakelaskut\/wp-json\/wp\/v2\/users\/2"}],"replies":[{"embeddable":true,"href":"https:\/\/www.verkkovaria.fi\/soster\/laakelaskut\/wp-json\/wp\/v2\/comments?post=104"}],"version-history":[{"count":7,"href":"https:\/\/www.verkkovaria.fi\/soster\/laakelaskut\/wp-json\/wp\/v2\/pages\/104\/revisions"}],"predecessor-version":[{"id":379,"href":"https:\/\/www.verkkovaria.fi\/soster\/laakelaskut\/wp-json\/wp\/v2\/pages\/104\/revisions\/379"}],"wp:attachment":[{"href":"https:\/\/www.verkkovaria.fi\/soster\/laakelaskut\/wp-json\/wp\/v2\/media?parent=104"}],"curies":[{"name":"wp","href":"https:\/\/api.w.org\/{rel}","templated":true}]}}