{"id":155,"date":"2015-10-27T15:40:40","date_gmt":"2015-10-27T13:40:40","guid":{"rendered":"http:\/\/www.verkkovaria.fi\/soster\/laakelaskut\/?page_id=155"},"modified":"2016-03-31T12:19:24","modified_gmt":"2016-03-31T09:19:24","slug":"tehtavat","status":"publish","type":"page","link":"https:\/\/www.verkkovaria.fi\/soster\/laakelaskut\/opiskelijalle\/tehtavat\/","title":{"rendered":"Teht\u00e4v\u00e4t"},"content":{"rendered":"<p>T\u00e4\u00e4lt\u00e4 l\u00f6yd\u00e4t teht\u00e4v\u00e4t.<\/p>\n<p><a href=\"http:\/\/www.verkkovaria.fi\/soster\/laakelaskut\/opiskelijalle\/tehtavat\/osio-1-pohjatietoa-ja-sanastoa\/\">Osio 1 &#8211; pohjatietoa ja sanastoa<\/a><br \/> <a href=\"http:\/\/www.verkkovaria.fi\/soster\/laakelaskut\/opiskelijalle\/tehtavat\/osio-2-annosten-laskeminen-ja-vaikuttavan-aineen-maara\/\">Osio 2 &#8211; annosten laskeminen ja vaikuttavan aineen m\u00e4\u00e4r\u00e4<\/a><br \/> <a href=\"http:\/\/www.verkkovaria.fi\/soster\/laakelaskut\/opiskelijalle\/tehtavat\/osio-3-laakekuurin-kesto-laakkeiden-riittavyys-ja-laakkeen-vaihto\/\">Osio 3 &#8211; l\u00e4\u00e4kekuurin kesto, l\u00e4\u00e4kkeiden riitt\u00e4vyys ja l\u00e4\u00e4kkeen vaihto<\/a><br \/> <a href=\"http:\/\/www.verkkovaria.fi\/soster\/laakelaskut\/opiskelijalle\/tehtavat\/osio-4-painon-mukaan-annostus\/\">Osio 4 &#8211; painon mukaan annostus<\/a><br \/> <a href=\"http:\/\/www.verkkovaria.fi\/soster\/laakelaskut\/opiskelijalle\/tehtavat\/osio-5-laakelaskutehtavan-tekeminen\/\">Osio 5 &#8211; l\u00e4\u00e4kelaskuteht\u00e4v\u00e4n tekeminen<\/a><\/p>\n<p>Kaivatessasi lis\u00e4\u00e4 teht\u00e4vi\u00e4 ja teht\u00e4vien ratkaisuja, l\u00f6yd\u00e4t niit\u00e4 Helsingin yliopiston Koulutus ja kehitt\u00e4mispalvelujen toteuttamalta <a href=\"https:\/\/sites.google.com\/site\/laeaekehoidonperusteet\/laeaekelaskuja\" target=\"_blank\">sivustolta<\/a>.<\/p>\n","protected":false},"excerpt":{"rendered":"<p>T\u00e4\u00e4lt\u00e4 l\u00f6yd\u00e4t teht\u00e4v\u00e4t. Osio 1 &#8211; pohjatietoa ja sanastoa Osio 2 &#8211; annosten laskeminen ja vaikuttavan aineen m\u00e4\u00e4r\u00e4 Osio 3 &#8211; l\u00e4\u00e4kekuurin kesto, l\u00e4\u00e4kkeiden riitt\u00e4vyys ja l\u00e4\u00e4kkeen vaihto Osio 4 &#8211; painon mukaan annostus Osio 5 &#8211; l\u00e4\u00e4kelaskuteht\u00e4v\u00e4n tekeminen Kaivatessasi lis\u00e4\u00e4 teht\u00e4vi\u00e4 ja teht\u00e4vien ratkaisuja, l\u00f6yd\u00e4t niit\u00e4 Helsingin yliopiston Koulutus ja kehitt\u00e4mispalvelujen toteuttamalta sivustolta.<\/p>\n","protected":false},"author":2,"featured_media":0,"parent":116,"menu_order":0,"comment_status":"closed","ping_status":"closed","template":"","meta":{"footnotes":"","_links_to":"","_links_to_target":""},"class_list":["post-155","page","type-page","status-publish","hentry"],"_links":{"self":[{"href":"https:\/\/www.verkkovaria.fi\/soster\/laakelaskut\/wp-json\/wp\/v2\/pages\/155","targetHints":{"allow":["GET"]}}],"collection":[{"href":"https:\/\/www.verkkovaria.fi\/soster\/laakelaskut\/wp-json\/wp\/v2\/pages"}],"about":[{"href":"https:\/\/www.verkkovaria.fi\/soster\/laakelaskut\/wp-json\/wp\/v2\/types\/page"}],"author":[{"embeddable":true,"href":"https:\/\/www.verkkovaria.fi\/soster\/laakelaskut\/wp-json\/wp\/v2\/users\/2"}],"replies":[{"embeddable":true,"href":"https:\/\/www.verkkovaria.fi\/soster\/laakelaskut\/wp-json\/wp\/v2\/comments?post=155"}],"version-history":[{"count":6,"href":"https:\/\/www.verkkovaria.fi\/soster\/laakelaskut\/wp-json\/wp\/v2\/pages\/155\/revisions"}],"predecessor-version":[{"id":359,"href":"https:\/\/www.verkkovaria.fi\/soster\/laakelaskut\/wp-json\/wp\/v2\/pages\/155\/revisions\/359"}],"up":[{"embeddable":true,"href":"https:\/\/www.verkkovaria.fi\/soster\/laakelaskut\/wp-json\/wp\/v2\/pages\/116"}],"wp:attachment":[{"href":"https:\/\/www.verkkovaria.fi\/soster\/laakelaskut\/wp-json\/wp\/v2\/media?parent=155"}],"curies":[{"name":"wp","href":"https:\/\/api.w.org\/{rel}","templated":true}]}}