{"id":160,"date":"2015-10-27T15:50:43","date_gmt":"2015-10-27T13:50:43","guid":{"rendered":"http:\/\/www.verkkovaria.fi\/soster\/laakelaskut\/?page_id=160"},"modified":"2020-04-24T16:12:04","modified_gmt":"2020-04-24T13:12:04","slug":"osio-2-annosten-laskeminen-ja-vaikuttavan-aineen-maara","status":"publish","type":"page","link":"https:\/\/www.verkkovaria.fi\/soster\/laakelaskut\/opiskelijalle\/tehtavat\/osio-2-annosten-laskeminen-ja-vaikuttavan-aineen-maara\/","title":{"rendered":"Osio 2 &#8211; annosten laskeminen ja vaikuttavan aineen m\u00e4\u00e4r\u00e4"},"content":{"rendered":"\n\t<p>L\u00e4\u00e4kelaskut k\u00e4sittelev\u00e4t l\u00e4\u00e4kkeen annosteluun liittyvi\u00e4 laskuja. L\u00e4hihoitaja jakaa l\u00e4\u00e4kkeit\u00e4 l\u00e4\u00e4k\u00e4rin ohjeiden mukaisesti. L\u00e4hihoitajan velvollisuus on tarkistaa, ett\u00e4 annostelu on oikein, l\u00e4\u00e4kkeet ovat ohjeiden mukaisia ja potilas ottaa l\u00e4\u00e4kkeens\u00e4. Koska kaikki l\u00e4\u00e4kkeet sis\u00e4lt\u00e4v\u00e4t ihmisille haitallisia aineita, on l\u00e4\u00e4kkeen jakaminen tarkkuutta vaativa teht\u00e4v\u00e4. Liian suuri l\u00e4\u00e4keannos aiheuttaa myrkytysoireita ja pahimmillaan voi johtaa halvaantumiseen, vammautumiseen tai kuolemaan. Liian pieni annos on my\u00f6s ongelmallinen. Sen lis\u00e4ksi, ett\u00e4 se on hy\u00f6dyt\u00f6n m\u00e4\u00e4r\u00e4ttyyn vaivaan, se my\u00f6s totuttaa potilasta l\u00e4\u00e4keaineeseen, jolloin teho heikkenee.<\/p>\n<h3>Pitoisuuden katsominen l\u00e4\u00e4kevalmisteen pakkauksesta<\/h3>\n\t<p>L\u00e4\u00e4kepakkauksessa on paljon tietoa. L\u00e4\u00e4kelaskujen kannalta t\u00e4rkeimpi\u00e4 on l\u00e4\u00e4kkeen pitoisuus. Vieress\u00e4 olevan l\u00e4\u00e4kkeen pitoisuus on 30 mg\/tabletti.<\/p>\n<p><em>Esimerkki 1<\/em>: Kun potilas ottaa Mirtazan tabletin h\u00e4n saa vaikuttavaa ainetta 30 mg. Vastaavasti jos h\u00e4n ottaa 2 tablettia, silloin h\u00e4n saa vaikuttavaa ainetta 60 mg.<\/p>\n\t\t\t\t<img decoding=\"async\" src=\"http:\/\/www.verkkovaria.fi\/soster\/laakelaskut\/wp-content\/uploads\/2015\/10\/Mirtazan-mirtatsapiini.png\" alt=\"Mirtazan, mirtatsapiini\" itemprop=\"image\" title=\"Mirtazan, mirtatsapiini\" onerror=\"this.style.display='none'\"  \/>\n\t<h3>Annostusmerkint\u00f6j\u00e4<\/h3>\n<p>On monta eri tapaa miten potilaalle m\u00e4\u00e4r\u00e4tyt annokset ilmaistaan, eik\u00e4 ole mit\u00e4\u00e4n yht\u00e4 virallista tapaa. Perusidea kaikkien takana on tietysti sama. Potilaalle on m\u00e4\u00e4r\u00e4tty 50 mg vaikuttavaa ainetta kaksi kertaa vuorokaudessa voidaan esitt\u00e4\u00e4 seuraavalla kahdella tavalla:<br \/> <em>50 mg x 2<\/em> ja<br \/> <em>100 mg\/vrk jaettuna kahteen annokseen.<\/em><\/p>\n<h3>Vaikuttavan aineen laskeminen<\/h3>\n\t<p>Vaikuttava aine laskemiseen tarvitaan l\u00e4\u00e4kkeen pitoisuus ja annostuksen suuruus.<\/p>\n<p><em>Esimerkki 2<\/em>:<br \/>Potilaalle on m\u00e4\u00e4r\u00e4tty 1,5 tabl x 3. Paljonko vaikuttavaa ainetta h\u00e4n saa?<br \/><em>Ratkaisu<\/em>:<br \/>L\u00e4\u00e4kkeen pitoisuus on 10 mg\/tabl. Kerta-annoksen vaikuttavan aineen m\u00e4\u00e4r\u00e4 on<br \/>1,5 tabl\u00a0\u00b7 10 mg\/tabl = 15 mg.<br \/>Vuorokaudessa on kolme annosta, joten potilas saa vaikuttavaa ainetta 15 mg\u00a0\u00b7 3 = 45 mg.<br \/>Vastaus: Potilas saa 15 mg vaikuttavaa ainetta annoksessa ja 45 mg vaikuttavaa ainetta vuorokaudessa.<\/p>\n\t\t\t\t<img decoding=\"async\" src=\"http:\/\/www.verkkovaria.fi\/soster\/laakelaskut\/wp-content\/uploads\/2015\/10\/Methodi-metotreksaatti.png\" alt=\"Methodi, metotreksaatti\" itemprop=\"image\" title=\"Methodi, metotreksaatti\" onerror=\"this.style.display='none'\"  \/>\n\t<h3>L\u00e4\u00e4kkeen annostelu<\/h3>\n<p>Potilaalle m\u00e4\u00e4r\u00e4t\u00e4\u00e4n vaivoihin tietty m\u00e4\u00e4r\u00e4 vaikuttavaa ainetta. L\u00e4hihoitajan t\u00e4ytyy osata sen avulla osata annostella oikea m\u00e4\u00e4r\u00e4 l\u00e4\u00e4kevalmistetta potilaalle.<\/p>\nEsimerkki 2:<br \/>\nPotilaalle on m\u00e4\u00e4r\u00e4tty 200\u00a0\u03bcg vaikuttavaa ainetta. Paljonko l\u00e4\u00e4kett\u00e4 h\u00e4nelle annetaan?<br \/>\nRatkaisu: K\u00e4yt\u00f6ss\u00e4 on eri kerrannaisyksik\u00f6it\u00e4, joten tehd\u00e4\u00e4n yksik\u00f6nmuunnos.<br \/>\n0,1 mg = 100 \u03bcg.<br \/>\nSitten laskemme kuinka paljon l\u00e4\u00e4kett\u00e4 annamme potilaalle.<br \/>\n200\u00a0\u03bcg : 100 \u03bcg\/tabl = 2 tabl.<br \/>\nVastaus: 2 tablettia.\n\t\t\t\t<img decoding=\"async\" src=\"http:\/\/www.verkkovaria.fi\/soster\/laakelaskut\/wp-content\/uploads\/2015\/10\/Levolyx-levotyroksiini.png\" alt=\"Levolyx, levotyroksiini\" itemprop=\"image\" title=\"Levolyx, levotyroksiini\" onerror=\"this.style.display='none'\"  \/>\n\t<h2>Laskuja<\/h2>\n\t<p>Potilaalle m\u00e4\u00e4r\u00e4t\u00e4\u00e4n ibuprofeenia 120 mg x 2. Paljonko annat l\u00e4\u00e4kett\u00e4?<\/p>\n\t\t\t\t<img decoding=\"async\" src=\"http:\/\/www.verkkovaria.fi\/soster\/laakelaskut\/wp-content\/uploads\/2015\/10\/Ibubro-ibuprofeeni.png\" alt=\"Ibubro, ibuprofeeni\" itemprop=\"image\" title=\"Ibubro, ibuprofeeni\" onerror=\"this.style.display='none'\"  \/>\n\t<p>Potilaalle m\u00e4\u00e4r\u00e4t\u00e4\u00e4n pantopratsolia 20 mg. Paljonko annat l\u00e4\u00e4kett\u00e4?<\/p>\n\t\t\t\t<img decoding=\"async\" src=\"http:\/\/www.verkkovaria.fi\/soster\/laakelaskut\/wp-content\/uploads\/2015\/10\/Pantoprol-pantopratsoli.png\" alt=\"Pantoprol, pantopratsoli\" itemprop=\"image\" title=\"Pantoprol, pantopratsoli\" onerror=\"this.style.display='none'\"  \/>\n\t<p>Potilaalle m\u00e4\u00e4r\u00e4t\u00e4\u00e4n simvastatiinia 40 mg iltaisin. Paljonko annat l\u00e4\u00e4kett\u00e4?<\/p>\n\t\t\t\t<img decoding=\"async\" src=\"http:\/\/www.verkkovaria.fi\/soster\/laakelaskut\/wp-content\/uploads\/2015\/10\/Simtivan-simvastatiini.png\" alt=\"Simtivan, simvastatiini\" itemprop=\"image\" title=\"Simtivan, simvastatiini\" onerror=\"this.style.display='none'\"  \/>\n\t<p>potilaalle m\u00e4\u00e4r\u00e4t\u00e4\u00e4n risperidonia aloitusannokseksi 2 mg\/vrk vaettuna kahteen annokseen. Miten jaat l\u00e4\u00e4kkeen?<\/p>\n\t\t\t\t<img decoding=\"async\" src=\"http:\/\/www.verkkovaria.fi\/soster\/laakelaskut\/wp-content\/uploads\/2015\/10\/Risperal-risperidoni.png\" alt=\"Risperal, risperidoni\" itemprop=\"image\" title=\"Risperal, risperidoni\" onerror=\"this.style.display='none'\"  \/>\n\t<p>Potilaalle m\u00e4\u00e4r\u00e4t\u00e4\u00e4n tematsepaamia 20 mg illalla. Paljonko annat l\u00e4\u00e4kett\u00e4?<\/p>\n\t\t\t\t<img decoding=\"async\" src=\"http:\/\/www.verkkovaria.fi\/soster\/laakelaskut\/wp-content\/uploads\/2015\/10\/Temelix-tematsepaami.png\" alt=\"Temelix, tematsepaami\" itemprop=\"image\" title=\"Temelix, tematsepaami\" onerror=\"this.style.display='none'\"  \/>\n\t<p>Potilaalle on m\u00e4\u00e4r\u00e4tty 15 mg oksatsepaamia. Paljonko annat l\u00e4\u00e4kett\u00e4?<\/p>\n\t\t\t\t<img decoding=\"async\" src=\"http:\/\/www.verkkovaria.fi\/soster\/laakelaskut\/wp-content\/uploads\/2015\/10\/Opalos-oksatsepaami.png\" alt=\"Opalos, oksatsepaami\" itemprop=\"image\" title=\"Opalos, oksatsepaami\" onerror=\"this.style.display='none'\"  \/>\n\t<p>Potilaalle on m\u00e4\u00e4r\u00e4tty 45 mg mirtatsapiinia. Paljonko annat l\u00e4\u00e4kett\u00e4?<\/p>\n\t\t\t\t<img decoding=\"async\" src=\"http:\/\/www.verkkovaria.fi\/soster\/laakelaskut\/wp-content\/uploads\/2015\/10\/Mirtazan-mirtatsapiini.png\" alt=\"Mirtazan, mirtatsapiini\" itemprop=\"image\" title=\"Mirtazan, mirtatsapiini\" onerror=\"this.style.display='none'\"  \/>\n\t<p>Potilaalle m\u00e4\u00e4r\u00e4t\u00e4\u00e4n aloitusannokseksi 50 mikrog levotyroksiinia ja yll\u00e4pitoannokseksi 200 mikrog vuorokaudessa. Paljonko annat l\u00e4\u00e4kett\u00e4 aloitusannoksena? Paljoko annat l\u00e4\u00e4ket\u00e4\u00e4 yll\u00e4pitoannoksena?<\/p>\n\t\t\t\t<img decoding=\"async\" src=\"http:\/\/www.verkkovaria.fi\/soster\/laakelaskut\/wp-content\/uploads\/2015\/10\/Levolyx-levotyroksiini.png\" alt=\"Levolyx, levotyroksiini\" itemprop=\"image\" title=\"Levolyx, levotyroksiini\" onerror=\"this.style.display='none'\"  \/>\n\t<p>Potilaalle m\u00e4\u00e4r\u00e4t\u00e4\u00e4n 15 mg metotreksaattia kerran viikossa. Paljonko annat l\u00e4\u00e4kett\u00e4?<\/p>\n\t\t\t\t<img decoding=\"async\" src=\"http:\/\/www.verkkovaria.fi\/soster\/laakelaskut\/wp-content\/uploads\/2015\/10\/Methodi-metotreksaatti.png\" alt=\"Methodi, metotreksaatti\" itemprop=\"image\" title=\"Methodi, metotreksaatti\" onerror=\"this.style.display='none'\"  \/>\n\t<p>Potilaalla on migreeni ja sen ehk\u00e4isyyn on m\u00e4\u00e4r\u00e4tty naprokseenia 250 mg x 2. Paljonko annat l\u00e4\u00e4kett\u00e4?<\/p>\n\t\t\t\t<img decoding=\"async\" src=\"http:\/\/www.verkkovaria.fi\/soster\/laakelaskut\/wp-content\/uploads\/2015\/10\/Napros-naprokseeni.png\" alt=\"Napros, naprokseeni\" itemprop=\"image\" title=\"Napros, naprokseeni\" onerror=\"this.style.display='none'\"  \/>\n\t<p>Potilaalle on m\u00e4\u00e4r\u00e4tty amoksisilliinia 375 mg kolme kertaa vuorokaudessa. Paljonko annat l\u00e4\u00e4kett\u00e4?<\/p>\n\t\t\t\t<img decoding=\"async\" src=\"http:\/\/www.verkkovaria.fi\/soster\/laakelaskut\/wp-content\/uploads\/2015\/10\/Amoxen-amoksisilliini.png\" alt=\"Amoxen, amoksisilliini\" itemprop=\"image\" title=\"Amoxen, amoksisilliini\" onerror=\"this.style.display='none'\"  \/>\n\t<p>Potilaan ilmavaivoihin m\u00e4\u00e4r\u00e4t\u00e4\u00e4n 5 tippaa x 4. Kuinka monta tippaa menee vuorokaudessa? Paljonko dimetikonia potilas saa vuorokausiannoksessa? 1 ml on noin 35 gtt.<\/p>\n\t\t\t\t<img decoding=\"async\" src=\"http:\/\/www.verkkovaria.fi\/soster\/laakelaskut\/wp-content\/uploads\/2015\/10\/Dikoni-dimetikoni.png\" alt=\"Dikoni, dimetikoni\" itemprop=\"image\" title=\"Dikoni, dimetikoni\" onerror=\"this.style.display='none'\"  \/>\n\t<p>Potilaalle m\u00e4\u00e4r\u00e4t\u00e4n 1 gtt (gtt=gutta=tippa) molempiin silmiin iltaisin. Paljonko tafluprostia potilas saa vuorokaudessa. Montako tippaa on yhdess\u00e4 kerta-annospipetiss\u00e4? 1 ml on noin 33 gtt.<\/p>\n\t\t\t\t<img decoding=\"async\" src=\"http:\/\/www.verkkovaria.fi\/soster\/laakelaskut\/wp-content\/uploads\/2015\/10\/Taflusin-tafluprosti.png\" alt=\"Taflusin, tafluprosti\" itemprop=\"image\" title=\"Taflusin, tafluprosti\" onerror=\"this.style.display='none'\"  \/>\n\t<p>Potilaalle m\u00e4\u00e4r\u00e4t\u00e4\u00e4n 10 mg oksikodonihydrokloridia 12 tunnin v\u00e4lein. Paljonko annat l\u00e4\u00e4kett\u00e4?<\/p>\n<p>Potilaalle m\u00e4\u00e4r\u00e4t\u00e4\u00e4n oksikodonia 5 mg x 1-2 tarvittaessa kipuihin. Montako millilitraa annat yhdess\u00e4 annoksessa? Montako annosta voit antaa vuorokaudessa?<\/p>\n\t\t\t\t<img loading=\"lazy\" decoding=\"async\" src=\"https:\/\/www.verkkovaria.fi\/soster\/laakelaskut\/wp-content\/uploads\/2020\/04\/hydromix.png\" alt=\"hydromix\" itemprop=\"image\" height=\"664\" width=\"664\" title=\"hydromix\" onerror=\"this.style.display='none'\"  \/>\n","protected":false},"excerpt":{"rendered":"<p>L\u00e4\u00e4kelaskut k\u00e4sittelev\u00e4t l\u00e4\u00e4kkeen annosteluun liittyvi\u00e4 laskuja. L\u00e4hihoitaja jakaa l\u00e4\u00e4kkeit\u00e4 l\u00e4\u00e4k\u00e4rin ohjeiden mukaisesti. L\u00e4hihoitajan velvollisuus on tarkistaa, ett\u00e4 annostelu on oikein, l\u00e4\u00e4kkeet ovat ohjeiden mukaisia ja potilas ottaa l\u00e4\u00e4kkeens\u00e4. Koska kaikki l\u00e4\u00e4kkeet sis\u00e4lt\u00e4v\u00e4t ihmisille haitallisia aineita, on l\u00e4\u00e4kkeen jakaminen tarkkuutta vaativa teht\u00e4v\u00e4. Liian suuri l\u00e4\u00e4keannos aiheuttaa myrkytysoireita ja pahimmillaan voi johtaa halvaantumiseen, vammautumiseen tai kuolemaan. Liian &hellip; <a href=\"https:\/\/www.verkkovaria.fi\/soster\/laakelaskut\/opiskelijalle\/tehtavat\/osio-2-annosten-laskeminen-ja-vaikuttavan-aineen-maara\/\">Continued<\/a><\/p>\n","protected":false},"author":2,"featured_media":0,"parent":155,"menu_order":0,"comment_status":"closed","ping_status":"closed","template":"","meta":{"footnotes":"","_links_to":"","_links_to_target":""},"class_list":["post-160","page","type-page","status-publish","hentry"],"_links":{"self":[{"href":"https:\/\/www.verkkovaria.fi\/soster\/laakelaskut\/wp-json\/wp\/v2\/pages\/160","targetHints":{"allow":["GET"]}}],"collection":[{"href":"https:\/\/www.verkkovaria.fi\/soster\/laakelaskut\/wp-json\/wp\/v2\/pages"}],"about":[{"href":"https:\/\/www.verkkovaria.fi\/soster\/laakelaskut\/wp-json\/wp\/v2\/types\/page"}],"author":[{"embeddable":true,"href":"https:\/\/www.verkkovaria.fi\/soster\/laakelaskut\/wp-json\/wp\/v2\/users\/2"}],"replies":[{"embeddable":true,"href":"https:\/\/www.verkkovaria.fi\/soster\/laakelaskut\/wp-json\/wp\/v2\/comments?post=160"}],"version-history":[{"count":10,"href":"https:\/\/www.verkkovaria.fi\/soster\/laakelaskut\/wp-json\/wp\/v2\/pages\/160\/revisions"}],"predecessor-version":[{"id":390,"href":"https:\/\/www.verkkovaria.fi\/soster\/laakelaskut\/wp-json\/wp\/v2\/pages\/160\/revisions\/390"}],"up":[{"embeddable":true,"href":"https:\/\/www.verkkovaria.fi\/soster\/laakelaskut\/wp-json\/wp\/v2\/pages\/155"}],"wp:attachment":[{"href":"https:\/\/www.verkkovaria.fi\/soster\/laakelaskut\/wp-json\/wp\/v2\/media?parent=160"}],"curies":[{"name":"wp","href":"https:\/\/api.w.org\/{rel}","templated":true}]}}