{"id":162,"date":"2015-10-27T15:50:43","date_gmt":"2015-10-27T13:50:43","guid":{"rendered":"http:\/\/www.verkkovaria.fi\/soster\/laakelaskut\/?page_id=162"},"modified":"2016-03-24T14:45:20","modified_gmt":"2016-03-24T12:45:20","slug":"osio-3-laakekuurin-kesto-laakkeiden-riittavyys-ja-laakkeen-vaihto","status":"publish","type":"page","link":"https:\/\/www.verkkovaria.fi\/soster\/laakelaskut\/opiskelijalle\/tehtavat\/osio-3-laakekuurin-kesto-laakkeiden-riittavyys-ja-laakkeen-vaihto\/","title":{"rendered":"Osio 3 &#8211; l\u00e4\u00e4kekuurin kesto, l\u00e4\u00e4kkeiden riitt\u00e4vyys ja l\u00e4\u00e4kkeen vaihto"},"content":{"rendered":"<h2>L\u00e4\u00e4kekuurin kesto ja l\u00e4\u00e4kkeiden riitt\u00e4vyys<\/h2>\n<p>L\u00e4hihoitaja voi joutua selvitt\u00e4m\u00e4\u00e4n, milloin potilaan resepti on uusittava tai milloin on haettava apteekista uudet l\u00e4\u00e4kkeet. Sinun on osattava selvitt\u00e4\u00e4 kauanko l\u00e4\u00e4kekuuri kest\u00e4\u00e4 tai l\u00e4\u00e4kepakkauksessa riitt\u00e4\u00e4 l\u00e4\u00e4kkeit\u00e4.<\/p>\n<p>Ratkaisua varten tarvitset selvitt\u00e4\u00e4 kuinka paljon l\u00e4\u00e4kkeit\u00e4 on ja paljonko potilas sy\u00f6 l\u00e4\u00e4kkeit\u00e4 yhden p\u00e4iv\u00e4n aikana.<\/p>\n<p><em>Esimerkki 1:<\/em>\u00a0Reseptiss\u00e4 lukee:<br \/>Tabl. Nitrosid 10 mg C, \u00a0D.S. 1 tabl 3:sti vrk:ssa angina pectoriksen ehk\u00e4isyyn.<br \/>Kauanko pakkaus riitt\u00e4\u00e4 t\u00e4ll\u00e4 annostuksella?<br \/><em>Ratkaisu:<\/em> Muunnetaan roomalainen numero C -&gt; 100, eli pakkauksessa on 100 tabl. Potilas sy\u00f6 tabletin kolmesti p\u00e4iv\u00e4ss\u00e4, eli 3 tabl\/vrk.<br \/>100 tabl : 3 tabl\/vrk = 33,3 vrk.<br \/>Koska haluamme varmistaa, ett\u00e4 l\u00e4\u00e4kett\u00e4 riitt\u00e4\u00e4 niin py\u00f6ristet\u00e4\u00e4n vastaus aina alasp\u00e4in.<br \/>Vastaus: 33 vrk.<\/p>\n<h2><strong>L\u00e4\u00e4kkeen vaihto<\/strong><\/h2>\n<p>Potilaalle pit\u00e4\u00e4 joskus vaihtaa l\u00e4\u00e4ke jos valitusta l\u00e4\u00e4kkeest\u00e4 tulee sivuvaikutuksia tai potilas ei pysty nielem\u00e4\u00e4n kiinteit\u00e4 tabletteja. L\u00e4\u00e4k\u00e4ri m\u00e4\u00e4r\u00e4\u00e4 l\u00e4\u00e4kkeen vaihdot ja l\u00e4hihoitajan vastuulla on osana l\u00e4\u00e4kehoidon j\u00e4rjest\u00e4mist\u00e4 tarkistaa annostuksen oikeellisuus.<\/p>\n<p>Esimerkki 2: Lapselle, joka painaa 12 kg, on m\u00e4\u00e4r\u00e4tty Ibubro 20 mg\/ml oraalisuspensiota jossa vaikuttavana aineena ibuprofeeni 3 ml x 4 tarvittaessa. Lapsi ei suostu avaamaan suutaan ja se v\u00e4h\u00e4 mik\u00e4 tule\u00a0suun sis\u00e4\u00e4n sylk\u00e4ist\u00e4\u00e4n pois. Ratkaisuksi vaihdetaan l\u00e4\u00e4ke per\u00e4supoiksi. Paljonko lapselle annetaan Ibubro per\u00e4puikkoja kerta-annoksena?<\/p>\n<p>Ratkaisu: Potilaan pit\u00e4\u00e4 saada vaikuttavaa ainetta kerta-annoksessa 3 ml\u00a0\u00b7 20 mg\/ml = 60 mg. L\u00e4\u00e4kkeen pitoisuus on 60 mg\/suppo, joten tarvitaan 1 per\u00e4puikko.<br \/>\nVastaus: Annetaan kerta-annoksena 1 per\u00e4puikko.<\/p>\n<p>\t\t\t\t<img decoding=\"async\" src=\"http:\/\/www.verkkovaria.fi\/soster\/laakelaskut\/wp-content\/uploads\/2015\/10\/Ibubro-ibuprofeeni.png\" alt=\"Ibubro, ibuprofeeni\" itemprop=\"image\"  \/><\/p>\n<h2>Teht\u00e4vi\u00e4<\/h2>\n<p>Reseptill\u00e4 on XX\u00a0kpl l\u00e4\u00e4kett\u00e4 annostuksella 1 x 3. Kuinka pitk\u00e4 on l\u00e4\u00e4kekuuri?<\/p>\n<p>Reseptill\u00e4 on VIII kpl l\u00e4\u00e4kett\u00e4 annostuksella 1 x 1., p.o. Kuinka pitk\u00e4 kuuri on kyseess\u00e4?<\/p>\n<p>Reseptill\u00e4 on IX kappaletta l\u00e4\u00e4kett\u00e4 annostuksella 1 x 3, p.o. Kuinka pitk\u00e4 kuuri on?<\/p>\n<p>Reseptill\u00e4 on XXI kappaletta l\u00e4\u00e4kett\u00e4 annostuksella 1 x 3, p.o. Kuinka pitk\u00e4 kuuri on?<\/p>\n<p>Potilas on l\u00e4hd\u00f6ss\u00e4 30 p\u00e4iv\u00e4n kotihoitojaksolle. H\u00e4nelle on m\u00e4\u00e4r\u00e4tty 20 IU x 2. Montako pakkausta insuliinia potilaan on haettava apteekista kotihoitojaksoa varten?<\/p>\n<p>Potilas on l\u00e4hd\u00f6ss\u00e4 30 p\u00e4iv\u00e4n kotihoitojaksolle. H\u00e4nelle on m\u00e4\u00e4r\u00e4tty 15 IU x 2. Montako\u00a0insuliinikyn\u00e4\u00e4 tarvitaan kotihoitojaksolle?<\/p>\n<p>Potilas on l\u00e4hd\u00f6ss\u00e4 60 p\u00e4iv\u00e4n kotihoitojaksolle. H\u00e4nelle on m\u00e4\u00e4r\u00e4tty 25\u00a0IU x 2. Montako pakkausta insuliinia potilaan on haettava apteekista kotihoitojaksoa varten?<\/p>\n<p>\t\t\t\t<img decoding=\"async\" src=\"http:\/\/www.verkkovaria.fi\/soster\/laakelaskut\/wp-content\/uploads\/2015\/10\/Insulix-detemirinsuliini.png\" alt=\"Insulix, detemirinsuliini\" itemprop=\"image\"  \/><\/p>\n<p>Lapselle m\u00e4\u00e4r\u00e4t\u00e4\u00e4n Panadol 500 mg-l\u00e4\u00e4kett\u00e4 1\/2 tabl x 3 tarvittaessa. Panadol 500 mg sis\u00e4lt\u00e4\u00e4 parasetamolia 500 mg\/tabl. Lapsi ei onnistu nielem\u00e4\u00e4n tabletteja, joten l\u00e4\u00e4ke vaihdetaan nestem\u00e4iseksi l\u00e4\u00e4kkeeksi. Paljonko annat Parasal-oraalisuspensiota?<\/p>\n<p>Lapselle m\u00e4\u00e4r\u00e4t\u00e4\u00e4n Panadol 500 mg-l\u00e4\u00e4kett\u00e4 1 tabl x 2 tarvittaessa. Panadol 500 mg sis\u00e4lt\u00e4\u00e4 parasetamolia 500 mg\/tabl. Lapsi ei onnistu nielem\u00e4\u00e4n tabletteja, joten l\u00e4\u00e4ke vaihdetaan nestem\u00e4iseksi l\u00e4\u00e4kkeeksi. Paljonko annat Parasal-oraalisuspensiota?<\/p>\n<p>\t\t\t\t<img decoding=\"async\" src=\"http:\/\/www.verkkovaria.fi\/soster\/laakelaskut\/wp-content\/uploads\/2015\/10\/Parasal-parasetamoli.png\" alt=\"Parasal, parasetamoli\" itemprop=\"image\"  \/><\/p>\n<p>Kalle E. Vallinsaarelle on m\u00e4\u00e4r\u00e4tty kipul\u00e4\u00e4kkeekksi Pronaxen -tabletteja 1,5 tabl iltaisin. Yhdess\u00e4 tabletissa on 250 mg naprokseenia. Kalle ei pysty nielem\u00e4\u00e4n tabletteja ja l\u00e4\u00e4k\u00e4ri on vaihtanut l\u00e4\u00e4kkeen nestem\u00e4iseen valmisteeseen. Montako millilitraa liuosta annat Kallelle?<\/p>\n<p>Toivo B. Hakkaraiselle on m\u00e4\u00e4r\u00e4tty Pronaxen tabletteja 1 tabl x 2. Yhdess\u00e4 tabletissa on 500 mg naprokseenia. Toivo ei psyty nielem\u00e4\u00e4n tabletteja ja l\u00e4\u00e4k\u00e4ri on vaihtanut l\u00e4\u00e4kkeen oraalisuspensioon. Montako millilitraa liuosta annat Toivolle.<\/p>\n<p>\t\t\t\t<img decoding=\"async\" src=\"http:\/\/www.verkkovaria.fi\/soster\/laakelaskut\/wp-content\/uploads\/2015\/10\/Napros-naprokseeni.png\" alt=\"Napros, naprokseeni\" itemprop=\"image\"  \/><\/p>\n","protected":false},"excerpt":{"rendered":"<p>L\u00e4\u00e4kekuurin kesto ja l\u00e4\u00e4kkeiden riitt\u00e4vyys L\u00e4hihoitaja voi joutua selvitt\u00e4m\u00e4\u00e4n, milloin potilaan resepti on uusittava tai milloin on haettava apteekista uudet l\u00e4\u00e4kkeet. Sinun on osattava selvitt\u00e4\u00e4 kauanko l\u00e4\u00e4kekuuri kest\u00e4\u00e4 tai l\u00e4\u00e4kepakkauksessa riitt\u00e4\u00e4 l\u00e4\u00e4kkeit\u00e4. Ratkaisua varten tarvitset selvitt\u00e4\u00e4 kuinka paljon l\u00e4\u00e4kkeit\u00e4 on ja paljonko potilas sy\u00f6 l\u00e4\u00e4kkeit\u00e4 yhden p\u00e4iv\u00e4n aikana. Esimerkki 1:\u00a0Reseptiss\u00e4 lukee:Tabl. Nitrosid 10 mg C, &hellip; <a href=\"https:\/\/www.verkkovaria.fi\/soster\/laakelaskut\/opiskelijalle\/tehtavat\/osio-3-laakekuurin-kesto-laakkeiden-riittavyys-ja-laakkeen-vaihto\/\">Continued<\/a><\/p>\n","protected":false},"author":2,"featured_media":0,"parent":155,"menu_order":0,"comment_status":"closed","ping_status":"closed","template":"","meta":{"footnotes":"","_links_to":"","_links_to_target":""},"class_list":["post-162","page","type-page","status-publish","hentry"],"_links":{"self":[{"href":"https:\/\/www.verkkovaria.fi\/soster\/laakelaskut\/wp-json\/wp\/v2\/pages\/162","targetHints":{"allow":["GET"]}}],"collection":[{"href":"https:\/\/www.verkkovaria.fi\/soster\/laakelaskut\/wp-json\/wp\/v2\/pages"}],"about":[{"href":"https:\/\/www.verkkovaria.fi\/soster\/laakelaskut\/wp-json\/wp\/v2\/types\/page"}],"author":[{"embeddable":true,"href":"https:\/\/www.verkkovaria.fi\/soster\/laakelaskut\/wp-json\/wp\/v2\/users\/2"}],"replies":[{"embeddable":true,"href":"https:\/\/www.verkkovaria.fi\/soster\/laakelaskut\/wp-json\/wp\/v2\/comments?post=162"}],"version-history":[{"count":7,"href":"https:\/\/www.verkkovaria.fi\/soster\/laakelaskut\/wp-json\/wp\/v2\/pages\/162\/revisions"}],"predecessor-version":[{"id":355,"href":"https:\/\/www.verkkovaria.fi\/soster\/laakelaskut\/wp-json\/wp\/v2\/pages\/162\/revisions\/355"}],"up":[{"embeddable":true,"href":"https:\/\/www.verkkovaria.fi\/soster\/laakelaskut\/wp-json\/wp\/v2\/pages\/155"}],"wp:attachment":[{"href":"https:\/\/www.verkkovaria.fi\/soster\/laakelaskut\/wp-json\/wp\/v2\/media?parent=162"}],"curies":[{"name":"wp","href":"https:\/\/api.w.org\/{rel}","templated":true}]}}