{"id":217,"date":"2016-02-11T10:54:53","date_gmt":"2016-02-11T08:54:53","guid":{"rendered":"http:\/\/www.verkkovaria.fi\/soster\/laakelaskut\/?page_id=217"},"modified":"2016-06-21T17:51:29","modified_gmt":"2016-06-21T14:51:29","slug":"ohjeet-verkko-opetukseen","status":"publish","type":"page","link":"https:\/\/www.verkkovaria.fi\/soster\/laakelaskut\/ohjeet-verkko-opetukseen\/","title":{"rendered":"Ohjeet verkko-opetukseen"},"content":{"rendered":"<p>Verkkototeutuksen aikana opiskelijat opiskelevat\u00a0melko itsen\u00e4isesti l\u00e4\u00e4kelaskuja. Opinnot on suunniteltu niin, ett\u00e4 tapaatte yhdess\u00e4 kerran. Tapaamisessa kerrotaan miten opinnot toteutetaan ja annetaan\u00a0ohjausta verkkoalustan k\u00e4ytt\u00f6\u00f6n ja teht\u00e4vien ratkaisemiseen. Jaa opiskelijat ryhmiin, joissa he sitten tekev\u00e4t yhdess\u00e4 oman l\u00e4\u00e4kelaskuteht\u00e4v\u00e4n. Pyyd\u00e4 opiskelijoita vaihtamaan yhteystietojaan, jotta pystyv\u00e4t sopimaan yhteist\u00e4 aikaa teht\u00e4vien tekemiseen.<\/p>\n<p>Opiskelijoille luodaan haluamallesi oppimisymp\u00e4rist\u00f6lle\u00a0oma tila. Opiskelun aikana opiskelijat ottavat puhelimellaan kuvia teht\u00e4vist\u00e4\u00e4n ja l\u00e4hett\u00e4v\u00e4t niit\u00e4 valittuun oppimisymp\u00e4rist\u00f6\u00f6n. Siell\u00e4 muut opiskelijat ja opettaja auttavat ja neuvovat teht\u00e4v\u00e4n tekemisess\u00e4.\u00a0Muistuta, ett\u00e4 torstai-iltap\u00e4ivisin klo 14 on matematiikan tukiopetusaika, jolloin voivat tulla pyyt\u00e4m\u00e4\u00e4n apua laskuihin.<\/p>\n<p>Opiskelijat tekev\u00e4t kokeen yleisess\u00e4 uusintakokeessa, johon opiskelija ilmoittautuu itsen\u00e4isesti. Sovi opiskelijoiden kanssa v\u00e4lietappeja ja kysele edistymist\u00e4, jottei opiskelija unohda teht\u00e4vien tekemist\u00e4.<\/p>\n<p>Kokeen lis\u00e4ksi opiskelijat\u00a0kehitt\u00e4v\u00e4t ryhm\u00e4ty\u00f6n\u00e4 uuden l\u00e4\u00e4kelaskuteht\u00e4v\u00e4n ja arvoivat muiden tekemi\u00e4 l\u00e4\u00e4kelaskuteht\u00e4vi\u00e4. Hyv\u00e4 periaate on, ett\u00e4 pit\u00e4\u00e4 kommentoida v\u00e4hint\u00e4\u00e4n kahden muun ryhm\u00e4n teht\u00e4vi\u00e4. N\u00e4in kommentteja tulee toivon mukaan kaikille teht\u00e4ville.<\/p>\n","protected":false},"excerpt":{"rendered":"<p>Verkkototeutuksen aikana opiskelijat opiskelevat\u00a0melko itsen\u00e4isesti l\u00e4\u00e4kelaskuja. Opinnot on suunniteltu niin, ett\u00e4 tapaatte yhdess\u00e4 kerran. Tapaamisessa kerrotaan miten opinnot toteutetaan ja annetaan\u00a0ohjausta verkkoalustan k\u00e4ytt\u00f6\u00f6n ja teht\u00e4vien ratkaisemiseen. Jaa opiskelijat ryhmiin, joissa he sitten tekev\u00e4t yhdess\u00e4 oman l\u00e4\u00e4kelaskuteht\u00e4v\u00e4n. Pyyd\u00e4 opiskelijoita vaihtamaan yhteystietojaan, jotta pystyv\u00e4t sopimaan yhteist\u00e4 aikaa teht\u00e4vien tekemiseen. Opiskelijoille luodaan haluamallesi oppimisymp\u00e4rist\u00f6lle\u00a0oma tila. Opiskelun aikana opiskelijat &hellip; <a href=\"https:\/\/www.verkkovaria.fi\/soster\/laakelaskut\/ohjeet-verkko-opetukseen\/\">Continued<\/a><\/p>\n","protected":false},"author":1,"featured_media":0,"parent":0,"menu_order":0,"comment_status":"closed","ping_status":"closed","template":"","meta":{"footnotes":"","_links_to":"","_links_to_target":""},"class_list":["post-217","page","type-page","status-publish","hentry"],"_links":{"self":[{"href":"https:\/\/www.verkkovaria.fi\/soster\/laakelaskut\/wp-json\/wp\/v2\/pages\/217","targetHints":{"allow":["GET"]}}],"collection":[{"href":"https:\/\/www.verkkovaria.fi\/soster\/laakelaskut\/wp-json\/wp\/v2\/pages"}],"about":[{"href":"https:\/\/www.verkkovaria.fi\/soster\/laakelaskut\/wp-json\/wp\/v2\/types\/page"}],"author":[{"embeddable":true,"href":"https:\/\/www.verkkovaria.fi\/soster\/laakelaskut\/wp-json\/wp\/v2\/users\/1"}],"replies":[{"embeddable":true,"href":"https:\/\/www.verkkovaria.fi\/soster\/laakelaskut\/wp-json\/wp\/v2\/comments?post=217"}],"version-history":[{"count":7,"href":"https:\/\/www.verkkovaria.fi\/soster\/laakelaskut\/wp-json\/wp\/v2\/pages\/217\/revisions"}],"predecessor-version":[{"id":372,"href":"https:\/\/www.verkkovaria.fi\/soster\/laakelaskut\/wp-json\/wp\/v2\/pages\/217\/revisions\/372"}],"wp:attachment":[{"href":"https:\/\/www.verkkovaria.fi\/soster\/laakelaskut\/wp-json\/wp\/v2\/media?parent=217"}],"curies":[{"name":"wp","href":"https:\/\/api.w.org\/{rel}","templated":true}]}}