{"id":291,"date":"2016-03-14T14:37:33","date_gmt":"2016-03-14T12:37:33","guid":{"rendered":"http:\/\/www.verkkovaria.fi\/soster\/laakelaskut\/?page_id=291"},"modified":"2016-03-31T12:29:41","modified_gmt":"2016-03-31T09:29:41","slug":"osio-5-laakelaskutehtavan-tekeminen","status":"publish","type":"page","link":"https:\/\/www.verkkovaria.fi\/soster\/laakelaskut\/opiskelijalle\/tehtavat\/osio-5-laakelaskutehtavan-tekeminen\/","title":{"rendered":"Osio 5 &#8211; l\u00e4\u00e4kelaskuteht\u00e4v\u00e4n tekeminen"},"content":{"rendered":"<p>Teht\u00e4v\u00e4si on ryhm\u00e4n kanssa laatia oma l\u00e4\u00e4kelaskuteht\u00e4v\u00e4. Teht\u00e4v\u00e4n pit\u00e4\u00e4 olla todenmukainen. Jos teht\u00e4v\u00e4n mukainen annostus vaarantaisi potilaan terveytt\u00e4, on teht\u00e4v\u00e4 uusittava.<\/p>\n<p>Etsik\u00e4\u00e4 Pharmaca Fennican (l\u00f6ytyy kirjastosta) tai Internetist\u00e4 (esim. l\u00e4\u00e4keinfo.fi) tietoa l\u00e4\u00e4kkeist\u00e4. Valitkaa niist\u00e4 yksi. Lukekaa annostusohjeita, jotta saatte j\u00e4rkev\u00e4n m\u00e4\u00e4r\u00e4n. Tarkistakaa my\u00f6s vasta-aiheita, varoituksia, ym. jottei teht\u00e4v\u00e4n tekstiss\u00e4 ole virheellist\u00e4 teksti\u00e4. Esim. annatte imett\u00e4v\u00e4lle \u00e4idille l\u00e4\u00e4kett\u00e4, josta voi olla haittaa lapselle.<\/p>\n<p>Kun teht\u00e4v\u00e4 on valmis julkaisette sen oppimisymp\u00e4rist\u00f6\u00f6n. Opettaja ja muut opiskelijat kommentoivat teht\u00e4v\u00e4\u00e4nne. Muistakaa k\u00e4yd\u00e4 itse kommentoimassa muiden teht\u00e4vi\u00e4. Tarvittaessa muokkaatte teht\u00e4v\u00e4\u00e4 kunnes se on hyv\u00e4ksytty.<\/p>\n","protected":false},"excerpt":{"rendered":"<p>Teht\u00e4v\u00e4si on ryhm\u00e4n kanssa laatia oma l\u00e4\u00e4kelaskuteht\u00e4v\u00e4. Teht\u00e4v\u00e4n pit\u00e4\u00e4 olla todenmukainen. Jos teht\u00e4v\u00e4n mukainen annostus vaarantaisi potilaan terveytt\u00e4, on teht\u00e4v\u00e4 uusittava. Etsik\u00e4\u00e4 Pharmaca Fennican (l\u00f6ytyy kirjastosta) tai Internetist\u00e4 (esim. l\u00e4\u00e4keinfo.fi) tietoa l\u00e4\u00e4kkeist\u00e4. Valitkaa niist\u00e4 yksi. Lukekaa annostusohjeita, jotta saatte j\u00e4rkev\u00e4n m\u00e4\u00e4r\u00e4n. Tarkistakaa my\u00f6s vasta-aiheita, varoituksia, ym. jottei teht\u00e4v\u00e4n tekstiss\u00e4 ole virheellist\u00e4 teksti\u00e4. Esim. annatte imett\u00e4v\u00e4lle &hellip; <a href=\"https:\/\/www.verkkovaria.fi\/soster\/laakelaskut\/opiskelijalle\/tehtavat\/osio-5-laakelaskutehtavan-tekeminen\/\">Continued<\/a><\/p>\n","protected":false},"author":2,"featured_media":0,"parent":155,"menu_order":0,"comment_status":"closed","ping_status":"closed","template":"","meta":{"footnotes":"","_links_to":"","_links_to_target":""},"class_list":["post-291","page","type-page","status-publish","hentry"],"_links":{"self":[{"href":"https:\/\/www.verkkovaria.fi\/soster\/laakelaskut\/wp-json\/wp\/v2\/pages\/291","targetHints":{"allow":["GET"]}}],"collection":[{"href":"https:\/\/www.verkkovaria.fi\/soster\/laakelaskut\/wp-json\/wp\/v2\/pages"}],"about":[{"href":"https:\/\/www.verkkovaria.fi\/soster\/laakelaskut\/wp-json\/wp\/v2\/types\/page"}],"author":[{"embeddable":true,"href":"https:\/\/www.verkkovaria.fi\/soster\/laakelaskut\/wp-json\/wp\/v2\/users\/2"}],"replies":[{"embeddable":true,"href":"https:\/\/www.verkkovaria.fi\/soster\/laakelaskut\/wp-json\/wp\/v2\/comments?post=291"}],"version-history":[{"count":5,"href":"https:\/\/www.verkkovaria.fi\/soster\/laakelaskut\/wp-json\/wp\/v2\/pages\/291\/revisions"}],"predecessor-version":[{"id":362,"href":"https:\/\/www.verkkovaria.fi\/soster\/laakelaskut\/wp-json\/wp\/v2\/pages\/291\/revisions\/362"}],"up":[{"embeddable":true,"href":"https:\/\/www.verkkovaria.fi\/soster\/laakelaskut\/wp-json\/wp\/v2\/pages\/155"}],"wp:attachment":[{"href":"https:\/\/www.verkkovaria.fi\/soster\/laakelaskut\/wp-json\/wp\/v2\/media?parent=291"}],"curies":[{"name":"wp","href":"https:\/\/api.w.org\/{rel}","templated":true}]}}