{"id":152,"date":"2016-05-17T13:17:18","date_gmt":"2016-05-17T10:17:18","guid":{"rendered":"http:\/\/www.verkkovaria.fi\/soster\/osaamisalojenvalinnaiset\/vanhustenkotihoito\/?page_id=152"},"modified":"2016-05-17T13:21:26","modified_gmt":"2016-05-17T10:21:26","slug":"arviointiohjeet","status":"publish","type":"page","link":"https:\/\/www.verkkovaria.fi\/soster\/osaamisalojenvalinnaiset\/vanhustenkotihoito\/arviointiohjeet\/","title":{"rendered":"Arviointiohjeet"},"content":{"rendered":"<p>Vantaan ammattiopisto Varian arviointiohjeet l\u00f6ytyv\u00e4t Fronterista:<br \/>\nHenkil\u00f6st\u00f6huone &gt; OPSIT 2015 &gt; Opetussuunnitelman yhteinen osa<br \/>\nHenkil\u00f6st\u00f6huone &gt; LV 2016-2017 &gt; Arviointiohjeet<\/p>\n<p>Arviointi perustuu:<br \/>\n\u2022 s\u00e4\u00e4d\u00f6ksiin<br \/>\n\u2022 perustutkinnon perusteiden ammattitaitovaatimuksiin\/osaamistavoitteisiin sek\u00e4 arvioinnin kohteisiin ja kriteereihin<\/p>\n<p>Laadukas arviointi on:<br \/>\n\u2022 luotettavaa, oikeudenmukaista, tasavertaista, monipuolista<br \/>\n\u2022 kannustavaa, motivoivaa, ammatillista kasvua ja itsearviointia tukevaa<br \/>\n\u2022 ty\u00f6el\u00e4m\u00e4l\u00e4ht\u00f6ist\u00e4<br \/>\n\u2022 koulutettujen ja perehdytettyjen arvioijien tekem\u00e4\u00e4<br \/>\n\u2022 kokonaisvaltaista, suunniteltua ja oikea-aikaista<br \/>\n\u2022 dokumentoitua<\/p>\n<p>Opiskelijan oppimisen ja osaamisen arvioinnin periaatteet:<br \/>\n\u2022 arvioinnilla ohjataan ja kannustetaan opiskelua, kehitet\u00e4\u00e4n opiskelijan edellytyksi\u00e4 itsearviointiin, annetaan tietoa opiskelijan osaamisesta, varmistetaan tutkinnon perusteiden ammattitaitovaatimusten saavuttaminen<br \/>\n\u2022 oppimista on arvioitava monipuolisesti ja riitt\u00e4v\u00e4n usein<br \/>\n\u2022 opiskelijan on tiedett\u00e4v\u00e4 arvioinnin periaatteet: arviointikriteereihin on perehdytt\u00e4v\u00e4 tutkinnon osan opiskelun alkaessa<br \/>\n\u2022 koulutuksenj\u00e4rjest\u00e4j\u00e4n on arvioitava n\u00e4ytt\u00f6paikkojen soveltuvuus<\/p>\n<p>Osaamisen tunnistaminen ja tunnustaminen:<br \/>\n\u2022 opiskelijalla on oikeus saada aikaisemmin hankittua osaamista tunnistettua ja tunnustettua, tunnustaminen voi kattaa kokonaisen tutkinnon osan tai osia siit\u00e4<br \/>\n\u2022 opiskelijan on haettava tunnustamista ja esitett\u00e4v\u00e4 selvitys, tunnustamisesta p\u00e4\u00e4tt\u00e4v\u00e4t ko. tutkinnon osien opettajat<br \/>\ntunnustamisella ei ole yl\u00e4rajaa<br \/>\n\u2022 aikaisemmin hankittua osaamista verrataan tutkinnon perusteissa m\u00e4\u00e4riteltyihin ammattitaitovaatimuksiin<br \/>\n\u2022 tunnustamisessa selvitet\u00e4\u00e4n, millaista osaamista opiskelijalla on opiskelun aloitusvaiheessa, ennen uuden tutkinnon osan opiskelua ja mit\u00e4 osaamista kertyy opiskelun aikana muualta<br \/>\n\u2022 selvityksen perusteella osaamista tunnustetaan, lis\u00e4ksi tietoa voidaan hy\u00f6dynt\u00e4\u00e4 opetuksen ja tukitoimien suunnittelussa<br \/>\n\u2022 osaamisen tunnustaminen on osa opiskelijan arviointia ja sit\u00e4 koskevat samat s\u00e4\u00e4d\u00f6kset kuin muutakin arviointia<\/p>\n","protected":false},"excerpt":{"rendered":"<p>Vantaan ammattiopisto Varian arviointiohjeet l\u00f6ytyv\u00e4t Fronterista: Henkil\u00f6st\u00f6huone &gt; OPSIT 2015 &gt; Opetussuunnitelman yhteinen osa Henkil\u00f6st\u00f6huone &gt; LV 2016-2017 &gt; Arviointiohjeet Arviointi perustuu: \u2022 s\u00e4\u00e4d\u00f6ksiin \u2022 perustutkinnon perusteiden ammattitaitovaatimuksiin\/osaamistavoitteisiin sek\u00e4 arvioinnin kohteisiin ja kriteereihin Laadukas arviointi on: \u2022 luotettavaa, oikeudenmukaista, tasavertaista, monipuolista \u2022 kannustavaa, motivoivaa, ammatillista kasvua ja itsearviointia tukevaa \u2022 ty\u00f6el\u00e4m\u00e4l\u00e4ht\u00f6ist\u00e4 \u2022 koulutettujen ja perehdytettyjen &hellip; <a href=\"https:\/\/www.verkkovaria.fi\/soster\/osaamisalojenvalinnaiset\/vanhustenkotihoito\/arviointiohjeet\/\">Continued<\/a><\/p>\n","protected":false},"author":2,"featured_media":0,"parent":0,"menu_order":0,"comment_status":"closed","ping_status":"closed","template":"","meta":{"footnotes":"","_links_to":"","_links_to_target":""},"class_list":["post-152","page","type-page","status-publish","hentry"],"_links":{"self":[{"href":"https:\/\/www.verkkovaria.fi\/soster\/osaamisalojenvalinnaiset\/vanhustenkotihoito\/wp-json\/wp\/v2\/pages\/152","targetHints":{"allow":["GET"]}}],"collection":[{"href":"https:\/\/www.verkkovaria.fi\/soster\/osaamisalojenvalinnaiset\/vanhustenkotihoito\/wp-json\/wp\/v2\/pages"}],"about":[{"href":"https:\/\/www.verkkovaria.fi\/soster\/osaamisalojenvalinnaiset\/vanhustenkotihoito\/wp-json\/wp\/v2\/types\/page"}],"author":[{"embeddable":true,"href":"https:\/\/www.verkkovaria.fi\/soster\/osaamisalojenvalinnaiset\/vanhustenkotihoito\/wp-json\/wp\/v2\/users\/2"}],"replies":[{"embeddable":true,"href":"https:\/\/www.verkkovaria.fi\/soster\/osaamisalojenvalinnaiset\/vanhustenkotihoito\/wp-json\/wp\/v2\/comments?post=152"}],"version-history":[{"count":3,"href":"https:\/\/www.verkkovaria.fi\/soster\/osaamisalojenvalinnaiset\/vanhustenkotihoito\/wp-json\/wp\/v2\/pages\/152\/revisions"}],"predecessor-version":[{"id":156,"href":"https:\/\/www.verkkovaria.fi\/soster\/osaamisalojenvalinnaiset\/vanhustenkotihoito\/wp-json\/wp\/v2\/pages\/152\/revisions\/156"}],"wp:attachment":[{"href":"https:\/\/www.verkkovaria.fi\/soster\/osaamisalojenvalinnaiset\/vanhustenkotihoito\/wp-json\/wp\/v2\/media?parent=152"}],"curies":[{"name":"wp","href":"https:\/\/api.w.org\/{rel}","templated":true}]}}