{"id":165,"date":"2016-06-09T10:55:12","date_gmt":"2016-06-09T07:55:12","guid":{"rendered":"http:\/\/www.verkkovaria.fi\/soster\/osaamisalojenvalinnaiset\/vanhustenkotihoito\/?page_id=165"},"modified":"2017-05-23T12:51:20","modified_gmt":"2017-05-23T09:51:20","slug":"11-laakehoito-kotihoidossa","status":"publish","type":"page","link":"https:\/\/www.verkkovaria.fi\/soster\/osaamisalojenvalinnaiset\/vanhustenkotihoito\/opiskelijalle\/11-laakehoito-kotihoidossa\/","title":{"rendered":"11. L\u00e4\u00e4kehoito kotihoidossa"},"content":{"rendered":"<p>VANHUSTEN KOTIHOITO JA HUOLENPITO<br \/>\nL\u00c4\u00c4KEHOITO KOTIHOIDOSSA<\/p>\n<p>Selvit\u00e4 jokaisen alla olevan casen kohdalta seuraavat asiat. Etsi tietoa esim. seuraavilta internetsivuilta: www.terveysportti.fi ja www.laakeinfo.fi<\/p>\n<ol>\n<li style=\"padding-left: 30px\">Vaikuttava aine<\/li>\n<li style=\"padding-left: 30px\">Mihin l\u00e4\u00e4keaineryhm\u00e4\u00e4n ko. l\u00e4\u00e4keaine kuuluu<\/li>\n<li style=\"padding-left: 30px\">Mihin k\u00e4ytt\u00f6tarkoitukseen l\u00e4\u00e4ke on m\u00e4\u00e4r\u00e4tty<\/li>\n<li style=\"padding-left: 30px\">L\u00e4\u00e4kkeen mahdolliset haitta-ja sivuvaikutukset<\/li>\n<li style=\"padding-left: 30px\">Tarkista l\u00e4\u00e4kkeiden yhteensopivuus ja haittakuorma jokaisen casen kohdalta (terveysportti.fi &#8211; l\u00e4\u00e4keinteraktiot ja haitat)<\/li>\n<li style=\"padding-left: 30px\">Selvit\u00e4 my\u00f6s mihin vuorokauden aikaan kyseinen l\u00e4\u00e4ke tulisi antaa.<\/li>\n<li style=\"padding-left: 30px\">Selvit\u00e4 l\u00e4\u00e4kelistojen perusteella mit\u00e4 kyseiset henkil\u00f6t sairastavat.<\/li>\n<li style=\"padding-left: 30px\">L\u00e4\u00e4kkeen sopivuus ik\u00e4\u00e4ntyneelle FIMEAn L\u00e4\u00e4ke 75+ -tietokannasta. Merkitse l\u00e4\u00e4ke tietokannan ilmoittamalla v\u00e4rill\u00e4.<\/li>\n<\/ol>\n<p>HUOM! Lue jokaisesta l\u00e4\u00e4kkeest\u00e4 seuraavat asiat: s\u00e4ilytys, h\u00e4vitys, k\u00e4sittely, seuranta, raportointi- ja kirjaaminen. Kirjoita vastaukseesi normaalista poikkeavat tiedot.<\/p>\n<p>Etsi tietoa esim. seuraavilta internetsivuilta: www.terveysportti.fi ja www.laakeinfo.fi<br \/>\n<strong>1. case<\/strong><br \/>\n\u2022 Donepezil\u00a0Orion 10mg, 1&#215;1<br \/>\n\u2022 Ebixa 10mg, 1&#215;1<br \/>\n\u2022 Marevan, listan mukaan<\/p>\n<p><strong>2. case<\/strong><br \/>\n\u2022 Para-Tabs Orion 1g, 1&#215;3<br \/>\n\u2022 Citalopram Orion 10mg, 1tabletti<br \/>\n\u2022 Trexan 2,5mg, 1 tabletti kerran viikossa<\/p>\n<p><strong>3. case<\/strong><br \/>\n\u2022 Kalcipos D 500mg\/400 IE, 1&#215;2<br \/>\n\u2022 Bonviva 150mg, 1 tabletti kerran\u00a0kuukaudessa<br \/>\n\u2022 Metforem 500mg, 1&#215;2<br \/>\n\u2022 Tarv. Novorapid injektioneste liuos 100 U\/ml, 2 yksikk\u00f6\u00e4 jos verensokeri on yli 15mmol\/l<\/p>\n","protected":false},"excerpt":{"rendered":"<p>VANHUSTEN KOTIHOITO JA HUOLENPITO L\u00c4\u00c4KEHOITO KOTIHOIDOSSA Selvit\u00e4 jokaisen alla olevan casen kohdalta seuraavat asiat. Etsi tietoa esim. seuraavilta internetsivuilta: www.terveysportti.fi ja www.laakeinfo.fi Vaikuttava aine Mihin l\u00e4\u00e4keaineryhm\u00e4\u00e4n ko. l\u00e4\u00e4keaine kuuluu Mihin k\u00e4ytt\u00f6tarkoitukseen l\u00e4\u00e4ke on m\u00e4\u00e4r\u00e4tty L\u00e4\u00e4kkeen mahdolliset haitta-ja sivuvaikutukset Tarkista l\u00e4\u00e4kkeiden yhteensopivuus ja haittakuorma jokaisen casen kohdalta (terveysportti.fi &#8211; l\u00e4\u00e4keinteraktiot ja haitat) Selvit\u00e4 my\u00f6s mihin vuorokauden &hellip; <a href=\"https:\/\/www.verkkovaria.fi\/soster\/osaamisalojenvalinnaiset\/vanhustenkotihoito\/opiskelijalle\/11-laakehoito-kotihoidossa\/\">Continued<\/a><\/p>\n","protected":false},"author":2,"featured_media":0,"parent":12,"menu_order":0,"comment_status":"closed","ping_status":"closed","template":"","meta":{"footnotes":"","_links_to":"","_links_to_target":""},"class_list":["post-165","page","type-page","status-publish","hentry"],"_links":{"self":[{"href":"https:\/\/www.verkkovaria.fi\/soster\/osaamisalojenvalinnaiset\/vanhustenkotihoito\/wp-json\/wp\/v2\/pages\/165","targetHints":{"allow":["GET"]}}],"collection":[{"href":"https:\/\/www.verkkovaria.fi\/soster\/osaamisalojenvalinnaiset\/vanhustenkotihoito\/wp-json\/wp\/v2\/pages"}],"about":[{"href":"https:\/\/www.verkkovaria.fi\/soster\/osaamisalojenvalinnaiset\/vanhustenkotihoito\/wp-json\/wp\/v2\/types\/page"}],"author":[{"embeddable":true,"href":"https:\/\/www.verkkovaria.fi\/soster\/osaamisalojenvalinnaiset\/vanhustenkotihoito\/wp-json\/wp\/v2\/users\/2"}],"replies":[{"embeddable":true,"href":"https:\/\/www.verkkovaria.fi\/soster\/osaamisalojenvalinnaiset\/vanhustenkotihoito\/wp-json\/wp\/v2\/comments?post=165"}],"version-history":[{"count":11,"href":"https:\/\/www.verkkovaria.fi\/soster\/osaamisalojenvalinnaiset\/vanhustenkotihoito\/wp-json\/wp\/v2\/pages\/165\/revisions"}],"predecessor-version":[{"id":311,"href":"https:\/\/www.verkkovaria.fi\/soster\/osaamisalojenvalinnaiset\/vanhustenkotihoito\/wp-json\/wp\/v2\/pages\/165\/revisions\/311"}],"up":[{"embeddable":true,"href":"https:\/\/www.verkkovaria.fi\/soster\/osaamisalojenvalinnaiset\/vanhustenkotihoito\/wp-json\/wp\/v2\/pages\/12"}],"wp:attachment":[{"href":"https:\/\/www.verkkovaria.fi\/soster\/osaamisalojenvalinnaiset\/vanhustenkotihoito\/wp-json\/wp\/v2\/media?parent=165"}],"curies":[{"name":"wp","href":"https:\/\/api.w.org\/{rel}","templated":true}]}}