{"id":19,"date":"2016-04-27T11:01:52","date_gmt":"2016-04-27T08:01:52","guid":{"rendered":"http:\/\/www.verkkovaria.fi\/soster\/osaamisalojenvalinnaiset\/vanhustenkotihoito\/?page_id=19"},"modified":"2016-11-09T11:52:54","modified_gmt":"2016-11-09T09:52:54","slug":"arviointi","status":"publish","type":"page","link":"https:\/\/www.verkkovaria.fi\/soster\/osaamisalojenvalinnaiset\/vanhustenkotihoito\/arviointi\/","title":{"rendered":"Arviointi"},"content":{"rendered":"<p>Vanhusten kotihoito ja huolenpito -tutkinnon osan keskeisimpin\u00e4 tavoitteina on oppia<\/p>\n<ul>\n<li>suunnittelemaan, toteuttamaan ja arvioimaan kotona asuvan asiakkaan hoitoa ja palvelua ottaen huomioon asiakkaan voimavarat ja osallisuuden<\/li>\n<li>havainnoimaan kotona asuvan asiakkaan fyysisen, psyykkisen ja sosiaalisen toimintakyvyn muutoksia ja ehk\u00e4isem\u00e4\u00e4n niit\u00e4 heikent\u00e4vi\u00e4 tekij\u00f6it\u00e4<\/li>\n<li>ohjaamaan ja tukemaan kotona asuvaa asiakasta ja h\u00e4nen l\u00e4heisi\u00e4\u00e4n erilaisten etuuksien ja palvelujen hakemisessa ja k\u00e4yt\u00f6ss\u00e4<\/li>\n<li>ohjaamaan ja tukemaan kotona asuvaa asiakasta hoitopolun eri vaiheissa ja toteuttamaan kotona asuvan asiakkaan l\u00e4\u00e4kehoitoa.<\/li>\n<\/ul>\n<p>K\u00e4y tutustumassa Sosiaali- ja terveysalan perustutkinnon <a href=\"http:\/\/K\u00e4y tutustumassa Sosiaali- ja terveysalan perustutkinnon Vanhusten kotihoidon ja huolenpidon tutkinnonosaan ja sen ammattitaitovaatimuksiin.\">Vanhusten kotihoito ja huolenpito -tutkinnon osaan <\/a>ja sen ammattitaitovaatimuksiin.<\/p>\n<p>Vanhusten kotihoito ja huolenpito (15 osp) on osaamisalaopintoihin kuuluva valinnainen tutkinnon osa. Edelt\u00e4vin\u00e4 opintoina on oltava v\u00e4hint\u00e4\u00e4n suoritettuna Hoito ja huolenpito -tutkinnon osa.<\/p>\n<p>Vanhusten kotihoito ja huolenpito -verkkototeutus sis\u00e4lt\u00e4\u00e4 t\u00e4m\u00e4n tutkinnon osan tietosis\u00e4ll\u00f6n kokonaisuudessaan. Lis\u00e4ksi tutkinnonosaan sis\u00e4ltyy opiskelua ty\u00f6ss\u00e4oppien kotihoidossa tai palvelutalossa.<\/p>\n<p>Kun koko sis\u00e4lt\u00f6, Vanhusten kotihoito ja huolenpito -verkkototeutus, on opiskeltu ja l\u00e4\u00e4kehoito, l\u00e4\u00e4kelaskut ja hoitosuunnitelma-aineistokoe on suoritettu hyv\u00e4ksytysti sek\u00e4 ty\u00f6ss\u00e4oppimisessa on osoitettu riitt\u00e4v\u00e4 osaaminen, kirjataan n\u00e4m\u00e4 kokonaisuudet suoritusmerkinn\u00e4ll\u00e4 S.<\/p>\n<p>Opintokortissa suoritukset n\u00e4kyv\u00e4t nimikkeill\u00e4 L\u00e4\u00e4kehoito kotihoidossa, Voimavaral\u00e4ht\u00f6inen ja kuntouttava kotihoito sek\u00e4 Asiakkaana kotihoidossa.<\/p>\n","protected":false},"excerpt":{"rendered":"<p>Vanhusten kotihoito ja huolenpito -tutkinnon osan keskeisimpin\u00e4 tavoitteina on oppia suunnittelemaan, toteuttamaan ja arvioimaan kotona asuvan asiakkaan hoitoa ja palvelua ottaen huomioon asiakkaan voimavarat ja osallisuuden havainnoimaan kotona asuvan asiakkaan fyysisen, psyykkisen ja sosiaalisen toimintakyvyn muutoksia ja ehk\u00e4isem\u00e4\u00e4n niit\u00e4 heikent\u00e4vi\u00e4 tekij\u00f6it\u00e4 ohjaamaan ja tukemaan kotona asuvaa asiakasta ja h\u00e4nen l\u00e4heisi\u00e4\u00e4n erilaisten etuuksien ja palvelujen hakemisessa &hellip; <a href=\"https:\/\/www.verkkovaria.fi\/soster\/osaamisalojenvalinnaiset\/vanhustenkotihoito\/arviointi\/\">Continued<\/a><\/p>\n","protected":false},"author":2,"featured_media":0,"parent":0,"menu_order":0,"comment_status":"closed","ping_status":"closed","template":"","meta":{"footnotes":"","_links_to":"","_links_to_target":""},"class_list":["post-19","page","type-page","status-publish","hentry"],"_links":{"self":[{"href":"https:\/\/www.verkkovaria.fi\/soster\/osaamisalojenvalinnaiset\/vanhustenkotihoito\/wp-json\/wp\/v2\/pages\/19","targetHints":{"allow":["GET"]}}],"collection":[{"href":"https:\/\/www.verkkovaria.fi\/soster\/osaamisalojenvalinnaiset\/vanhustenkotihoito\/wp-json\/wp\/v2\/pages"}],"about":[{"href":"https:\/\/www.verkkovaria.fi\/soster\/osaamisalojenvalinnaiset\/vanhustenkotihoito\/wp-json\/wp\/v2\/types\/page"}],"author":[{"embeddable":true,"href":"https:\/\/www.verkkovaria.fi\/soster\/osaamisalojenvalinnaiset\/vanhustenkotihoito\/wp-json\/wp\/v2\/users\/2"}],"replies":[{"embeddable":true,"href":"https:\/\/www.verkkovaria.fi\/soster\/osaamisalojenvalinnaiset\/vanhustenkotihoito\/wp-json\/wp\/v2\/comments?post=19"}],"version-history":[{"count":16,"href":"https:\/\/www.verkkovaria.fi\/soster\/osaamisalojenvalinnaiset\/vanhustenkotihoito\/wp-json\/wp\/v2\/pages\/19\/revisions"}],"predecessor-version":[{"id":200,"href":"https:\/\/www.verkkovaria.fi\/soster\/osaamisalojenvalinnaiset\/vanhustenkotihoito\/wp-json\/wp\/v2\/pages\/19\/revisions\/200"}],"wp:attachment":[{"href":"https:\/\/www.verkkovaria.fi\/soster\/osaamisalojenvalinnaiset\/vanhustenkotihoito\/wp-json\/wp\/v2\/media?parent=19"}],"curies":[{"name":"wp","href":"https:\/\/api.w.org\/{rel}","templated":true}]}}